{"id":725932,"date":"2025-08-27T19:58:04","date_gmt":"2025-08-27T16:58:04","guid":{"rendered":"https:\/\/roveyayinevi.com.tr\/index.php\/urun\/8-sinif-lgs-din-kulturu-ve-ahlak-bilgisi-ozet-liselere-hazirlik\/"},"modified":"2026-04-16T02:33:40","modified_gmt":"2026-04-15T23:33:40","slug":"8-sinif-lgs-din-kulturu-ve-ahlak-bilgisi-ozet-liselere-hazirlik","status":"publish","type":"product","link":"https:\/\/roveyayinevi.com.tr\/index.php\/urun\/8-sinif-lgs-din-kulturu-ve-ahlak-bilgisi-ozet-liselere-hazirlik\/","title":{"rendered":"8.S\u0131n\u0131f LGS Din K\u00fclt\u00fcr\u00fc ve Ahlak Bilgisi \u00d6zet Liselere Haz\u0131rl\u0131k"},"content":{"rendered":"<p>Sizin i\u00e7in bu sene, okul hayat\u0131n\u0131z boyunca kar\u015f\u0131la\u015faca\u011f\u0131n\u0131z \u00f6nemli d\u00f6n\u00fcm noktalar\u0131ndan biri. Bu y\u0131l kat\u0131laca\u011f\u0131n\u0131z s\u0131navlar lise \u00f6\u011freniminiz, sonras\u0131nda da t\u00fcm ya\u015fam\u0131n\u0131z i\u00e7in belirleyici olacak. Size sunmu\u015f oldu\u011fumuz 8. s\u0131n\u0131f \u00f6zet kitaplar\u0131m\u0131z, soru bankalar\u0131m\u0131z, deneme ve yaz\u0131l\u0131 s\u0131navlar\u0131m\u0131zla hem bu yolda eksiklerinizi tamamlaman\u0131za hem de \u00e7oklu peki\u015ftirme metotlar\u0131m\u0131zla bu kritik s\u0131navlara stratejik olarak haz\u0131rlanman\u0131za yard\u0131mc\u0131 olaca\u011f\u0131z. \u00d6zet kitaplar\u0131m\u0131zda konular gereksiz ayr\u0131nt\u0131lardan ar\u0131nd\u0131r\u0131lm\u0131\u015f, p\u00fcf noktalar\u0131yla size sunulmu\u015ftur. Konuyu peki\u015ftirmeniz i\u00e7in konu sonlar\u0131nda etkinliklere ve ge\u00e7mi\u015f y\u0131llarda \u00e7\u0131km\u0131\u015f sorulara, \u00e7\u00f6z\u00fcmleriyle birlikte yer verilmi\u015ftir. S\u0131navda \u00e7\u0131kma ihtimali y\u00fcksek olan sorular konulmu\u015f, testler yeni s\u0131nav sistemine uygun bir \u015fekilde sorularla desteklenmi\u015ftir. Unutmamal\u0131s\u0131n\u0131z ki bu yolda kimse sizin i\u00e7in y\u00fcr\u00fcyemez, bizler ancak sizinle birlikte y\u00fcr\u00fcyebiliriz.<\/p>\n","protected":false},"excerpt":{"rendered":"<p>Sizin i\u00e7in bu sene, okul hayat\u0131n\u0131z boyunca kar\u015f\u0131la\u015faca\u011f\u0131n\u0131z \u00f6nemli d\u00f6n\u00fcm noktalar\u0131ndan biri. Bu y\u0131l kat\u0131laca\u011f\u0131n\u0131z s\u0131navlar lise \u00f6\u011freniminiz, sonras\u0131nda da t\u00fcm ya\u015fam\u0131n\u0131z i\u00e7in belirleyici olacak. Size<span class=\"excerpt-hellip\"> [\u2026]<\/span><\/p>\n","protected":false},"featured_media":0,"template":"","meta":{"_monsterinsights_skip_tracking":false,"_monsterinsights_sitenote_active":false,"_monsterinsights_sitenote_note":"","_monsterinsights_sitenote_category":0},"product_brand":[],"product_cat":[12566,71470,13473],"product_tag":[],"class_list":{"0":"post-725932","1":"product","2":"type-product","3":"status-publish","5":"product_cat-egitim","6":"product_cat-lgs-kitaplari","7":"product_cat-sinavlara-hazirlik-okula-yardimci-kaynaklar","8":"pa_cilt-ciltsiz","9":"pa_tur-kitap","10":"pa_yayinevi-pano-yayinevi","11":"pa_yazar-umit-kahya","13":"first","14":"instock","15":"sale","16":"shipping-taxable","17":"purchasable","18":"product-type-simple"},"_links":{"self":[{"href":"https:\/\/roveyayinevi.com.tr\/index.php\/wp-json\/wp\/v2\/product\/725932","targetHints":{"allow":["GET"]}}],"collection":[{"href":"https:\/\/roveyayinevi.com.tr\/index.php\/wp-json\/wp\/v2\/product"}],"about":[{"href":"https:\/\/roveyayinevi.com.tr\/index.php\/wp-json\/wp\/v2\/types\/product"}],"wp:attachment":[{"href":"https:\/\/roveyayinevi.com.tr\/index.php\/wp-json\/wp\/v2\/media?parent=725932"}],"wp:term":[{"taxonomy":"product_brand","embeddable":true,"href":"https:\/\/roveyayinevi.com.tr\/index.php\/wp-json\/wp\/v2\/product_brand?post=725932"},{"taxonomy":"product_cat","embeddable":true,"href":"https:\/\/roveyayinevi.com.tr\/index.php\/wp-json\/wp\/v2\/product_cat?post=725932"},{"taxonomy":"product_tag","embeddable":true,"href":"https:\/\/roveyayinevi.com.tr\/index.php\/wp-json\/wp\/v2\/product_tag?post=725932"}],"curies":[{"name":"wp","href":"https:\/\/api.w.org\/{rel}","templated":true}]}}