{"id":725930,"date":"2025-08-27T19:58:02","date_gmt":"2025-08-27T16:58:02","guid":{"rendered":"https:\/\/roveyayinevi.com.tr\/index.php\/urun\/kapisiz-kilitler\/"},"modified":"2026-04-16T02:33:40","modified_gmt":"2026-04-15T23:33:40","slug":"kapisiz-kilitler","status":"publish","type":"product","link":"https:\/\/roveyayinevi.com.tr\/index.php\/urun\/kapisiz-kilitler\/","title":{"rendered":"Kap\u0131s\u0131z Kilitler"},"content":{"rendered":"<p>&#8220;Elinizdeki kitap Mediha \u00dcnver&#8217;in ilk kitab\u0131. Oysa i\u00e7indekiler usta bir kalemden d\u00f6k\u00fclen, etkili bir anlat\u0131 diline sahip, derinlikli ve en ince ayr\u0131nt\u0131lar\u0131na kadar kurgulanm\u0131\u015f, i\u00e7inden ge\u00e7tikleri atmosferi \u00e7ok iyi yans\u0131tan \u00f6yk\u00fcler. Mediha&#8217;n\u0131n metaforlarla bezeli, duygu yo\u011fun, \u015fiirsel dili okuru i\u00e7ine al\u0131p pe\u015fi s\u0131ra s\u00fcr\u00fckl\u00fcyor. \u00d6yk\u00fcden \u00f6yk\u00fcye ge\u00e7meden bir s\u00fcre soluklan\u0131p a\u011fz\u0131m\u0131zdaki ac\u0131ms\u0131 ya da \u015fekerli tad\u0131n hafiflemesini bekliyoruz ister istemez.&#8221;    Leyla Serpil<\/p>\n","protected":false},"excerpt":{"rendered":"<p>&#8220;Elinizdeki kitap Mediha \u00dcnver&#8217;in ilk kitab\u0131. Oysa i\u00e7indekiler usta bir kalemden d\u00f6k\u00fclen, etkili bir anlat\u0131 diline sahip, derinlikli ve en ince ayr\u0131nt\u0131lar\u0131na kadar kurgulanm\u0131\u015f, i\u00e7inden ge\u00e7tikleri<span class=\"excerpt-hellip\"> [\u2026]<\/span><\/p>\n","protected":false},"featured_media":0,"template":"","meta":{"_monsterinsights_skip_tracking":false,"_monsterinsights_sitenote_active":false,"_monsterinsights_sitenote_note":"","_monsterinsights_sitenote_category":0},"product_brand":[],"product_cat":[12291,12711],"product_tag":[],"class_list":{"0":"post-725930","1":"product","2":"type-product","3":"status-publish","5":"product_cat-edebiyat","6":"product_cat-roman-oyku","7":"pa_cilt-ciltsiz","8":"pa_tur-kitap","9":"pa_yayinevi-bilgi-yayinevi","10":"pa_yazar-mediha-unver","12":"first","13":"instock","14":"sale","15":"shipping-taxable","16":"purchasable","17":"product-type-simple"},"_links":{"self":[{"href":"https:\/\/roveyayinevi.com.tr\/index.php\/wp-json\/wp\/v2\/product\/725930","targetHints":{"allow":["GET"]}}],"collection":[{"href":"https:\/\/roveyayinevi.com.tr\/index.php\/wp-json\/wp\/v2\/product"}],"about":[{"href":"https:\/\/roveyayinevi.com.tr\/index.php\/wp-json\/wp\/v2\/types\/product"}],"wp:attachment":[{"href":"https:\/\/roveyayinevi.com.tr\/index.php\/wp-json\/wp\/v2\/media?parent=725930"}],"wp:term":[{"taxonomy":"product_brand","embeddable":true,"href":"https:\/\/roveyayinevi.com.tr\/index.php\/wp-json\/wp\/v2\/product_brand?post=725930"},{"taxonomy":"product_cat","embeddable":true,"href":"https:\/\/roveyayinevi.com.tr\/index.php\/wp-json\/wp\/v2\/product_cat?post=725930"},{"taxonomy":"product_tag","embeddable":true,"href":"https:\/\/roveyayinevi.com.tr\/index.php\/wp-json\/wp\/v2\/product_tag?post=725930"}],"curies":[{"name":"wp","href":"https:\/\/api.w.org\/{rel}","templated":true}]}}