{"id":725927,"date":"2025-08-27T19:57:59","date_gmt":"2025-08-27T16:57:59","guid":{"rendered":"https:\/\/roveyayinevi.com.tr\/index.php\/urun\/mucize-sozcukler\/"},"modified":"2026-04-13T02:41:37","modified_gmt":"2026-04-12T23:41:37","slug":"mucize-sozcukler","status":"publish","type":"product","link":"https:\/\/roveyayinevi.com.tr\/index.php\/urun\/mucize-sozcukler\/","title":{"rendered":"Mucize S\u00f6zc\u00fckler"},"content":{"rendered":"<p>Bu Kitap Elinize Ula\u015ft\u0131ysa Ve Sayfalar\u0131na G\u00f6z Att\u0131ysan\u0131z Kitab\u0131 Okumaya Haz\u0131rs\u0131n\u0131z Demektir. Hi\u00e7bir Kar\u015f\u0131la\u015fman\u0131n Tesad\u00fcf Olmad\u0131\u011f\u0131 Bu Evrende, \u0130nsan Okuyarak Ve \u00d6\u011frenerek \u0130lerlemeye, Yenilenmeye, B\u00fcy\u00fcmeye Devam Edecektir. T\u00fcrk\u00e7emizin Frekans\u0131 Y\u00fcksek S\u00f6zc\u00fcklerini Bir Arada Bulacak Ve S\u00f6zc\u00fcklerin G\u00fcc\u00fcn\u00fc Tekrar G\u00f6receksiniz. \u015euras\u0131 Muhakkak Ki S\u00f6zc\u00fcklerinizin De\u011fi\u015fimi Hayat\u0131n\u0131z\u0131n De\u011fi\u015fimine Yol A\u00e7acakt\u0131r. Ki\u015fisel Geli\u015fim Sahas\u0131nda Yaz\u0131lan \u0130lk Kitap \u00d6zelli\u011fini De Binden Fazla Mucize S\u00f6zc\u00fc\u011f\u00fcn Tek Bir Kaynakta Bulunmu\u015f Olmas\u0131ndand\u0131r. Kitab\u0131n Sayfalar\u0131 Aras\u0131nda Mucizeler Dilinin \u0130ncelikleri \u00dczerine S\u0131rlar Verilmi\u015ftir. Bu S\u0131rlar\u0131n Baz\u0131lar\u0131 Gizli Baz\u0131lar\u0131 A\u00e7\u0131kt\u0131r.Y\u00fcksek Bilin\u00e7 Seviyesinde Ve Rezonans Alan\u0131 \u00c7ok G\u00fc\u00e7l\u00fc Olan Peygamberler, D\u00fc\u015f\u00fcn\u00fcrler, Sanat\u00e7\u0131lar, Liderler Bu Dili \u0130stemli Ya Da \u0130stemsiz Olarak En Etkili Bi\u00e7imde Kullanm\u0131\u015flard\u0131r. Bug\u00fcn bir\u00e7ok alanda bu dil farkl\u0131 farkl\u0131 niyetlerle olsa da kullan\u0131lmaktad\u0131r. \u00d6zellikle \u00e7ok sat\u0131lan kitaplara \u00e7ok izlenen filmlere biraz dikkat ederseniz bu dili g\u00f6re-bilirsiniz. Hem kendinize hem \u00e7evrenize sa\u011flayaca\u011f\u0131n\u0131z fark\u0131ndal\u0131k yolculu\u011fu kolayl\u0131kla ba\u015flas\u0131n. Bir s\u00f6zc\u00fckle bir insan bir kitapla t\u00fcm D\u00fcnya de\u011fi\u015fir.<\/p>\n","protected":false},"excerpt":{"rendered":"<p>Bu Kitap Elinize Ula\u015ft\u0131ysa Ve Sayfalar\u0131na G\u00f6z Att\u0131ysan\u0131z Kitab\u0131 Okumaya Haz\u0131rs\u0131n\u0131z Demektir. Hi\u00e7bir Kar\u015f\u0131la\u015fman\u0131n Tesad\u00fcf Olmad\u0131\u011f\u0131 Bu Evrende, \u0130nsan Okuyarak Ve \u00d6\u011frenerek \u0130lerlemeye, Yenilenmeye, B\u00fcy\u00fcmeye Devam<span class=\"excerpt-hellip\"> [\u2026]<\/span><\/p>\n","protected":false},"featured_media":0,"template":"","meta":{"_monsterinsights_skip_tracking":false,"_monsterinsights_sitenote_active":false,"_monsterinsights_sitenote_note":"","_monsterinsights_sitenote_category":0},"product_brand":[],"product_cat":[12364,12376],"product_tag":[],"class_list":{"0":"post-725927","1":"product","2":"type-product","3":"status-publish","5":"product_cat-genel-konular","6":"product_cat-kisisel-gelisim","7":"pa_cilt-ciltsiz","8":"pa_tur-kitap","9":"pa_yayinevi-us-yayinlari","10":"pa_yazar-sadettin-iker-comert","12":"first","13":"instock","14":"sale","15":"shipping-taxable","16":"purchasable","17":"product-type-simple"},"_links":{"self":[{"href":"https:\/\/roveyayinevi.com.tr\/index.php\/wp-json\/wp\/v2\/product\/725927","targetHints":{"allow":["GET"]}}],"collection":[{"href":"https:\/\/roveyayinevi.com.tr\/index.php\/wp-json\/wp\/v2\/product"}],"about":[{"href":"https:\/\/roveyayinevi.com.tr\/index.php\/wp-json\/wp\/v2\/types\/product"}],"wp:attachment":[{"href":"https:\/\/roveyayinevi.com.tr\/index.php\/wp-json\/wp\/v2\/media?parent=725927"}],"wp:term":[{"taxonomy":"product_brand","embeddable":true,"href":"https:\/\/roveyayinevi.com.tr\/index.php\/wp-json\/wp\/v2\/product_brand?post=725927"},{"taxonomy":"product_cat","embeddable":true,"href":"https:\/\/roveyayinevi.com.tr\/index.php\/wp-json\/wp\/v2\/product_cat?post=725927"},{"taxonomy":"product_tag","embeddable":true,"href":"https:\/\/roveyayinevi.com.tr\/index.php\/wp-json\/wp\/v2\/product_tag?post=725927"}],"curies":[{"name":"wp","href":"https:\/\/api.w.org\/{rel}","templated":true}]}}