{"id":725925,"date":"2025-08-27T19:57:58","date_gmt":"2025-08-27T16:57:58","guid":{"rendered":"https:\/\/roveyayinevi.com.tr\/index.php\/urun\/tyt-turkce-tarama-foyleri-6-fasikul\/"},"modified":"2026-04-06T02:46:42","modified_gmt":"2026-04-05T23:46:42","slug":"tyt-turkce-tarama-foyleri-6-fasikul","status":"publish","type":"product","link":"https:\/\/roveyayinevi.com.tr\/index.php\/urun\/tyt-turkce-tarama-foyleri-6-fasikul\/","title":{"rendered":"TYT T\u00fcrk\u00e7e Tarama F\u00f6yleri (6 Fasik\u00fcl)"},"content":{"rendered":"<p>TYT T\u00fcrk\u00e7e Tarama F\u00f6yleri (6 Fasik\u00fcl)<\/p>\n","protected":false},"excerpt":{"rendered":"<p>TYT T\u00fcrk\u00e7e Tarama F\u00f6yleri (6 Fasik\u00fcl)<\/p>\n","protected":false},"featured_media":0,"template":"","meta":{"_monsterinsights_skip_tracking":false,"_monsterinsights_sitenote_active":false,"_monsterinsights_sitenote_note":"","_monsterinsights_sitenote_category":0},"product_brand":[],"product_cat":[12566,13473,51999,51998],"product_tag":[],"class_list":{"0":"post-725925","1":"product","2":"type-product","3":"status-publish","5":"product_cat-egitim","6":"product_cat-sinavlara-hazirlik-okula-yardimci-kaynaklar","7":"product_cat-tyt-kitaplari","8":"product_cat-yks-kitaplari","9":"pa_cilt-ciltsiz","10":"pa_tur-kitap","11":"pa_yayinevi-pano-yayinevi","12":"pa_yazar-ergun-elicin-ilgi-tuzkaya","14":"first","15":"instock","16":"sale","17":"shipping-taxable","18":"purchasable","19":"product-type-simple"},"_links":{"self":[{"href":"https:\/\/roveyayinevi.com.tr\/index.php\/wp-json\/wp\/v2\/product\/725925","targetHints":{"allow":["GET"]}}],"collection":[{"href":"https:\/\/roveyayinevi.com.tr\/index.php\/wp-json\/wp\/v2\/product"}],"about":[{"href":"https:\/\/roveyayinevi.com.tr\/index.php\/wp-json\/wp\/v2\/types\/product"}],"wp:attachment":[{"href":"https:\/\/roveyayinevi.com.tr\/index.php\/wp-json\/wp\/v2\/media?parent=725925"}],"wp:term":[{"taxonomy":"product_brand","embeddable":true,"href":"https:\/\/roveyayinevi.com.tr\/index.php\/wp-json\/wp\/v2\/product_brand?post=725925"},{"taxonomy":"product_cat","embeddable":true,"href":"https:\/\/roveyayinevi.com.tr\/index.php\/wp-json\/wp\/v2\/product_cat?post=725925"},{"taxonomy":"product_tag","embeddable":true,"href":"https:\/\/roveyayinevi.com.tr\/index.php\/wp-json\/wp\/v2\/product_tag?post=725925"}],"curies":[{"name":"wp","href":"https:\/\/api.w.org\/{rel}","templated":true}]}}