{"id":725914,"date":"2025-08-27T19:57:50","date_gmt":"2025-08-27T16:57:50","guid":{"rendered":"https:\/\/roveyayinevi.com.tr\/index.php\/urun\/11-sinif-liseli-matematik-soru-bankasi\/"},"modified":"2026-04-16T02:33:40","modified_gmt":"2026-04-15T23:33:40","slug":"11-sinif-liseli-matematik-soru-bankasi","status":"publish","type":"product","link":"https:\/\/roveyayinevi.com.tr\/index.php\/urun\/11-sinif-liseli-matematik-soru-bankasi\/","title":{"rendered":"11.S\u0131n\u0131f Liseli Matematik Soru Bankas\u0131"},"content":{"rendered":"<p>11.S\u0131n\u0131f Liseli Matematik Soru Bankas\u0131 <\/p>\n","protected":false},"excerpt":{"rendered":"<p>11.S\u0131n\u0131f Liseli Matematik Soru Bankas\u0131<\/p>\n","protected":false},"featured_media":0,"template":"","meta":{"_monsterinsights_skip_tracking":false,"_monsterinsights_sitenote_active":false,"_monsterinsights_sitenote_note":"","_monsterinsights_sitenote_category":0},"product_brand":[],"product_cat":[74453,74459,74458,12566,43675,13473],"product_tag":[],"class_list":{"0":"post-725914","1":"product","2":"type-product","3":"status-publish","5":"product_cat-11-sinif","6":"product_cat-11-sinif-matematik-soru-bankasi","7":"product_cat-11-sinif-matematik","8":"product_cat-egitim","9":"product_cat-lise-yardimci-kitaplari","10":"product_cat-sinavlara-hazirlik-okula-yardimci-kaynaklar","11":"pa_cilt-ciltsiz","12":"pa_tur-kitap","13":"pa_yayinevi-pano-yayinevi","14":"pa_yazar-selahattin-uzumcu-tuncay-birinci","16":"first","17":"instock","18":"sale","19":"shipping-taxable","20":"purchasable","21":"product-type-simple"},"_links":{"self":[{"href":"https:\/\/roveyayinevi.com.tr\/index.php\/wp-json\/wp\/v2\/product\/725914","targetHints":{"allow":["GET"]}}],"collection":[{"href":"https:\/\/roveyayinevi.com.tr\/index.php\/wp-json\/wp\/v2\/product"}],"about":[{"href":"https:\/\/roveyayinevi.com.tr\/index.php\/wp-json\/wp\/v2\/types\/product"}],"wp:attachment":[{"href":"https:\/\/roveyayinevi.com.tr\/index.php\/wp-json\/wp\/v2\/media?parent=725914"}],"wp:term":[{"taxonomy":"product_brand","embeddable":true,"href":"https:\/\/roveyayinevi.com.tr\/index.php\/wp-json\/wp\/v2\/product_brand?post=725914"},{"taxonomy":"product_cat","embeddable":true,"href":"https:\/\/roveyayinevi.com.tr\/index.php\/wp-json\/wp\/v2\/product_cat?post=725914"},{"taxonomy":"product_tag","embeddable":true,"href":"https:\/\/roveyayinevi.com.tr\/index.php\/wp-json\/wp\/v2\/product_tag?post=725914"}],"curies":[{"name":"wp","href":"https:\/\/api.w.org\/{rel}","templated":true}]}}