{"id":725906,"date":"2025-08-27T19:57:43","date_gmt":"2025-08-27T16:57:43","guid":{"rendered":"https:\/\/roveyayinevi.com.tr\/index.php\/urun\/babalar-ve-ogullar-11\/"},"modified":"2026-04-16T02:33:40","modified_gmt":"2026-04-15T23:33:40","slug":"babalar-ve-ogullar-11","status":"publish","type":"product","link":"https:\/\/roveyayinevi.com.tr\/index.php\/urun\/babalar-ve-ogullar-11\/","title":{"rendered":"Babalar ve O\u011fullar"},"content":{"rendered":"<p>\u0130van Sergeyevi\u00e7 Turgenyev,19. y\u00fczy\u0131l Rus roman gelene\u011finin belirleyicisi olmakla kalmaz, kendisinden sonra gelen Tolstoy gibi yazarlar\u0131n da \u00f6nc\u00fcs\u00fc olur. Nihilist Bazarov\u2019un normatif de\u011ferler sistemiyle \u00e7at\u0131\u015fmas\u0131n\u0131 oda\u011f\u0131na alanBabalar ve O\u011fullar, bir itiraz ve sorgulama alan\u0131na d\u00f6n\u00fc\u015f\u00fcr. Turgenyev\u2019in o d\u00f6nem okuyucusuna vurdu\u011fu darbenin kuvveti bug\u00fcn bile hissedilmekte.<\/p>\n","protected":false},"excerpt":{"rendered":"<p>\u0130van Sergeyevi\u00e7 Turgenyev,19. y\u00fczy\u0131l Rus roman gelene\u011finin belirleyicisi olmakla kalmaz, kendisinden sonra gelen Tolstoy gibi yazarlar\u0131n da \u00f6nc\u00fcs\u00fc olur. Nihilist Bazarov\u2019un normatif de\u011ferler sistemiyle \u00e7at\u0131\u015fmas\u0131n\u0131 oda\u011f\u0131na<span class=\"excerpt-hellip\"> [\u2026]<\/span><\/p>\n","protected":false},"featured_media":0,"template":"","meta":{"_monsterinsights_skip_tracking":false,"_monsterinsights_sitenote_active":false,"_monsterinsights_sitenote_note":"","_monsterinsights_sitenote_category":0},"product_brand":[],"product_cat":[12291,12711],"product_tag":[],"class_list":{"0":"post-725906","1":"product","2":"type-product","3":"status-publish","5":"product_cat-edebiyat","6":"product_cat-roman-oyku","7":"pa_cilt-ciltsiz","8":"pa_tur-kitap","9":"pa_yayinevi-turkuvaz-kitap","10":"pa_yazar-ivan-sergeyevich-turgenev","12":"first","13":"instock","14":"sale","15":"shipping-taxable","16":"purchasable","17":"product-type-simple"},"_links":{"self":[{"href":"https:\/\/roveyayinevi.com.tr\/index.php\/wp-json\/wp\/v2\/product\/725906","targetHints":{"allow":["GET"]}}],"collection":[{"href":"https:\/\/roveyayinevi.com.tr\/index.php\/wp-json\/wp\/v2\/product"}],"about":[{"href":"https:\/\/roveyayinevi.com.tr\/index.php\/wp-json\/wp\/v2\/types\/product"}],"wp:attachment":[{"href":"https:\/\/roveyayinevi.com.tr\/index.php\/wp-json\/wp\/v2\/media?parent=725906"}],"wp:term":[{"taxonomy":"product_brand","embeddable":true,"href":"https:\/\/roveyayinevi.com.tr\/index.php\/wp-json\/wp\/v2\/product_brand?post=725906"},{"taxonomy":"product_cat","embeddable":true,"href":"https:\/\/roveyayinevi.com.tr\/index.php\/wp-json\/wp\/v2\/product_cat?post=725906"},{"taxonomy":"product_tag","embeddable":true,"href":"https:\/\/roveyayinevi.com.tr\/index.php\/wp-json\/wp\/v2\/product_tag?post=725906"}],"curies":[{"name":"wp","href":"https:\/\/api.w.org\/{rel}","templated":true}]}}