{"id":725902,"date":"2025-08-27T19:57:40","date_gmt":"2025-08-27T16:57:40","guid":{"rendered":"https:\/\/roveyayinevi.com.tr\/index.php\/urun\/cornelius-ve-karanlik-zihinler\/"},"modified":"2026-04-03T02:41:06","modified_gmt":"2026-04-02T23:41:06","slug":"cornelius-ve-karanlik-zihinler","status":"publish","type":"product","link":"https:\/\/roveyayinevi.com.tr\/index.php\/urun\/cornelius-ve-karanlik-zihinler\/","title":{"rendered":"Cornelius ve Karanl\u0131k Zihinler"},"content":{"rendered":"<p>Duvardaki resim neden de\u011fi\u015fti? Davet mesaj\u0131n\u0131 kim g\u00f6nderdi? 7,9\u2019 un anlam\u0131 ne? Neler oluyor?Evans kendini birden bu sorular\u0131n i\u00e7inde buldu. Mant\u0131kl\u0131 bir cevap ararken t\u00fcm hayat\u0131, t\u00fcm bildikleri alt \u00fcst oldu.Asl\u0131nda bakarsan\u0131z hayat\u0131n\u0131n alt\u0131 \u00fcst\u00fcnden daha heyecanl\u0131 oldu&#8230;<\/p>\n","protected":false},"excerpt":{"rendered":"<p>Duvardaki resim neden de\u011fi\u015fti? Davet mesaj\u0131n\u0131 kim g\u00f6nderdi? 7,9\u2019 un anlam\u0131 ne? Neler oluyor?Evans kendini birden bu sorular\u0131n i\u00e7inde buldu. Mant\u0131kl\u0131 bir cevap ararken t\u00fcm hayat\u0131,<span class=\"excerpt-hellip\"> [\u2026]<\/span><\/p>\n","protected":false},"featured_media":0,"template":"","meta":{"_monsterinsights_skip_tracking":false,"_monsterinsights_sitenote_active":false,"_monsterinsights_sitenote_note":"","_monsterinsights_sitenote_category":0},"product_brand":[],"product_cat":[12291,12711],"product_tag":[],"class_list":{"0":"post-725902","1":"product","2":"type-product","3":"status-publish","5":"product_cat-edebiyat","6":"product_cat-roman-oyku","7":"pa_cilt-ciltsiz","8":"pa_tur-kitap","9":"pa_yayinevi-herdem-kitap","10":"pa_yazar-mert-kaan-coskun","12":"first","13":"instock","14":"sale","15":"shipping-taxable","16":"purchasable","17":"product-type-simple"},"_links":{"self":[{"href":"https:\/\/roveyayinevi.com.tr\/index.php\/wp-json\/wp\/v2\/product\/725902","targetHints":{"allow":["GET"]}}],"collection":[{"href":"https:\/\/roveyayinevi.com.tr\/index.php\/wp-json\/wp\/v2\/product"}],"about":[{"href":"https:\/\/roveyayinevi.com.tr\/index.php\/wp-json\/wp\/v2\/types\/product"}],"wp:attachment":[{"href":"https:\/\/roveyayinevi.com.tr\/index.php\/wp-json\/wp\/v2\/media?parent=725902"}],"wp:term":[{"taxonomy":"product_brand","embeddable":true,"href":"https:\/\/roveyayinevi.com.tr\/index.php\/wp-json\/wp\/v2\/product_brand?post=725902"},{"taxonomy":"product_cat","embeddable":true,"href":"https:\/\/roveyayinevi.com.tr\/index.php\/wp-json\/wp\/v2\/product_cat?post=725902"},{"taxonomy":"product_tag","embeddable":true,"href":"https:\/\/roveyayinevi.com.tr\/index.php\/wp-json\/wp\/v2\/product_tag?post=725902"}],"curies":[{"name":"wp","href":"https:\/\/api.w.org\/{rel}","templated":true}]}}