{"id":725901,"date":"2025-08-27T19:57:39","date_gmt":"2025-08-27T16:57:39","guid":{"rendered":"https:\/\/roveyayinevi.com.tr\/index.php\/urun\/us-yemi\/"},"modified":"2026-04-16T02:33:39","modified_gmt":"2026-04-15T23:33:39","slug":"us-yemi","status":"publish","type":"product","link":"https:\/\/roveyayinevi.com.tr\/index.php\/urun\/us-yemi\/","title":{"rendered":"Us Yemi"},"content":{"rendered":"<p>T\u00fcrk \u00e7ocuk edebiyat\u0131nda \u015fiirli, oyunlu, taklitli metinler sevilir. Dizili, \u00e7a\u011fr\u0131\u015f\u0131ml\u0131 k\u0131sa \u015fiirler tekrarlana tekrarlanan ak\u0131lda kal\u0131r.Kolay \u00f6\u011frenmenin yolu, k\u0131sa ve ritmik metinli olmas\u0131d\u0131r. Bilmeceler, halk edebiyat\u0131n\u0131n \u00e7ocuk e\u011fitiminde en eski metinleridir. Zek\u00e2 k\u0131vrakl\u0131\u011f\u0131 yan\u0131nda toplum de\u011ferlerini aktarma bak\u0131m\u0131ndan \u00f6nemli olan bilmeceler soru cevap bi\u00e7imindedir. Soran bilgili, ya\u015fl\u0131 kar\u015f\u0131l\u0131\u011f\u0131n\u0131 bulacak olan ise \u00e7ocuktur. \u00c7ocuk ile dede, nine birlikte T\u00fcrk\u00e7enin g\u00fczelliklerini ararlar birlikte. Bilmece somut \u00f6\u011feleri bulma yar\u0131\u015f\u0131 de\u011fil mi? Eski klasik bilmecelerde e\u015fya, hayvan, zaman, beden, giysinin \u00f6zellikleri s\u0131ralan\u0131r, \u00e7ocuk i\u015faret parma\u011f\u0131n\u0131 aln\u0131na koyarak d\u00fc\u015f\u00fcn\u00fcr d\u00fc\u015f\u00fcn\u00fcr bulmaya \u00e7al\u0131\u015f\u0131r.Zorlan\u0131nca \u201c\u0130pucu\u201d ister. A\u015fama a\u015fama bilmece oyunu; sorma, d\u00fc\u015f\u00fcnme, bulma, s\u00f6yleme ve \u00f6d\u00fcl, ceza b\u00f6l\u00fcmleriyle uygulan\u0131r. E\u011fitim \u00f6\u011feleri, ara\u00e7lar\u0131 k\u00fcmele\u015ftirilmeli. Zaten zaman ve mevsimler de bu gruplamaya uygundur. K\u0131\u015f e\u015fya, \u00f6\u011feleri bu mevsimde sorulur. K\u00f6y ve \u015fehir e\u015fyalar\u0131 da farkl\u0131d\u0131r. G\u00fcn\u00fcm\u00fczde e\u015fya ve bilgiler h\u0131zla de\u011fi\u015fmektedir. \u00c7ocuklara yeni e\u015fya, nesne ve varl\u0131\u011f\u0131 tan\u0131tmak i\u00e7in bilmece halinde sorulmal\u0131. \u0130\u015fte e\u011fitimde buna uygun eser ve \u00e7al\u0131\u015fmalar yeterli de\u011fil. \u00c7ocuk edebiyat\u0131 g\u00f6rsel, i\u015fitsel \u00f6\u011felere dayanmal\u0131. Oysa eskiden beri somut \u00f6\u011feler yerine hayal g\u00fcc\u00fc ile bulunacak soyut \u00f6zellikler \u00f6ne \u00e7\u0131kar\u0131ld\u0131. Bilmece sormada \u00e7ocuk edilgen, dinleyici durumundad\u0131r, bunu de\u011fi\u015ftirmek gerek; \u00e7ocuk hareket etmeli, aramal\u0131.<\/p>\n","protected":false},"excerpt":{"rendered":"<p>T\u00fcrk \u00e7ocuk edebiyat\u0131nda \u015fiirli, oyunlu, taklitli metinler sevilir. Dizili, \u00e7a\u011fr\u0131\u015f\u0131ml\u0131 k\u0131sa \u015fiirler tekrarlana tekrarlanan ak\u0131lda kal\u0131r.Kolay \u00f6\u011frenmenin yolu, k\u0131sa ve ritmik metinli olmas\u0131d\u0131r. Bilmeceler, halk edebiyat\u0131n\u0131n<span class=\"excerpt-hellip\"> [\u2026]<\/span><\/p>\n","protected":false},"featured_media":0,"template":"","meta":{"_monsterinsights_skip_tracking":false,"_monsterinsights_sitenote_active":false,"_monsterinsights_sitenote_note":"","_monsterinsights_sitenote_category":0},"product_brand":[],"product_cat":[12492,12274],"product_tag":[],"class_list":{"0":"post-725901","1":"product","2":"type-product","3":"status-publish","5":"product_cat-bilmece-bulmaca","6":"product_cat-cocuk-ve-genclik-kitaplari","7":"pa_cilt-ciltsiz","8":"pa_tur-kitap","9":"pa_yayinevi-kultur-ajans-yayinlari","10":"pa_yazar-bayram-yelen","12":"first","13":"instock","14":"sale","15":"shipping-taxable","16":"purchasable","17":"product-type-simple"},"_links":{"self":[{"href":"https:\/\/roveyayinevi.com.tr\/index.php\/wp-json\/wp\/v2\/product\/725901","targetHints":{"allow":["GET"]}}],"collection":[{"href":"https:\/\/roveyayinevi.com.tr\/index.php\/wp-json\/wp\/v2\/product"}],"about":[{"href":"https:\/\/roveyayinevi.com.tr\/index.php\/wp-json\/wp\/v2\/types\/product"}],"wp:attachment":[{"href":"https:\/\/roveyayinevi.com.tr\/index.php\/wp-json\/wp\/v2\/media?parent=725901"}],"wp:term":[{"taxonomy":"product_brand","embeddable":true,"href":"https:\/\/roveyayinevi.com.tr\/index.php\/wp-json\/wp\/v2\/product_brand?post=725901"},{"taxonomy":"product_cat","embeddable":true,"href":"https:\/\/roveyayinevi.com.tr\/index.php\/wp-json\/wp\/v2\/product_cat?post=725901"},{"taxonomy":"product_tag","embeddable":true,"href":"https:\/\/roveyayinevi.com.tr\/index.php\/wp-json\/wp\/v2\/product_tag?post=725901"}],"curies":[{"name":"wp","href":"https:\/\/api.w.org\/{rel}","templated":true}]}}