{"id":725900,"date":"2025-08-27T19:57:38","date_gmt":"2025-08-27T16:57:38","guid":{"rendered":"https:\/\/roveyayinevi.com.tr\/index.php\/urun\/halka-dunya-cocuklari\/"},"modified":"2026-04-16T02:33:39","modified_gmt":"2026-04-15T23:33:39","slug":"halka-dunya-cocuklari","status":"publish","type":"product","link":"https:\/\/roveyayinevi.com.tr\/index.php\/urun\/halka-dunya-cocuklari\/","title":{"rendered":"Halka D\u00fcnya \u00c7ocuklar\u0131"},"content":{"rendered":"<p>Halka D\u00fcnya: Muazzam bir m\u00fchendislik ba\u015far\u0131s\u0131, Yerk\u00fcre\u2019nin y\u00fczey alan\u0131n\u0131n \u00fc\u00e7 milyon kat\u0131 b\u00fcy\u00fckl\u00fc\u011f\u00fcnde yapay bir gezegen, uzak bir g\u00fcne\u015fin etraf\u0131n\u0131 \u00e7evreliyor. Farkl\u0131 \u0131rklardan meydana gelen trilyonlarca n\u00fcfusa ve \u015fa\u015f\u0131rt\u0131c\u0131 teknolojik bulu\u015flara ev sahipli\u011fi yapan Halka D\u00fcnya\u2019n\u0131n evrende bir benzeri daha yok.Louis Wu bu defa bir oto-doktorun i\u00e7inde uyan\u0131r ve kendini, Halka D\u00fcnya\u2019y\u0131 sonsuza dek yok etmek \u00fczere olan, \u0131rklar ve gezegenler aras\u0131 bir sava\u015f\u0131n ortas\u0131nda bulur. \u015eimdi bir de g\u00fcc\u00fc elinde tutan yeni birinin hizmetindedir. Ve Halka D\u00fcnya\u2019n\u0131n gelece\u011fi, \u00e7ocuklar\u0131n\u0131n elindedir: Hortlak koruyucu Tunesmith, Hayvan Konu\u015fmac\u0131s\u0131\u2019n\u0131n s\u00fcrg\u00fcn edilmi\u015f o\u011flu Acolyte ve gizemli bir ge\u00e7mi\u015fe sahip Halka D\u00fcnya yerlisi Wembleth. Halka D\u00fcnya \u00fczerinde ya\u015fayanlar\u0131 ve gezegenin dengesini korumak i\u00e7in her biri tehlikeli bir oyunun par\u00e7as\u0131 olacakt\u0131r. \u00dcstelik S\u0131n\u0131r Sava\u015f\u0131\u2019yla birlikte oyuna yeni ki\u015filer d\u00e2hil olacak, yeni s\u0131rlar ortaya \u00e7\u0131kacakt\u0131r.<\/p>\n","protected":false},"excerpt":{"rendered":"<p>Halka D\u00fcnya: Muazzam bir m\u00fchendislik ba\u015far\u0131s\u0131, Yerk\u00fcre\u2019nin y\u00fczey alan\u0131n\u0131n \u00fc\u00e7 milyon kat\u0131 b\u00fcy\u00fckl\u00fc\u011f\u00fcnde yapay bir gezegen, uzak bir g\u00fcne\u015fin etraf\u0131n\u0131 \u00e7evreliyor. Farkl\u0131 \u0131rklardan meydana gelen trilyonlarca<span class=\"excerpt-hellip\"> [\u2026]<\/span><\/p>\n","protected":false},"featured_media":0,"template":"","meta":{"_monsterinsights_skip_tracking":false,"_monsterinsights_sitenote_active":false,"_monsterinsights_sitenote_note":"","_monsterinsights_sitenote_category":0},"product_brand":[],"product_cat":[12291,12711],"product_tag":[],"class_list":{"0":"post-725900","1":"product","2":"type-product","3":"status-publish","5":"product_cat-edebiyat","6":"product_cat-roman-oyku","7":"pa_cilt-ciltsiz","8":"pa_tur-kitap","9":"pa_yayinevi-panama-yayincilik","10":"pa_yazar-larry-niven","12":"first","13":"instock","14":"sale","15":"shipping-taxable","16":"purchasable","17":"product-type-simple"},"_links":{"self":[{"href":"https:\/\/roveyayinevi.com.tr\/index.php\/wp-json\/wp\/v2\/product\/725900","targetHints":{"allow":["GET"]}}],"collection":[{"href":"https:\/\/roveyayinevi.com.tr\/index.php\/wp-json\/wp\/v2\/product"}],"about":[{"href":"https:\/\/roveyayinevi.com.tr\/index.php\/wp-json\/wp\/v2\/types\/product"}],"wp:attachment":[{"href":"https:\/\/roveyayinevi.com.tr\/index.php\/wp-json\/wp\/v2\/media?parent=725900"}],"wp:term":[{"taxonomy":"product_brand","embeddable":true,"href":"https:\/\/roveyayinevi.com.tr\/index.php\/wp-json\/wp\/v2\/product_brand?post=725900"},{"taxonomy":"product_cat","embeddable":true,"href":"https:\/\/roveyayinevi.com.tr\/index.php\/wp-json\/wp\/v2\/product_cat?post=725900"},{"taxonomy":"product_tag","embeddable":true,"href":"https:\/\/roveyayinevi.com.tr\/index.php\/wp-json\/wp\/v2\/product_tag?post=725900"}],"curies":[{"name":"wp","href":"https:\/\/api.w.org\/{rel}","templated":true}]}}