{"id":725896,"date":"2025-08-27T19:57:34","date_gmt":"2025-08-27T16:57:34","guid":{"rendered":"https:\/\/roveyayinevi.com.tr\/index.php\/urun\/araba-sevdasi-8\/"},"modified":"2026-04-16T02:33:39","modified_gmt":"2026-04-15T23:33:39","slug":"araba-sevdasi-8","status":"publish","type":"product","link":"https:\/\/roveyayinevi.com.tr\/index.php\/urun\/araba-sevdasi-8\/","title":{"rendered":"Araba Sevdas\u0131"},"content":{"rendered":"<p>T\u00fcrk Edebiyat\u0131&#8217;nda &#8220;ilk realist&#8221; roman olarak bilinen Araba Sevdas\u0131 gerek i\u00e7eri\u011fi, gerekse edebi \u00fcslubuyla yaz\u0131n d\u00fcnyas\u0131n\u0131n mutlaka okunmas\u0131 gereken kitaplar\u0131 aras\u0131nda yer al\u0131r. Recaizade Mahmut Ekrem, i\u00e7inde ya\u015fad\u0131\u011f\u0131 topluma ele\u015ftirel g\u00f6zle bakmay\u0131 becerebilen bir ayd\u0131n, s\u00f6zc\u00fcklerle oynayabilen edebi bir cambaz, ince bir mizah anlay\u0131\u015f\u0131na ve ola\u011fan\u00fcst\u00fc g\u00f6zlem g\u00fcc\u00fcne sahip bir yazard\u0131r. Araba Sevdas\u0131n\u0131 okurken hem usta kalemin bu \u00f6zelliklerine bizzat tan\u0131k olacak hem de roman\u0131n \u00e7ok katmanl\u0131 yap\u0131s\u0131nda keyifli bir yolculu\u011fa \u00e7\u0131kacaks\u0131n\u0131z.Recaizade Mahmut Ekrem&#8217;in Bat\u0131 \u00f6zentili\u011fini ya da yanl\u0131\u015f Bat\u0131l\u0131la\u015fmay\u0131 anlatt\u0131\u011f\u0131 ve ilk olarak Servet-i F\u00fcnun dergisinde yay\u0131nlanan Araba Sevdas\u0131, Ceyda Y\u00fcksel taraf\u0131ndan yay\u0131ma haz\u0131rlanm\u0131\u015f, edit\u00f6rl\u00fc\u011f\u00fcn\u00fc ise Bo\u011fazi\u00e7i \u00dcniversitesi T\u00fcrk Dili ve Edebiyat\u0131 B\u00f6l\u00fcm\u00fc&#8217;nden \u00f6\u011fretim \u00fcyesi T\u00fclay Gen\u00e7t\u00fcrk Demircio\u011flu ger\u00e7ekle\u015ftirmi\u015ftir. Eser, yaz\u0131ld\u0131\u011f\u0131 d\u00f6nemin diline ve ruhuna olabildi\u011fince uygun, g\u00fcn\u00fcm\u00fcz okuru i\u00e7inse anla\u015f\u0131labilir olmas\u0131 ama\u00e7lanarak \u00e7evrilmi\u015ftir.<\/p>\n","protected":false},"excerpt":{"rendered":"<p>T\u00fcrk Edebiyat\u0131&#8217;nda &#8220;ilk realist&#8221; roman olarak bilinen Araba Sevdas\u0131 gerek i\u00e7eri\u011fi, gerekse edebi \u00fcslubuyla yaz\u0131n d\u00fcnyas\u0131n\u0131n mutlaka okunmas\u0131 gereken kitaplar\u0131 aras\u0131nda yer al\u0131r. Recaizade Mahmut Ekrem,<span class=\"excerpt-hellip\"> [\u2026]<\/span><\/p>\n","protected":false},"featured_media":0,"template":"","meta":{"_monsterinsights_skip_tracking":false,"_monsterinsights_sitenote_active":false,"_monsterinsights_sitenote_note":"","_monsterinsights_sitenote_category":0},"product_brand":[],"product_cat":[12274,20117],"product_tag":[],"class_list":{"0":"post-725896","1":"product","2":"type-product","3":"status-publish","5":"product_cat-cocuk-ve-genclik-kitaplari","6":"product_cat-turk-klasikleri","7":"pa_cilt-ciltsiz","8":"pa_tur-kitap","9":"pa_yayinevi-koridor-yayincilik","10":"pa_yazar-recaizade-mahmut-ekrem","12":"first","13":"instock","14":"sale","15":"shipping-taxable","16":"purchasable","17":"product-type-simple"},"_links":{"self":[{"href":"https:\/\/roveyayinevi.com.tr\/index.php\/wp-json\/wp\/v2\/product\/725896","targetHints":{"allow":["GET"]}}],"collection":[{"href":"https:\/\/roveyayinevi.com.tr\/index.php\/wp-json\/wp\/v2\/product"}],"about":[{"href":"https:\/\/roveyayinevi.com.tr\/index.php\/wp-json\/wp\/v2\/types\/product"}],"wp:attachment":[{"href":"https:\/\/roveyayinevi.com.tr\/index.php\/wp-json\/wp\/v2\/media?parent=725896"}],"wp:term":[{"taxonomy":"product_brand","embeddable":true,"href":"https:\/\/roveyayinevi.com.tr\/index.php\/wp-json\/wp\/v2\/product_brand?post=725896"},{"taxonomy":"product_cat","embeddable":true,"href":"https:\/\/roveyayinevi.com.tr\/index.php\/wp-json\/wp\/v2\/product_cat?post=725896"},{"taxonomy":"product_tag","embeddable":true,"href":"https:\/\/roveyayinevi.com.tr\/index.php\/wp-json\/wp\/v2\/product_tag?post=725896"}],"curies":[{"name":"wp","href":"https:\/\/api.w.org\/{rel}","templated":true}]}}