{"id":725895,"date":"2025-08-27T19:57:33","date_gmt":"2025-08-27T16:57:33","guid":{"rendered":"https:\/\/roveyayinevi.com.tr\/index.php\/urun\/bir-direnis-hikayesi-ergun-kuzenkin-ardindan\/"},"modified":"2026-04-16T02:33:39","modified_gmt":"2026-04-15T23:33:39","slug":"bir-direnis-hikayesi-ergun-kuzenkin-ardindan","status":"publish","type":"product","link":"https:\/\/roveyayinevi.com.tr\/index.php\/urun\/bir-direnis-hikayesi-ergun-kuzenkin-ardindan\/","title":{"rendered":"Bir Direni\u015f Hikayesi: Ergun Kuzenk&#8217;in Ard\u0131ndan"},"content":{"rendered":"<p>Erg\u00fcn K\u00fczenk\u2019in k\u0131sa ve \u00e7arp\u0131c\u0131 anlat\u0131lar toplam\u0131 olan kitaplar\u0131nda \u00fclkemizin b\u00fct\u00fcn \u00f6tekile\u015ftirilenlerinin hayat\u0131na birinci elden tan\u0131kl\u0131k edeceksiniz. Yer yer y\u00fcre\u011finiz burkulacak. Yerinden yurdundan edilenlerin geride b\u0131rakt\u0131\u011f\u0131 buruk sanc\u0131 ile y\u00fcz y\u00fcze geleceksiniz.Onun anlat\u0131lar\u0131nda mazlum ile zalim aras\u0131ndaki o ince \u00e7izginin k\u0131y\u0131s\u0131nda hissedeceksiniz kendinizi.Bu topraklar\u0131n ya\u015fad\u0131\u011f\u0131 en b\u00fcy\u00fck trajediden arta kalanlar\u0131n ve \u201cya\u015famak direnmektir\u201d diyenlerin gayriresmi tarihine tan\u0131kl\u0131k edeceksiniz.Ya\u015fam\u0131 neredeyse bir direni\u015f hik\u00e2yesine d\u00f6nen Ergun Kuzenk\u2019i 9 Mart 2020\u2019de a\u015fa\u011f\u0131daki dizelerle \u00f6l\u00fcms\u00fczl\u00fc\u011fe u\u011furlad\u0131k:\u201cD\u00f6rt kitab\u0131n d\u00f6rd\u00fc de ayn\u0131 yanl\u0131\u015f\u0131 yazm\u0131\u015f D\u00fcnyadan ne getirdi\u011fini sormayacak melekler \u2018Neyini b\u0131rakt\u0131n orda? Ne katt\u0131n?\u2019 diyecekler\u201dErgun Kuzenk ard\u0131nda muazzam ya\u015fanm\u0131\u015fl\u0131klar, hesaps\u0131z dostluklar, ortak akla ve vicdana seslenen merhamet erbab\u0131 s\u00f6zc\u00fckler ve par\u0131lt\u0131l\u0131 bir iz b\u0131rakt\u0131. Kutsal kitaplara nazire yaparcas\u0131na d\u00f6rt de kitap b\u0131rakt\u0131. \u00dcstelik d\u00f6rd\u00fcnc\u00fcs\u00fc onu \u00f6l\u00fcms\u00fcz k\u0131lmak isteyen b\u00fct\u00fcn dostlar\u0131n\u0131n katk\u0131lar\u0131yla haz\u0131rland\u0131. Pandemi s\u00fcrecinde binbir zorlukla bo\u011fu\u015furken bir de benim yo\u011fun \u0131srarlar\u0131ma dayanamayarak tan\u0131kl\u0131klar\u0131n\u0131 yaz\u0131lar\u0131yla belgeleyen dostlar\u0131na edit\u00f6r\u00fc olarak minnettarl\u0131\u011f\u0131m\u0131 ifade ediyorum.<\/p>\n","protected":false},"excerpt":{"rendered":"<p>Erg\u00fcn K\u00fczenk\u2019in k\u0131sa ve \u00e7arp\u0131c\u0131 anlat\u0131lar toplam\u0131 olan kitaplar\u0131nda \u00fclkemizin b\u00fct\u00fcn \u00f6tekile\u015ftirilenlerinin hayat\u0131na birinci elden tan\u0131kl\u0131k edeceksiniz. Yer yer y\u00fcre\u011finiz burkulacak. Yerinden yurdundan edilenlerin geride b\u0131rakt\u0131\u011f\u0131<span class=\"excerpt-hellip\"> [\u2026]<\/span><\/p>\n","protected":false},"featured_media":0,"template":"","meta":{"_monsterinsights_skip_tracking":false,"_monsterinsights_sitenote_active":false,"_monsterinsights_sitenote_note":"","_monsterinsights_sitenote_category":0},"product_brand":[],"product_cat":[12777,12291],"product_tag":[],"class_list":{"0":"post-725895","1":"product","2":"type-product","3":"status-publish","5":"product_cat-deneme","6":"product_cat-edebiyat","7":"pa_cilt-ciltsiz","8":"pa_tur-kitap","9":"pa_yayinevi-gece-kitapligi","10":"pa_yazar-celal-inal","12":"first","13":"instock","14":"sale","15":"shipping-taxable","16":"purchasable","17":"product-type-simple"},"_links":{"self":[{"href":"https:\/\/roveyayinevi.com.tr\/index.php\/wp-json\/wp\/v2\/product\/725895","targetHints":{"allow":["GET"]}}],"collection":[{"href":"https:\/\/roveyayinevi.com.tr\/index.php\/wp-json\/wp\/v2\/product"}],"about":[{"href":"https:\/\/roveyayinevi.com.tr\/index.php\/wp-json\/wp\/v2\/types\/product"}],"wp:attachment":[{"href":"https:\/\/roveyayinevi.com.tr\/index.php\/wp-json\/wp\/v2\/media?parent=725895"}],"wp:term":[{"taxonomy":"product_brand","embeddable":true,"href":"https:\/\/roveyayinevi.com.tr\/index.php\/wp-json\/wp\/v2\/product_brand?post=725895"},{"taxonomy":"product_cat","embeddable":true,"href":"https:\/\/roveyayinevi.com.tr\/index.php\/wp-json\/wp\/v2\/product_cat?post=725895"},{"taxonomy":"product_tag","embeddable":true,"href":"https:\/\/roveyayinevi.com.tr\/index.php\/wp-json\/wp\/v2\/product_tag?post=725895"}],"curies":[{"name":"wp","href":"https:\/\/api.w.org\/{rel}","templated":true}]}}