{"id":725892,"date":"2025-08-27T19:57:30","date_gmt":"2025-08-27T16:57:30","guid":{"rendered":"https:\/\/roveyayinevi.com.tr\/index.php\/urun\/her-seyin-degeri\/"},"modified":"2026-04-16T02:33:39","modified_gmt":"2026-04-15T23:33:39","slug":"her-seyin-degeri","status":"publish","type":"product","link":"https:\/\/roveyayinevi.com.tr\/index.php\/urun\/her-seyin-degeri\/","title":{"rendered":"Her \u015eeyin De\u011feri"},"content":{"rendered":"<p>G\u00fcn\u00fcm\u00fcz d\u00fcnyas\u0131nda ger\u00e7ek \u00fcreticiler kimlerdir? Ve \u00fcrettiklerinin de\u011ferini nas\u0131l belirliyoruz? Ya\u015fad\u0131\u011f\u0131m\u0131z finansal ve ekonomik kriz, de\u011ferin ger\u00e7ek anlam\u0131na ili\u015fkin kavray\u0131\u015f\u0131m\u0131z\u0131 yitirmemizden kaynaklan\u0131yor.Modern kapitalizmde, de\u011fer yaratma, yani sa\u011fl\u0131kl\u0131 bir ekonomiyi ve toplumu ayakta tutan \u00fcretim s\u00fcreci, de\u011fer gasp\u0131 kadar \u00f6d\u00fcllendirilmiyor. Finanstan b\u00fcy\u00fck ila\u00e7 sanayisine ve enformasyon teknolojisine kadar, esas hedef \u00fcretmek de\u011fil, \u00fcretilen de\u011fere el koymak. Bir zamanlar ekonomik d\u00fc\u015f\u00fcncenin ana payandas\u0131 olan de\u011fer kavram\u0131n\u0131n anlam\u0131 ve ta\u015f\u0131d\u0131\u011f\u0131 \u00f6nem art\u0131k tart\u0131\u015f\u0131lm\u0131yor. Mariana Mazzucato de\u011fer kavram\u0131n\u0131 \u00e7ok geni\u015f bir perspektifte ele ald\u0131\u011f\u0131 kitab\u0131nda, zenginli\u011fin nereden kaynakland\u0131\u011f\u0131n\u0131 hat\u0131rlamam\u0131z gerekti\u011fini savunuyor. De\u011feri hangi etkinlikler yarat\u0131yor, hangileri gasp ediyor ve hangileri tahrip ediyor? Mevcut asalak sistemin yerine s\u00fcrd\u00fcr\u00fclebilir, ortakla\u015fa ya\u015famaya m\u00fcsait bir sistem getirmek istiyorsak, bu sorular\u0131n cevaplar\u0131 b\u00fcy\u00fck \u00f6nem ta\u015f\u0131yor. Her \u015eeyin De\u011feri ya\u015famak istedi\u011fimiz bir d\u00fcnya modeli hakk\u0131nda uzun zamand\u0131r unutulan bir tart\u0131\u015fmay\u0131 yeniden ate\u015fliyor.<\/p>\n","protected":false},"excerpt":{"rendered":"<p>G\u00fcn\u00fcm\u00fcz d\u00fcnyas\u0131nda ger\u00e7ek \u00fcreticiler kimlerdir? Ve \u00fcrettiklerinin de\u011ferini nas\u0131l belirliyoruz? Ya\u015fad\u0131\u011f\u0131m\u0131z finansal ve ekonomik kriz, de\u011ferin ger\u00e7ek anlam\u0131na ili\u015fkin kavray\u0131\u015f\u0131m\u0131z\u0131 yitirmemizden kaynaklan\u0131yor.Modern kapitalizmde, de\u011fer yaratma, yani<span class=\"excerpt-hellip\"> [\u2026]<\/span><\/p>\n","protected":false},"featured_media":0,"template":"","meta":{"_monsterinsights_skip_tracking":false,"_monsterinsights_sitenote_active":false,"_monsterinsights_sitenote_note":"","_monsterinsights_sitenote_category":0},"product_brand":[],"product_cat":[12965,12337],"product_tag":[],"class_list":{"0":"post-725892","1":"product","2":"type-product","3":"status-publish","5":"product_cat-genel-politika","6":"product_cat-politika-siyaset","7":"pa_cilt-ciltsiz","8":"pa_tur-kitap","9":"pa_yayinevi-koc-universitesi-yayinlari","10":"pa_yazar-mariana-mazzucato","12":"first","13":"instock","14":"sale","15":"shipping-taxable","16":"purchasable","17":"product-type-simple"},"_links":{"self":[{"href":"https:\/\/roveyayinevi.com.tr\/index.php\/wp-json\/wp\/v2\/product\/725892","targetHints":{"allow":["GET"]}}],"collection":[{"href":"https:\/\/roveyayinevi.com.tr\/index.php\/wp-json\/wp\/v2\/product"}],"about":[{"href":"https:\/\/roveyayinevi.com.tr\/index.php\/wp-json\/wp\/v2\/types\/product"}],"wp:attachment":[{"href":"https:\/\/roveyayinevi.com.tr\/index.php\/wp-json\/wp\/v2\/media?parent=725892"}],"wp:term":[{"taxonomy":"product_brand","embeddable":true,"href":"https:\/\/roveyayinevi.com.tr\/index.php\/wp-json\/wp\/v2\/product_brand?post=725892"},{"taxonomy":"product_cat","embeddable":true,"href":"https:\/\/roveyayinevi.com.tr\/index.php\/wp-json\/wp\/v2\/product_cat?post=725892"},{"taxonomy":"product_tag","embeddable":true,"href":"https:\/\/roveyayinevi.com.tr\/index.php\/wp-json\/wp\/v2\/product_tag?post=725892"}],"curies":[{"name":"wp","href":"https:\/\/api.w.org\/{rel}","templated":true}]}}