{"id":725891,"date":"2025-08-27T19:57:29","date_gmt":"2025-08-27T16:57:29","guid":{"rendered":"https:\/\/roveyayinevi.com.tr\/index.php\/urun\/hinc-sadelestirilmis-metin\/"},"modified":"2026-04-08T02:42:02","modified_gmt":"2026-04-07T23:42:02","slug":"hinc-sadelestirilmis-metin","status":"publish","type":"product","link":"https:\/\/roveyayinevi.com.tr\/index.php\/urun\/hinc-sadelestirilmis-metin\/","title":{"rendered":"H\u0131n\u00e7 ( Sadele\u015ftirilmi\u015f Metin)"},"content":{"rendered":"<p>S\u0131rr\u0131 Sezai ve Muammer Sacit, sapland\u0131klar\u0131 bor\u00e7 bata\u011f\u0131ndan kurtulmaya \u00e7al\u0131\u015fan iki mirasyedi. \u00c7\u0131k\u0131\u015f yollar\u0131ndaki en b\u00fcy\u00fck engelse zengin, fakir ay\u0131rt etmeksizin insanlar\u0131n kan\u0131n\u0131 emen Tefeci \u0130zidor Barzilay.Kaybedilmi\u015f b\u00fcy\u00fck servetlerle sefalet dolu hayatlar\u0131n yan yana sergilendi\u011fi H\u0131n\u00e7, Muammer Sacit&#8217;in intikam almaya karar vermesiyle beraber entrikalar\u0131n i\u00e7 i\u00e7e ge\u00e7ti\u011fi bir romana d\u00f6n\u00fc\u015f\u00fcr. \u015eaika, Rukiye, Melike ve Margarita gibi karakterlerin de bu entrikalara dahil olmas\u0131yla karma\u015f\u0131k ve bir o kadar da merak uyand\u0131r\u0131c\u0131 olaylar silsilesi ba\u015flar.Mahmut Yesari&#8217;nin 1928 y\u0131l\u0131nda Milliyet gazetesinde tefrika edilen roman\u0131 92 y\u0131l sonra ilk kez g\u00fcn\u00fcm\u00fcz okurlar\u0131yla bulu\u015fuyor. <\/p>\n","protected":false},"excerpt":{"rendered":"<p>S\u0131rr\u0131 Sezai ve Muammer Sacit, sapland\u0131klar\u0131 bor\u00e7 bata\u011f\u0131ndan kurtulmaya \u00e7al\u0131\u015fan iki mirasyedi. \u00c7\u0131k\u0131\u015f yollar\u0131ndaki en b\u00fcy\u00fck engelse zengin, fakir ay\u0131rt etmeksizin insanlar\u0131n kan\u0131n\u0131 emen Tefeci \u0130zidor<span class=\"excerpt-hellip\"> [\u2026]<\/span><\/p>\n","protected":false},"featured_media":0,"template":"","meta":{"_monsterinsights_skip_tracking":false,"_monsterinsights_sitenote_active":false,"_monsterinsights_sitenote_note":"","_monsterinsights_sitenote_category":0},"product_brand":[],"product_cat":[12291,12711],"product_tag":[],"class_list":{"0":"post-725891","1":"product","2":"type-product","3":"status-publish","5":"product_cat-edebiyat","6":"product_cat-roman-oyku","7":"pa_cilt-ciltsiz","8":"pa_tur-kitap","9":"pa_yayinevi-koc-universitesi-yayinlari","10":"pa_yazar-mahmut-yesari","12":"first","13":"instock","14":"sale","15":"shipping-taxable","16":"purchasable","17":"product-type-simple"},"_links":{"self":[{"href":"https:\/\/roveyayinevi.com.tr\/index.php\/wp-json\/wp\/v2\/product\/725891","targetHints":{"allow":["GET"]}}],"collection":[{"href":"https:\/\/roveyayinevi.com.tr\/index.php\/wp-json\/wp\/v2\/product"}],"about":[{"href":"https:\/\/roveyayinevi.com.tr\/index.php\/wp-json\/wp\/v2\/types\/product"}],"wp:attachment":[{"href":"https:\/\/roveyayinevi.com.tr\/index.php\/wp-json\/wp\/v2\/media?parent=725891"}],"wp:term":[{"taxonomy":"product_brand","embeddable":true,"href":"https:\/\/roveyayinevi.com.tr\/index.php\/wp-json\/wp\/v2\/product_brand?post=725891"},{"taxonomy":"product_cat","embeddable":true,"href":"https:\/\/roveyayinevi.com.tr\/index.php\/wp-json\/wp\/v2\/product_cat?post=725891"},{"taxonomy":"product_tag","embeddable":true,"href":"https:\/\/roveyayinevi.com.tr\/index.php\/wp-json\/wp\/v2\/product_tag?post=725891"}],"curies":[{"name":"wp","href":"https:\/\/api.w.org\/{rel}","templated":true}]}}