{"id":725889,"date":"2025-08-27T19:57:27","date_gmt":"2025-08-27T16:57:27","guid":{"rendered":"https:\/\/roveyayinevi.com.tr\/index.php\/urun\/sanatta-ve-beyin-biliminde-indirgemecilik\/"},"modified":"2026-03-24T02:38:11","modified_gmt":"2026-03-23T23:38:11","slug":"sanatta-ve-beyin-biliminde-indirgemecilik","status":"publish","type":"product","link":"https:\/\/roveyayinevi.com.tr\/index.php\/urun\/sanatta-ve-beyin-biliminde-indirgemecilik\/","title":{"rendered":"Sanatta ve Beyin Biliminde \u0130ndirgemecilik"},"content":{"rendered":"<p>Sanat ve bilim, uzla\u015fmaz bi\u00e7imde birbirinden ayr\u0131lm\u0131\u015f m\u0131d\u0131r, yoksa ortak bir zemin bulabilirler mi? Sanata da derin ilgisi olan Nobel \u00d6d\u00fcll\u00fc Eric R. Kandel, bu yeni kitab\u0131nda, bilimin bir sanat eserini deneyimleme ve anlamland\u0131rmadaki etkisini sorguluyor. Haf\u0131zan\u0131n n\u00f6robiyolojik temellerini ortaya koyan \u00e7al\u0131\u015fmalar\u0131n\u0131 bu kez sanata uygulayan Kandel, \u00f6znel d\u00fcnyalar\u0131n\u0131 renk, bi\u00e7im ve \u0131\u015f\u0131\u011fa dam\u0131tan modern sanat\u00e7\u0131lar\u0131n n\u00f6robilimsel analizini yap\u0131yor.Kandel, bilimin insan alg\u0131s\u0131n\u0131n karma\u015f\u0131kl\u0131klar\u0131n\u0131 nas\u0131l ke\u015ffedebilece\u011fini ve harika sanat eserlerini alg\u0131lamam\u0131za, takdir etmemize ve anlamam\u0131za nas\u0131l yard\u0131mc\u0131 olabilece\u011fini g\u00f6sterdi\u011fi \u00e7al\u0131\u015fmas\u0131nda, indirgemecili\u011fin modern sanat\u0131n evrimine katk\u0131s\u0131n\u0131 ortaya koyuyor. Resim sanat\u0131n\u0131n Turner, Monet, Kandinsky, Schoenberg ve Mondrian\u2019\u0131n eserlerinden Pollock, de Kooning, Rothko, Louis, Turrell ve Flavin\u2019in soyut d\u0131\u015favurumculu\u011funa ula\u015fmak i\u00e7in nas\u0131l bir indirgemeci yakla\u015f\u0131m i\u00e7inde oldu\u011funu ayr\u0131nt\u0131lar\u0131yla aktararak, bu yolculu\u011fun sonunda Katz, Warhol, Close ve Sandback\u2019in eserlerini analiz ediyor.Modern sanat \u015faheserlerinin renkli reprod\u00fcksiyonlar\u0131n\u0131n yan\u0131 s\u0131ra beynin b\u00fcy\u00fcleyici \u00e7izimlerine de sahip olan bu kitap, bilim ve sanat\u0131n ortak kayg\u0131lar\u0131na ve birbirlerini nas\u0131l ayd\u0131nlatt\u0131klar\u0131na ili\u015fkin bir ba\u015fyap\u0131t. <\/p>\n","protected":false},"excerpt":{"rendered":"<p>Sanat ve bilim, uzla\u015fmaz bi\u00e7imde birbirinden ayr\u0131lm\u0131\u015f m\u0131d\u0131r, yoksa ortak bir zemin bulabilirler mi? Sanata da derin ilgisi olan Nobel \u00d6d\u00fcll\u00fc Eric R. Kandel, bu yeni<span class=\"excerpt-hellip\"> [\u2026]<\/span><\/p>\n","protected":false},"featured_media":0,"template":"","meta":{"_monsterinsights_skip_tracking":false,"_monsterinsights_sitenote_active":false,"_monsterinsights_sitenote_note":"","_monsterinsights_sitenote_category":0},"product_brand":[],"product_cat":[16169,12408],"product_tag":[],"class_list":{"0":"post-725889","1":"product","2":"type-product","3":"status-publish","5":"product_cat-geleneksel-sanatlar","6":"product_cat-sanat","7":"pa_cilt-ciltsiz","8":"pa_tur-kitap","9":"pa_yayinevi-koc-universitesi-yayinlari","10":"pa_yazar-eric-r-kandel","12":"first","13":"instock","14":"sale","15":"shipping-taxable","16":"purchasable","17":"product-type-simple"},"_links":{"self":[{"href":"https:\/\/roveyayinevi.com.tr\/index.php\/wp-json\/wp\/v2\/product\/725889","targetHints":{"allow":["GET"]}}],"collection":[{"href":"https:\/\/roveyayinevi.com.tr\/index.php\/wp-json\/wp\/v2\/product"}],"about":[{"href":"https:\/\/roveyayinevi.com.tr\/index.php\/wp-json\/wp\/v2\/types\/product"}],"wp:attachment":[{"href":"https:\/\/roveyayinevi.com.tr\/index.php\/wp-json\/wp\/v2\/media?parent=725889"}],"wp:term":[{"taxonomy":"product_brand","embeddable":true,"href":"https:\/\/roveyayinevi.com.tr\/index.php\/wp-json\/wp\/v2\/product_brand?post=725889"},{"taxonomy":"product_cat","embeddable":true,"href":"https:\/\/roveyayinevi.com.tr\/index.php\/wp-json\/wp\/v2\/product_cat?post=725889"},{"taxonomy":"product_tag","embeddable":true,"href":"https:\/\/roveyayinevi.com.tr\/index.php\/wp-json\/wp\/v2\/product_tag?post=725889"}],"curies":[{"name":"wp","href":"https:\/\/api.w.org\/{rel}","templated":true}]}}