{"id":725887,"date":"2025-08-27T19:57:26","date_gmt":"2025-08-27T16:57:26","guid":{"rendered":"https:\/\/roveyayinevi.com.tr\/index.php\/urun\/orasi-yapi-kredi-fark-oradaydi\/"},"modified":"2026-04-16T02:33:39","modified_gmt":"2026-04-15T23:33:39","slug":"orasi-yapi-kredi-fark-oradaydi","status":"publish","type":"product","link":"https:\/\/roveyayinevi.com.tr\/index.php\/urun\/orasi-yapi-kredi-fark-oradaydi\/","title":{"rendered":"Oras\u0131 Yap\u0131 Kredi, Fark Oradayd\u0131"},"content":{"rendered":"<p>Yeni ku\u015fak T\u00fcrklerin bilgi-ileti\u015fim odakl\u0131 \u00e7a\u011fda\u015f yeni d\u00fcnyay\u0131 yakalamas\u0131nda Yap\u0131 Kredi \u00e7ok b\u00fcy\u00fck rol oynam\u0131\u015ft\u0131r. Teknolojinin ak\u0131ll\u0131 kullan\u0131m\u0131na dayal\u0131, insana odakl\u0131, insan hayat\u0131n\u0131 kolayla\u015ft\u0131ran hizmeler -cep telefonu (Turkcell), kredi kartlar\u0131 (Worldcard), internet (SuperOnline) dahil &#8211; Yap\u0131 ve Kredililerin vizyon, cesaret ve emekleri ile ger\u00e7ekli\u015ftirdikleri de\u011fi\u015fim sayesinde T\u00fcrk insan\u0131na sunulmu\u015ftur. <\/p>\n","protected":false},"excerpt":{"rendered":"<p>Yeni ku\u015fak T\u00fcrklerin bilgi-ileti\u015fim odakl\u0131 \u00e7a\u011fda\u015f yeni d\u00fcnyay\u0131 yakalamas\u0131nda Yap\u0131 Kredi \u00e7ok b\u00fcy\u00fck rol oynam\u0131\u015ft\u0131r. Teknolojinin ak\u0131ll\u0131 kullan\u0131m\u0131na dayal\u0131, insana odakl\u0131, insan hayat\u0131n\u0131 kolayla\u015ft\u0131ran hizmeler -cep<span class=\"excerpt-hellip\"> [\u2026]<\/span><\/p>\n","protected":false},"featured_media":0,"template":"","meta":{"_monsterinsights_skip_tracking":false,"_monsterinsights_sitenote_active":false,"_monsterinsights_sitenote_note":"","_monsterinsights_sitenote_category":0},"product_brand":[],"product_cat":[12304,14128],"product_tag":[],"class_list":{"0":"post-725887","1":"product","2":"type-product","3":"status-publish","5":"product_cat-tarih","6":"product_cat-yakin-tarih","7":"pa_cilt-ciltsiz","8":"pa_tur-kitap","9":"pa_yayinevi-yapi-kredi-yayinlari","10":"pa_yazar-burhan-karacam","12":"first","13":"instock","14":"sale","15":"shipping-taxable","16":"purchasable","17":"product-type-simple"},"_links":{"self":[{"href":"https:\/\/roveyayinevi.com.tr\/index.php\/wp-json\/wp\/v2\/product\/725887","targetHints":{"allow":["GET"]}}],"collection":[{"href":"https:\/\/roveyayinevi.com.tr\/index.php\/wp-json\/wp\/v2\/product"}],"about":[{"href":"https:\/\/roveyayinevi.com.tr\/index.php\/wp-json\/wp\/v2\/types\/product"}],"wp:attachment":[{"href":"https:\/\/roveyayinevi.com.tr\/index.php\/wp-json\/wp\/v2\/media?parent=725887"}],"wp:term":[{"taxonomy":"product_brand","embeddable":true,"href":"https:\/\/roveyayinevi.com.tr\/index.php\/wp-json\/wp\/v2\/product_brand?post=725887"},{"taxonomy":"product_cat","embeddable":true,"href":"https:\/\/roveyayinevi.com.tr\/index.php\/wp-json\/wp\/v2\/product_cat?post=725887"},{"taxonomy":"product_tag","embeddable":true,"href":"https:\/\/roveyayinevi.com.tr\/index.php\/wp-json\/wp\/v2\/product_tag?post=725887"}],"curies":[{"name":"wp","href":"https:\/\/api.w.org\/{rel}","templated":true}]}}