{"id":725879,"date":"2025-08-27T19:57:19","date_gmt":"2025-08-27T16:57:19","guid":{"rendered":"https:\/\/roveyayinevi.com.tr\/index.php\/urun\/heyula-2\/"},"modified":"2026-04-16T02:33:39","modified_gmt":"2026-04-15T23:33:39","slug":"heyula-2","status":"publish","type":"product","link":"https:\/\/roveyayinevi.com.tr\/index.php\/urun\/heyula-2\/","title":{"rendered":"Heyula"},"content":{"rendered":"<p>\u2026rutin i\u015f haline gelen kap\u0131yla d\u00f6v\u00fc\u015f\u00fcne devam etmek i\u00e7in bir elinde yast\u0131k, di\u011ferinde kap\u0131 tokma\u011f\u0131yla s\u00fcr\u00fcnmeye ba\u015flad\u0131. H\u0131rpalanm\u0131\u015f kap\u0131ya boylu boyunca bakt\u0131ktan sonra onun yenilmez oldu\u011funu d\u00fc\u015f\u00fcnd\u00fc. G\u00f6zleri etrafta sert, keskin ve sivri bir nesneyi ar\u0131yordu. En az\u0131ndan \u00e7atal, ka\u015f\u0131k gibi bir \u015fey olsayd\u0131&#8230;\u201dHangi zaman\u0131, nerede ya\u015fad\u0131\u011f\u0131n\u0131n fark\u0131nda de\u011fildi. Ger\u00e7e\u011fin i\u00e7inde mi, yoksa d\u0131\u015f\u0131nda m\u0131yd\u0131? Do\u011fru neydi ve neyin aray\u0131\u015f\u0131ndayd\u0131? Ger\u00e7ek, hayal, r\u00fcya \u00fc\u00e7genindeki ya\u015fananlardan hangisi ger\u00e7e\u011fi yans\u0131t\u0131yordu? Peki, t\u00fcm bu gelgitler aras\u0131nda hangi boyuta ait oldu\u011funu bulabilecek miydi?Ne ad\u0131 san\u0131 belli ne cinsiyeti; ne milliyeti ne inanc\u0131 ne de ya\u015fad\u0131\u011f\u0131 yer\u2026 Sadece bir insand\u0131! Evet, sadece bir insan olmak, bir romana ilham kayna\u011f\u0131 i\u00e7in yeterdi. Eser; bu insan\u0131n bilinmeyen bir zamanda, bilinmeyen bir yerdeki tutsakl\u0131\u011f\u0131ndan kurtulma m\u00fccadelesinin yan\u0131nda, kendisiyle y\u00fczle\u015fmesini ve ger\u00e7e\u011fi arama gayretini anlat\u0131yor.***Yazar Zeki Marako\u011flu, Gaziantep n\u00fcfusuna kay\u0131tl\u0131 olup 1976 y\u0131l\u0131nda Ankara Polatl\u0131\u2019da do\u011fmu\u015ftur. Temel e\u011fitimini burada tamamlad\u0131ktan sonra 1998 y\u0131l\u0131nda Gazi \u00dcniversitesi Fen-Edebiyat Fak\u00fcltesi T\u00fcrk Dili ve Edebiyat\u0131 b\u00f6l\u00fcm\u00fcnden mezun oldu. T\u00fcrkiye\u2019nin \u00e7e\u015fitli illerinde Milli E\u011fitim Bakanl\u0131\u011f\u0131na ba\u011fl\u0131 bir\u00e7ok okulda \u00f6\u011fretmenlik ve y\u00f6neticilik yapt\u0131. Bu s\u00fcre zarf\u0131nda edebiyatla ba\u011f\u0131n\u0131 hi\u00e7 koparmayan yazar; roman, \u00f6yk\u00fc, tiyatro, \u015fiir, senaryo gibi dallarda redakt\u00f6rl\u00fck ve edit\u00f6rl\u00fck yapt\u0131. \u0130lk eseri olan A\u015fk\u0131n Pe\u015finde (2018) ile yaz\u0131n hayat\u0131na ad\u0131m atan Marako\u011flu; Ge\u00e7mi\u015ften Ka\u00e7\u0131\u015f (2019), \u00c7\u00f6ldeki Hil\u00e2l (2019) adl\u0131 romanlar\u0131yla edebiyat d\u00fcnyas\u0131na katk\u0131 sa\u011flam\u0131\u015ft\u0131r. Ayr\u0131ca ilk roman\u0131n\u0131n Azerice terc\u00fcmesi E\u015fqin \u0130zind\u0259 (2019) ile Azeri okurlar\u0131n da be\u011feni ve takdirini kazanm\u0131\u015ft\u0131r<\/p>\n","protected":false},"excerpt":{"rendered":"<p>\u2026rutin i\u015f haline gelen kap\u0131yla d\u00f6v\u00fc\u015f\u00fcne devam etmek i\u00e7in bir elinde yast\u0131k, di\u011ferinde kap\u0131 tokma\u011f\u0131yla s\u00fcr\u00fcnmeye ba\u015flad\u0131. H\u0131rpalanm\u0131\u015f kap\u0131ya boylu boyunca bakt\u0131ktan sonra onun yenilmez oldu\u011funu<span class=\"excerpt-hellip\"> [\u2026]<\/span><\/p>\n","protected":false},"featured_media":0,"template":"","meta":{"_monsterinsights_skip_tracking":false,"_monsterinsights_sitenote_active":false,"_monsterinsights_sitenote_note":"","_monsterinsights_sitenote_category":0},"product_brand":[],"product_cat":[12291,12711],"product_tag":[],"class_list":{"0":"post-725879","1":"product","2":"type-product","3":"status-publish","5":"product_cat-edebiyat","6":"product_cat-roman-oyku","7":"pa_cilt-ciltsiz","8":"pa_tur-kitap","9":"pa_yayinevi-vaveyla-yayincilik","10":"pa_yazar-zeki-marakoglu","12":"first","13":"instock","14":"sale","15":"shipping-taxable","16":"purchasable","17":"product-type-simple"},"_links":{"self":[{"href":"https:\/\/roveyayinevi.com.tr\/index.php\/wp-json\/wp\/v2\/product\/725879","targetHints":{"allow":["GET"]}}],"collection":[{"href":"https:\/\/roveyayinevi.com.tr\/index.php\/wp-json\/wp\/v2\/product"}],"about":[{"href":"https:\/\/roveyayinevi.com.tr\/index.php\/wp-json\/wp\/v2\/types\/product"}],"wp:attachment":[{"href":"https:\/\/roveyayinevi.com.tr\/index.php\/wp-json\/wp\/v2\/media?parent=725879"}],"wp:term":[{"taxonomy":"product_brand","embeddable":true,"href":"https:\/\/roveyayinevi.com.tr\/index.php\/wp-json\/wp\/v2\/product_brand?post=725879"},{"taxonomy":"product_cat","embeddable":true,"href":"https:\/\/roveyayinevi.com.tr\/index.php\/wp-json\/wp\/v2\/product_cat?post=725879"},{"taxonomy":"product_tag","embeddable":true,"href":"https:\/\/roveyayinevi.com.tr\/index.php\/wp-json\/wp\/v2\/product_tag?post=725879"}],"curies":[{"name":"wp","href":"https:\/\/api.w.org\/{rel}","templated":true}]}}