{"id":725878,"date":"2025-08-27T19:57:18","date_gmt":"2025-08-27T16:57:18","guid":{"rendered":"https:\/\/roveyayinevi.com.tr\/index.php\/urun\/yunan-kulturu-tarihi\/"},"modified":"2026-04-16T02:33:39","modified_gmt":"2026-04-15T23:33:39","slug":"yunan-kulturu-tarihi","status":"publish","type":"product","link":"https:\/\/roveyayinevi.com.tr\/index.php\/urun\/yunan-kulturu-tarihi\/","title":{"rendered":"Yunan K\u00fclt\u00fcr\u00fc Tarihi"},"content":{"rendered":"<p>Yunan K\u00fclt\u00fcr\u00fc Tarihi\u2019nde Burckhardt Yunan tarihini \u00f6vmedi; daha \u00e7ok, antik Yunan\u2019\u0131n karmakar\u0131\u015f\u0131k, yavan geli\u015fmeleriyle birlikte tamam\u0131yla ger\u00e7ek\u00e7i bir tasvirine giri\u015fti. Helen sanat\u0131n\u0131n ve d\u00fc\u015f\u00fcncesinin s\u00fcr\u00fcp giden de\u011ferine ve ihti\u015fam\u0131na g\u00f6lge d\u00fc\u015f\u00fcrmeden, Yunan sistemlerinin zay\u0131fl\u0131\u011f\u0131n\u0131, \u00f6zellikle Atina demokrasisinin \u00fcz\u00fcc\u00fc durumunu \u00e7ekinmeden tasvir etti. Kendine verdi\u011fi g\u00f6revin bir b\u00f6l\u00fcm\u00fcn\u00fc \u015f\u00f6yle anlatt\u0131:Amac\u0131m, antik Yunan k\u00fclt\u00fcr\u00fcne ilgiyi canl\u0131 tutmak. \u00d6vmek niyetinde de\u011filim, ne de ho\u015f g\u00f6stermek istiyorum. Ama Yunan d\u00fc\u015f\u00fcncesinin b\u00fcy\u00fck d\u00fcnya tarihindeki ve Do\u011fuyla Bat\u0131 aras\u0131ndaki konumu a\u00e7\u0131kl\u0131\u011fa kavu\u015fturulmal\u0131. Yunanlar ne yapt\u0131lar ve ne s\u00fcrd\u00fcrd\u00fclerse kendilerinden \u00f6nceki b\u00fct\u00fcn halklardan farkl\u0131 yap\u0131p s\u00fcrd\u00fcrd\u00fcler. Ba\u015fkalar\u0131n\u0131n can s\u0131k\u0131c\u0131 zorunluluktan ya\u015fad\u0131\u011f\u0131 ve eylemde bulundu\u011fu yerde onlar \u00f6zg\u00fcr, do\u011fal, \u00f6zg\u00fcn ve fark\u0131nda oldular. Bu nedenle, faaliyetleri ve kapasiteleriyle asl\u0131nda insanlar\u0131n yetenekli \u0131rk\u0131 gibi g\u00f6r\u00fcn\u00fcrler, \u00e7\u00fcnk\u00fc yetenekli denecek bir halk\u0131n b\u00fct\u00fcn hatalar\u0131n\u0131 ve ac\u0131lar\u0131n\u0131 ya\u015fam\u0131\u015flard\u0131r.\u0130drak d\u00fcnyas\u0131nda Yunanlar ba\u015far\u0131n\u0131n s\u0131n\u0131rlar\u0131n\u0131 zorlad\u0131lar, \u015fayet insanlar\u0131n ba\u015far\u0131lar\u0131 Yunanlar\u0131nkine denk de\u011filse bunun k\u0131ymetini bilmezlik ve istemezlik etmemeliler.  Yunan ba\u015far\u0131lar\u0131 \u00f6yleydi ki gelecek ku\u015faklar\u0131n Helen hayat tarz\u0131n\u0131 \u00f6\u011frenmekten ba\u015fka se\u00e7imi yoktu. Bu \u00e7abaya kat\u0131lmaktan vazge\u00e7enler k\u00fclt\u00fcr\u00fcn durgun sular\u0131nda \u00e7aresiz durumda kal\u0131rlar.<\/p>\n","protected":false},"excerpt":{"rendered":"<p>Yunan K\u00fclt\u00fcr\u00fc Tarihi\u2019nde Burckhardt Yunan tarihini \u00f6vmedi; daha \u00e7ok, antik Yunan\u2019\u0131n karmakar\u0131\u015f\u0131k, yavan geli\u015fmeleriyle birlikte tamam\u0131yla ger\u00e7ek\u00e7i bir tasvirine giri\u015fti. Helen sanat\u0131n\u0131n ve d\u00fc\u015f\u00fcncesinin s\u00fcr\u00fcp giden<span class=\"excerpt-hellip\"> [\u2026]<\/span><\/p>\n","protected":false},"featured_media":0,"template":"","meta":{"_monsterinsights_skip_tracking":false,"_monsterinsights_sitenote_active":false,"_monsterinsights_sitenote_note":"","_monsterinsights_sitenote_category":0},"product_brand":[],"product_cat":[12312,12304],"product_tag":[],"class_list":{"0":"post-725878","1":"product","2":"type-product","3":"status-publish","5":"product_cat-diger","6":"product_cat-tarih","7":"pa_cilt-ciltsiz","8":"pa_tur-kitap","9":"pa_yayinevi-pinhan-yayincilik","10":"pa_yazar-jacob-burckhardt","12":"first","13":"instock","14":"sale","15":"shipping-taxable","16":"purchasable","17":"product-type-simple"},"_links":{"self":[{"href":"https:\/\/roveyayinevi.com.tr\/index.php\/wp-json\/wp\/v2\/product\/725878","targetHints":{"allow":["GET"]}}],"collection":[{"href":"https:\/\/roveyayinevi.com.tr\/index.php\/wp-json\/wp\/v2\/product"}],"about":[{"href":"https:\/\/roveyayinevi.com.tr\/index.php\/wp-json\/wp\/v2\/types\/product"}],"wp:attachment":[{"href":"https:\/\/roveyayinevi.com.tr\/index.php\/wp-json\/wp\/v2\/media?parent=725878"}],"wp:term":[{"taxonomy":"product_brand","embeddable":true,"href":"https:\/\/roveyayinevi.com.tr\/index.php\/wp-json\/wp\/v2\/product_brand?post=725878"},{"taxonomy":"product_cat","embeddable":true,"href":"https:\/\/roveyayinevi.com.tr\/index.php\/wp-json\/wp\/v2\/product_cat?post=725878"},{"taxonomy":"product_tag","embeddable":true,"href":"https:\/\/roveyayinevi.com.tr\/index.php\/wp-json\/wp\/v2\/product_tag?post=725878"}],"curies":[{"name":"wp","href":"https:\/\/api.w.org\/{rel}","templated":true}]}}