{"id":725877,"date":"2025-08-27T19:57:17","date_gmt":"2025-08-27T16:57:17","guid":{"rendered":"https:\/\/roveyayinevi.com.tr\/index.php\/urun\/altin-gol\/"},"modified":"2026-04-16T02:33:39","modified_gmt":"2026-04-15T23:33:39","slug":"altin-gol","status":"publish","type":"product","link":"https:\/\/roveyayinevi.com.tr\/index.php\/urun\/altin-gol\/","title":{"rendered":"Alt\u0131n G\u00f6l"},"content":{"rendered":"<p>On iki ya\u015f\u0131ndaki Kayra ve ailesi, g\u00fczel bir f\u0131rsat\u0131 de\u011ferlendiren annesi sayesinde, babas\u0131n\u0131n b\u00fcy\u00fcd\u00fc\u011f\u00fc m\u00fcstakil evi sat\u0131n al\u0131p yaz tatilinden k\u0131sa bir s\u00fcre \u00f6nce oraya ta\u015f\u0131n\u0131rlar. Hem ba\u015far\u0131l\u0131 hem de g\u00fczel ablas\u0131 Cansu, ressam babas\u0131 Selim ve \u00f6\u011fretmen annesi Banu ile birlikte Kayra, bu yeni evi s\u0131ms\u0131cak bir yuvaya d\u00f6n\u00fc\u015ft\u00fcrmek \u00fczere kollar\u0131 s\u0131var. \u00c7ok ge\u00e7meden kar\u015f\u0131 evde ya\u015fayan Ebru ile tan\u0131\u015fan Kayra, daha o anda kalbini p\u0131r p\u0131r ettiren yeni bir duygunun etkisi alt\u0131na girmi\u015ftir bile! G\u00fczel bir arkada\u015fl\u0131kla beslenen bu yeni duygu, o yaz\u0131n di\u011fer t\u00fcm yazlardan farkl\u0131 olaca\u011f\u0131n\u0131n da bir habercisidir\u2026\u00c7ocuk kitaplar\u0131 yazar\u0131 P\u0131nar G\u00f6\u00e7er\u2019in kaleminden \u00e7\u0131kan Alt\u0131n G\u00f6l kitab\u0131nda ba\u015fkarakterimiz Kayra\u2019y\u0131, tatil yapt\u0131klar\u0131 Alt\u0131n G\u00f6l\u2019de esrarengiz adamlar\u0131n pe\u015fine d\u00fc\u015fecekleri, tesad\u00fcfen tan\u0131\u015ft\u0131\u011f\u0131 \u00fcnl\u00fc bir moda tasar\u0131mc\u0131s\u0131 sayesinde yarat\u0131c\u0131 y\u00f6n\u00fcn\u00fcn s\u0131n\u0131rlar\u0131n\u0131 ke\u015ffedece\u011fi ve a\u015fk denen gizemli duygunun anlam\u0131n\u0131 \u00e7\u00f6zmeye \u00e7al\u0131\u015faca\u011f\u0131, unutulmaz bir yaz tatili beklemektedir\u2026<\/p>\n","protected":false},"excerpt":{"rendered":"<p>On iki ya\u015f\u0131ndaki Kayra ve ailesi, g\u00fczel bir f\u0131rsat\u0131 de\u011ferlendiren annesi sayesinde, babas\u0131n\u0131n b\u00fcy\u00fcd\u00fc\u011f\u00fc m\u00fcstakil evi sat\u0131n al\u0131p yaz tatilinden k\u0131sa bir s\u00fcre \u00f6nce oraya ta\u015f\u0131n\u0131rlar.<span class=\"excerpt-hellip\"> [\u2026]<\/span><\/p>\n","protected":false},"featured_media":0,"template":"","meta":{"_monsterinsights_skip_tracking":false,"_monsterinsights_sitenote_active":false,"_monsterinsights_sitenote_note":"","_monsterinsights_sitenote_category":0},"product_brand":[],"product_cat":[12274,12284],"product_tag":[],"class_list":{"0":"post-725877","1":"product","2":"type-product","3":"status-publish","5":"product_cat-cocuk-ve-genclik-kitaplari","6":"product_cat-hikayeler","7":"pa_cilt-ciltsiz","8":"pa_tur-kitap","9":"pa_yayinevi-ithaki-yayinlari","10":"pa_yazar-pinar-gocer","12":"first","13":"instock","14":"sale","15":"shipping-taxable","16":"purchasable","17":"product-type-simple"},"_links":{"self":[{"href":"https:\/\/roveyayinevi.com.tr\/index.php\/wp-json\/wp\/v2\/product\/725877","targetHints":{"allow":["GET"]}}],"collection":[{"href":"https:\/\/roveyayinevi.com.tr\/index.php\/wp-json\/wp\/v2\/product"}],"about":[{"href":"https:\/\/roveyayinevi.com.tr\/index.php\/wp-json\/wp\/v2\/types\/product"}],"wp:attachment":[{"href":"https:\/\/roveyayinevi.com.tr\/index.php\/wp-json\/wp\/v2\/media?parent=725877"}],"wp:term":[{"taxonomy":"product_brand","embeddable":true,"href":"https:\/\/roveyayinevi.com.tr\/index.php\/wp-json\/wp\/v2\/product_brand?post=725877"},{"taxonomy":"product_cat","embeddable":true,"href":"https:\/\/roveyayinevi.com.tr\/index.php\/wp-json\/wp\/v2\/product_cat?post=725877"},{"taxonomy":"product_tag","embeddable":true,"href":"https:\/\/roveyayinevi.com.tr\/index.php\/wp-json\/wp\/v2\/product_tag?post=725877"}],"curies":[{"name":"wp","href":"https:\/\/api.w.org\/{rel}","templated":true}]}}