{"id":725876,"date":"2025-08-27T19:57:16","date_gmt":"2025-08-27T16:57:16","guid":{"rendered":"https:\/\/roveyayinevi.com.tr\/index.php\/urun\/sosyoloji-sozlugu-ciltli\/"},"modified":"2026-04-16T02:33:39","modified_gmt":"2026-04-15T23:33:39","slug":"sosyoloji-sozlugu-ciltli","status":"publish","type":"product","link":"https:\/\/roveyayinevi.com.tr\/index.php\/urun\/sosyoloji-sozlugu-ciltli\/","title":{"rendered":"Sosyoloji S\u00f6zl\u00fc\u011f\u00fc ( Ciltli )"},"content":{"rendered":"<p>Klasiklerin ve \u00e7a\u011fda\u015flar\u0131n yetkin ve kapsay\u0131c\u0131 bir genel tasla\u011f\u0131n\u0131 sunan bu kitap, canl\u0131 ve geni\u015fleyen sosyoloji alan\u0131 i\u00e7in vazge\u00e7ilmez bir rehberdir.K\u0131sa tan\u0131mlardan tart\u0131\u015fmac\u0131 makalelere kadar, d\u00fcnyan\u0131n her bir taraf\u0131ndan alan\u0131nda uzman akademisyenlerce yaz\u0131lm\u0131\u015f 600\u2019den fazla madde i\u00e7eren S\u00f6zl\u00fck hem Amerika hem de Avrupa geleneklerini ve yakla\u015f\u0131mlar\u0131n\u0131 inceleyerek ger\u00e7ek bir global perspektif sunuyor.Alandaki her bir kilit kavram \u00fczerine esasl\u0131 yaz\u0131larla birlikte maddeler, ekolleri, kuramlar\u0131, kuramc\u0131lar\u0131 ve tart\u0131\u015fmalar\u0131 kaps\u0131yor. Bir yandan tarihsel sosyoloji geleneklerinin zenginli\u011fini teslim ediyor; di\u011fer yandan, k\u00fclt\u00fcrel de\u011fi\u015fim, genetik, k\u00fcreselle\u015fme, haberle\u015fme teknolojileri, yeni sava\u015flar, ve ter\u00f6rizm gibi yeni ve geli\u015fen etkilerin pe\u015fine d\u00fc\u015f\u00fcyor. \u00c7o\u011fu madde, alandaki referans kaynaklar\u0131 da i\u00e7eriyor; \u00e7apraz referans sistemi ise ilgili alanlara eri\u015fimi kolayla\u015ft\u0131r\u0131yor.Bu S\u00f6zl\u00fck, hem \u00f6\u011frenciler hem de akademisyenler i\u00e7in e\u015fsiz bir kaynakt\u0131r, ve \u00f6n\u00fcm\u00fczdeki y\u0131llarda da sosyoloji alan\u0131n\u0131 tan\u0131mlamaya yard\u0131mc\u0131 olacakt\u0131r.<\/p>\n","protected":false},"excerpt":{"rendered":"<p>Klasiklerin ve \u00e7a\u011fda\u015flar\u0131n yetkin ve kapsay\u0131c\u0131 bir genel tasla\u011f\u0131n\u0131 sunan bu kitap, canl\u0131 ve geni\u015fleyen sosyoloji alan\u0131 i\u00e7in vazge\u00e7ilmez bir rehberdir.K\u0131sa tan\u0131mlardan tart\u0131\u015fmac\u0131 makalelere kadar, d\u00fcnyan\u0131n<span class=\"excerpt-hellip\"> [\u2026]<\/span><\/p>\n","protected":false},"featured_media":0,"template":"","meta":{"_monsterinsights_skip_tracking":false,"_monsterinsights_sitenote_active":false,"_monsterinsights_sitenote_note":"","_monsterinsights_sitenote_category":0},"product_brand":[],"product_cat":[12324,27533],"product_tag":[],"class_list":{"0":"post-725876","1":"product","2":"type-product","3":"status-publish","5":"product_cat-sosyoloji","6":"product_cat-sosyolojiye-giris","7":"pa_cilt-ciltli","8":"pa_tur-kitap","9":"pa_yayinevi-pinhan-yayincilik","10":"pa_yazar-bryan-s-turner","12":"first","13":"instock","14":"sale","15":"shipping-taxable","16":"purchasable","17":"product-type-simple"},"_links":{"self":[{"href":"https:\/\/roveyayinevi.com.tr\/index.php\/wp-json\/wp\/v2\/product\/725876","targetHints":{"allow":["GET"]}}],"collection":[{"href":"https:\/\/roveyayinevi.com.tr\/index.php\/wp-json\/wp\/v2\/product"}],"about":[{"href":"https:\/\/roveyayinevi.com.tr\/index.php\/wp-json\/wp\/v2\/types\/product"}],"wp:attachment":[{"href":"https:\/\/roveyayinevi.com.tr\/index.php\/wp-json\/wp\/v2\/media?parent=725876"}],"wp:term":[{"taxonomy":"product_brand","embeddable":true,"href":"https:\/\/roveyayinevi.com.tr\/index.php\/wp-json\/wp\/v2\/product_brand?post=725876"},{"taxonomy":"product_cat","embeddable":true,"href":"https:\/\/roveyayinevi.com.tr\/index.php\/wp-json\/wp\/v2\/product_cat?post=725876"},{"taxonomy":"product_tag","embeddable":true,"href":"https:\/\/roveyayinevi.com.tr\/index.php\/wp-json\/wp\/v2\/product_tag?post=725876"}],"curies":[{"name":"wp","href":"https:\/\/api.w.org\/{rel}","templated":true}]}}