{"id":725875,"date":"2025-08-27T19:57:15","date_gmt":"2025-08-27T16:57:15","guid":{"rendered":"https:\/\/roveyayinevi.com.tr\/index.php\/urun\/secilmis-olanlar-ciltli\/"},"modified":"2026-04-16T02:33:39","modified_gmt":"2026-04-15T23:33:39","slug":"secilmis-olanlar-ciltli","status":"publish","type":"product","link":"https:\/\/roveyayinevi.com.tr\/index.php\/urun\/secilmis-olanlar-ciltli\/","title":{"rendered":"Se\u00e7ilmi\u015f Olanlar ( C\u0130ltli )"},"content":{"rendered":"<p>D\u00fcnyay\u0131 bir kez kurtard\u0131lar. Peki ya sonra?Y\u0131llar \u00f6nce, g\u00f6r\u00fcn\u00fcrde hi\u00e7bir s\u0131rad\u0131\u015f\u0131 \u00f6zellikleri olmayan be\u015f gen\u00e7 \u2013Sloane, Matt, Ines, Albie ve Esther\u2013 i\u00e7in h\u00fck\u00fcmet \u00f6zel bir plan yapm\u0131\u015ft\u0131. B\u00fcy\u00fcn\u00fcn kap\u0131lar\u0131 a\u00e7\u0131ld\u0131\u011f\u0131nda, Karanl\u0131k denen d\u00fc\u015fman sa\u00e7t\u0131\u011f\u0131 deh\u015fetle b\u00fcy\u00fck bir y\u0131k\u0131ma ve pek \u00e7ok ki\u015finin \u00f6l\u00fcm\u00fcne neden olmu\u015ftu. Kehanete g\u00f6re ise insanl\u0131\u011f\u0131n tek \u00fcmidi Se\u00e7ilmi\u015f Olanlard\u0131. B\u00fcy\u00fck bedeller \u00f6demi\u015f olsalar da zafer tabii ki onlar\u0131n olmu\u015ftu.Karanl\u0131k yenildikten on y\u0131l sonra h\u00e2l\u00e2 yery\u00fcz\u00fcndeki en \u00fcnl\u00fc insanlar olsalar da yeni nesil, o korku dolu g\u00fcnleri hi\u00e7 hat\u0131rlam\u0131yor gibiydi. Fakat Sloane hat\u0131rl\u0131yordu. Att\u0131\u011f\u0131 her ad\u0131m takip edilir ve geceleri k\u00e2buslarla doluyken unutmas\u0131n\u0131n imk\u00e2n\u0131 yoktu.Onuncu Y\u0131l Bar\u0131\u015f Kutlamalar\u0131 onlara yeni ve \u00e7ok k\u00f6t\u00fc bir s\u00fcrpriz haz\u0131rl\u0131yordu: \u0130\u00e7lerinden birinin ani \u00f6l\u00fcm\u00fc. Zaferleri an\u0131s\u0131na dikilen an\u0131t\u0131n \u00f6n\u00fcnde cenaze i\u00e7in topland\u0131klar\u0131nda, korktuklar\u0131 ba\u015flar\u0131na gelecek ve her \u015feyin daha yeni ba\u015flad\u0131\u011f\u0131n\u0131, Karanl\u0131k\u2019\u0131n as\u0131l hedefinin bildikleri d\u00fcnyan\u0131n \u00e7ok \u00f6tesinde oldu\u011funu ke\u015ffedeceklerdi.Time, Entertainment Weekly, USA Today, Fortune, Business Insider, Marie Claire, PopSugar, PureWow, Tor.com, Huffington Post, BookRiot, Literary Hub, Buzzfeed, IndieNext ve Amazon\u2019a g\u00f6re 2020 Nisan ay\u0131n\u0131n en iyi kitab\u0131\u201cB\u00fcy\u00fcn\u00fcn ve sava\u015f\u0131n labirentlerinden ge\u00e7erek do\u011fruca kalbi hedef alan, ters k\u00f6\u015fesi bol bir hik\u00e2ye.\u201d \u2014DIANA GABALDON\u201cDaha \u00f6nce okudu\u011fum hi\u00e7bir \u015feye benzemiyor. \u00c7arp\u0131c\u0131 bir gerilim\/fantastik\/bilimkurgu canavar\u0131.\u201d \u2014BLAKE CROUCH\u201cVeronica Roth \u00f6yle bir evren yaratm\u0131\u015f ki i\u00e7inden \u00e7\u0131kmak istemeyeceksiniz.\u201d \u2014AMBER BENSON\u201cBu kitap \u2018tek ger\u00e7ek kurtar\u0131c\u0131\u2019 hik\u00e2yelerinden s\u0131k\u0131lm\u0131\u015flara ila\u00e7 gibi gelecek. Fantastik romanlardaki kahramanlara bir daha asla ayn\u0131 g\u00f6zle bakmayacaks\u0131n\u0131z.\u201d \u2014CHARLIE JANE ANDERS\u201cG\u00fcn\u00fcn birinde ka\u00e7\u0131n\u0131lmaz olan ger\u00e7ekle\u015fip de Se\u00e7ilmi\u015f Olanlar ekrana uyarland\u0131\u011f\u0131nda, umar\u0131m Roth\u2019un o muazzam ve orijinal b\u00fcy\u00fc teorisini de kapsar.\u201d \u2014CHARLES YU\u201cVeronica Roth, yeti\u015fkin kurguya cesur bir giri\u015f yap\u0131yor. Hik\u00e2yenin bitmek bilmez aksiyonu bir yana, Roth\u2019un ergen-kahramanlar\u0131n bir yeti\u015fkin olarak neye d\u00f6n\u00fc\u015feceklerini kurgularken yapt\u0131\u011f\u0131 karakter \u00e7al\u0131\u015fmalar\u0131 acayip etkileyici.\u201d \u2014Kirkus Reviews, starred review\u201c\u015ea\u015f\u0131rt\u0131c\u0131 g\u00fc\u00e7 oyunlar\u0131ndan ve olduk\u00e7a detayl\u0131 in\u015fa edilmi\u015f d\u00fcnyalardan ho\u015flananlar, bu romana bay\u0131lacak. B\u00fcy\u00fc, kinaye ve bir tutam romantizm&#8230;\u201d \u2014Booklist<\/p>\n","protected":false},"excerpt":{"rendered":"<p>D\u00fcnyay\u0131 bir kez kurtard\u0131lar. Peki ya sonra?Y\u0131llar \u00f6nce, g\u00f6r\u00fcn\u00fcrde hi\u00e7bir s\u0131rad\u0131\u015f\u0131 \u00f6zellikleri olmayan be\u015f gen\u00e7 \u2013Sloane, Matt, Ines, Albie ve Esther\u2013 i\u00e7in h\u00fck\u00fcmet \u00f6zel bir plan<span class=\"excerpt-hellip\"> [\u2026]<\/span><\/p>\n","protected":false},"featured_media":0,"template":"","meta":{"_monsterinsights_skip_tracking":false,"_monsterinsights_sitenote_active":false,"_monsterinsights_sitenote_note":"","_monsterinsights_sitenote_category":0},"product_brand":[],"product_cat":[12291,14777],"product_tag":[],"class_list":{"0":"post-725875","1":"product","2":"type-product","3":"status-publish","5":"product_cat-edebiyat","6":"product_cat-fantastik","7":"pa_cilt-ciltli","8":"pa_tur-kitap","9":"pa_yayinevi-yabanci-yayinevi","10":"pa_yazar-veronica-roth","12":"first","13":"instock","14":"sale","15":"shipping-taxable","16":"purchasable","17":"product-type-simple"},"_links":{"self":[{"href":"https:\/\/roveyayinevi.com.tr\/index.php\/wp-json\/wp\/v2\/product\/725875","targetHints":{"allow":["GET"]}}],"collection":[{"href":"https:\/\/roveyayinevi.com.tr\/index.php\/wp-json\/wp\/v2\/product"}],"about":[{"href":"https:\/\/roveyayinevi.com.tr\/index.php\/wp-json\/wp\/v2\/types\/product"}],"wp:attachment":[{"href":"https:\/\/roveyayinevi.com.tr\/index.php\/wp-json\/wp\/v2\/media?parent=725875"}],"wp:term":[{"taxonomy":"product_brand","embeddable":true,"href":"https:\/\/roveyayinevi.com.tr\/index.php\/wp-json\/wp\/v2\/product_brand?post=725875"},{"taxonomy":"product_cat","embeddable":true,"href":"https:\/\/roveyayinevi.com.tr\/index.php\/wp-json\/wp\/v2\/product_cat?post=725875"},{"taxonomy":"product_tag","embeddable":true,"href":"https:\/\/roveyayinevi.com.tr\/index.php\/wp-json\/wp\/v2\/product_tag?post=725875"}],"curies":[{"name":"wp","href":"https:\/\/api.w.org\/{rel}","templated":true}]}}