{"id":725874,"date":"2025-08-27T19:57:14","date_gmt":"2025-08-27T16:57:14","guid":{"rendered":"https:\/\/roveyayinevi.com.tr\/index.php\/urun\/keske-koleksiyoncusu\/"},"modified":"2026-04-16T02:33:39","modified_gmt":"2026-04-15T23:33:39","slug":"keske-koleksiyoncusu","status":"publish","type":"product","link":"https:\/\/roveyayinevi.com.tr\/index.php\/urun\/keske-koleksiyoncusu\/","title":{"rendered":"Ke\u015fke Koleksiyoncusu"},"content":{"rendered":"<p>\u201cAyn\u0131 anda var olmu\u015f iki enerji d\u00fcnyan\u0131n iki farkl\u0131 ucuna da f\u0131rlat\u0131lsa ayn\u0131d\u0131r. Bir sa\u011fa giderken di\u011feri sola gitmez, birini yukar\u0131 kald\u0131rsan di\u011feri a\u015fa\u011f\u0131 inmez. Ayn\u0131 anda ayn\u0131 y\u00f6ne gitmek i\u00e7in, bir olmak i\u00e7in var olmu\u015flard\u0131r, dolan\u0131kt\u0131r onlar. D\u00fcnya\u2019n\u0131n iki farkl\u0131 ucunda dahi olsalar, ayr\u0131 dinden, ayr\u0131 milletten, ayr\u0131 dillerde konu\u015fan insanlar bile olsalar, er ya da ge\u00e7 bulurlar birbirlerini ve ilk bak\u0131\u015fta tan\u0131rlar.\u201d<\/p>\n","protected":false},"excerpt":{"rendered":"<p>\u201cAyn\u0131 anda var olmu\u015f iki enerji d\u00fcnyan\u0131n iki farkl\u0131 ucuna da f\u0131rlat\u0131lsa ayn\u0131d\u0131r. Bir sa\u011fa giderken di\u011feri sola gitmez, birini yukar\u0131 kald\u0131rsan di\u011feri a\u015fa\u011f\u0131 inmez. Ayn\u0131<span class=\"excerpt-hellip\"> [\u2026]<\/span><\/p>\n","protected":false},"featured_media":0,"template":"","meta":{"_monsterinsights_skip_tracking":false,"_monsterinsights_sitenote_active":false,"_monsterinsights_sitenote_note":"","_monsterinsights_sitenote_category":0},"product_brand":[],"product_cat":[12291,12711],"product_tag":[],"class_list":{"0":"post-725874","1":"product","2":"type-product","3":"status-publish","5":"product_cat-edebiyat","6":"product_cat-roman-oyku","7":"pa_cilt-ciltsiz","8":"pa_tur-kitap","9":"pa_yayinevi-ithaki-yayinlari","10":"pa_yazar-aysegul-kocabicak","12":"first","13":"instock","14":"sale","15":"shipping-taxable","16":"purchasable","17":"product-type-simple"},"_links":{"self":[{"href":"https:\/\/roveyayinevi.com.tr\/index.php\/wp-json\/wp\/v2\/product\/725874","targetHints":{"allow":["GET"]}}],"collection":[{"href":"https:\/\/roveyayinevi.com.tr\/index.php\/wp-json\/wp\/v2\/product"}],"about":[{"href":"https:\/\/roveyayinevi.com.tr\/index.php\/wp-json\/wp\/v2\/types\/product"}],"wp:attachment":[{"href":"https:\/\/roveyayinevi.com.tr\/index.php\/wp-json\/wp\/v2\/media?parent=725874"}],"wp:term":[{"taxonomy":"product_brand","embeddable":true,"href":"https:\/\/roveyayinevi.com.tr\/index.php\/wp-json\/wp\/v2\/product_brand?post=725874"},{"taxonomy":"product_cat","embeddable":true,"href":"https:\/\/roveyayinevi.com.tr\/index.php\/wp-json\/wp\/v2\/product_cat?post=725874"},{"taxonomy":"product_tag","embeddable":true,"href":"https:\/\/roveyayinevi.com.tr\/index.php\/wp-json\/wp\/v2\/product_tag?post=725874"}],"curies":[{"name":"wp","href":"https:\/\/api.w.org\/{rel}","templated":true}]}}