{"id":725872,"date":"2025-08-27T19:57:13","date_gmt":"2025-08-27T16:57:13","guid":{"rendered":"https:\/\/roveyayinevi.com.tr\/index.php\/urun\/gumus-hayal-ara-dunya-2\/"},"modified":"2026-04-16T02:33:39","modified_gmt":"2026-04-15T23:33:39","slug":"gumus-hayal-ara-dunya-2","status":"publish","type":"product","link":"https:\/\/roveyayinevi.com.tr\/index.php\/urun\/gumus-hayal-ara-dunya-2\/","title":{"rendered":"G\u00fcm\u00fc\u015f Hayal \u2013 Ara D\u00fcnya 2"},"content":{"rendered":"<p>Joey Harker hi\u00e7 de s\u0131radan biri olmad\u0131\u011f\u0131n\u0131 \u00f6\u011frenmi\u015fti&#8230;Joey Harker, t\u00fcm alternatif d\u00fcnyalar\u0131 b\u00fcnyesinde bar\u0131nd\u0131ran Altiverse\u2019\u00fc kurtarm\u0131\u015f, b\u00fcy\u00fcy\u00fc kullanarak Y\u00fcr\u00fcy\u00fc\u015f\u00e7\u00fclerin \u00f6zlerini ele ge\u00e7irmek isteyen HEX\u2019i yenmi\u015fti.Elbette ne HEX ne de \u0130kili uzun s\u00fcre sessiz kalacak organizasyonlard\u0131. Ara D\u00fcnya, ortaya \u00e7\u0131kan g\u00fc\u00e7l\u00fc Y\u00fcr\u00fcy\u00fc\u015f\u00e7\u00fcleri korumak ve saflar\u0131na katmak i\u00e7in bu organizasyonlarla olan m\u00fccadelesine devam ediyordu.Joey Harker, Ara D\u00fcnya\u2019n\u0131n bir askeri olarak hayat\u0131na al\u0131\u015fm\u0131\u015ft\u0131. Derslere, g\u00f6revlere, bir\u00e7ok farkl\u0131 evrenden gelen kendisiyle ya\u015famaya\u2026 Fakat \u00f6nemli bir g\u00f6rev sonras\u0131nda Joey ve ekibi, Ara D\u00fcnya\u2019ya oraya ait olmayan bir \u015fey getireceklerdi: Joey ve onun bir\u00e7ok alternatif versiyonuyla uzaktan yak\u0131ndan alakas\u0131 olmayan bir k\u0131z.Kimse onun hakk\u0131nda bir \u015fey bilmese de Acacia Jones, Ara D\u00fcnya hakk\u0131ndaki her \u015feyi biliyor gibiydi. K\u0131z\u0131n kulland\u0131\u011f\u0131 teknoloji, Ara D\u00fcnya\u2019da kullan\u0131lan teknolojiden \u00e7ok daha \u00fcst\u00fcnd\u00fc. Ve kimse, onun Ara D\u00fcnya\u2019ya kimseden yard\u0131m almadan nas\u0131l Y\u00fcr\u00fcyebildi\u011fini, orada neden bulundu\u011funu a\u00e7\u0131klayam\u0131yordu.Bu gizemli k\u0131z bir dost muydu, yoksa Ara D\u00fcnya\u2019ya s\u0131zmay\u0131 ba\u015faran bir casus mu?<\/p>\n","protected":false},"excerpt":{"rendered":"<p>Joey Harker hi\u00e7 de s\u0131radan biri olmad\u0131\u011f\u0131n\u0131 \u00f6\u011frenmi\u015fti&#8230;Joey Harker, t\u00fcm alternatif d\u00fcnyalar\u0131 b\u00fcnyesinde bar\u0131nd\u0131ran Altiverse\u2019\u00fc kurtarm\u0131\u015f, b\u00fcy\u00fcy\u00fc kullanarak Y\u00fcr\u00fcy\u00fc\u015f\u00e7\u00fclerin \u00f6zlerini ele ge\u00e7irmek isteyen HEX\u2019i yenmi\u015fti.Elbette ne<span class=\"excerpt-hellip\"> [\u2026]<\/span><\/p>\n","protected":false},"featured_media":0,"template":"","meta":{"_monsterinsights_skip_tracking":false,"_monsterinsights_sitenote_active":false,"_monsterinsights_sitenote_note":"","_monsterinsights_sitenote_category":0},"product_brand":[],"product_cat":[12540,12291],"product_tag":[],"class_list":{"0":"post-725872","1":"product","2":"type-product","3":"status-publish","5":"product_cat-bilim-kurgu","6":"product_cat-edebiyat","7":"pa_cilt-ciltli","8":"pa_tur-kitap","9":"pa_yayinevi-ithaki-yayinlari","10":"pa_yazar-ithaki-kolektif","12":"first","13":"instock","14":"sale","15":"shipping-taxable","16":"purchasable","17":"product-type-simple"},"_links":{"self":[{"href":"https:\/\/roveyayinevi.com.tr\/index.php\/wp-json\/wp\/v2\/product\/725872","targetHints":{"allow":["GET"]}}],"collection":[{"href":"https:\/\/roveyayinevi.com.tr\/index.php\/wp-json\/wp\/v2\/product"}],"about":[{"href":"https:\/\/roveyayinevi.com.tr\/index.php\/wp-json\/wp\/v2\/types\/product"}],"wp:attachment":[{"href":"https:\/\/roveyayinevi.com.tr\/index.php\/wp-json\/wp\/v2\/media?parent=725872"}],"wp:term":[{"taxonomy":"product_brand","embeddable":true,"href":"https:\/\/roveyayinevi.com.tr\/index.php\/wp-json\/wp\/v2\/product_brand?post=725872"},{"taxonomy":"product_cat","embeddable":true,"href":"https:\/\/roveyayinevi.com.tr\/index.php\/wp-json\/wp\/v2\/product_cat?post=725872"},{"taxonomy":"product_tag","embeddable":true,"href":"https:\/\/roveyayinevi.com.tr\/index.php\/wp-json\/wp\/v2\/product_tag?post=725872"}],"curies":[{"name":"wp","href":"https:\/\/api.w.org\/{rel}","templated":true}]}}