{"id":725871,"date":"2025-08-27T19:57:11","date_gmt":"2025-08-27T16:57:11","guid":{"rendered":"https:\/\/roveyayinevi.com.tr\/index.php\/urun\/sandman-9-merhametliler\/"},"modified":"2026-04-16T02:33:39","modified_gmt":"2026-04-15T23:33:39","slug":"sandman-9-merhametliler","status":"publish","type":"product","link":"https:\/\/roveyayinevi.com.tr\/index.php\/urun\/sandman-9-merhametliler\/","title":{"rendered":"Sandman 9: Merhametliler"},"content":{"rendered":"<p>T\u00fcm zamanlar\u0131n hem en pop\u00fcler hem de ele\u015ftirmenlerce en \u00e7ok be\u011fenilen grafik romanlar\u0131ndan biri olan SANDMAN, \u00e7izgi roman d\u00fcnyas\u0131nda olgun ve lirik fantazinin d\u00f6n\u00fcm noktas\u0131 oldu. Mecran\u0131n en aranan sanat\u00e7\u0131lar\u0131n\u0131n resimlendirdi\u011fi seri, modern ve antik mitolojilerin \u00e7a\u011fda\u015f kurgularla, tarihi dramalarla ve efsanelerle beraber dokundu\u011fu zengin bir kar\u0131\u015f\u0131m.Onlar\u0131n bir\u00e7ok ad\u0131 vard\u0131r. Erinyeler. Eumendiler. Dirae. Tanr\u0131\u00e7alar. Affetmeyen ve durdurulamayan bu intikam el\u00e7ileri i\u015flenen su\u00e7 kanla temizlenmedik\u00e7e huzur bulmazlar. \u0130\u015fte, bebe\u011fi Daniel ondan al\u0131nd\u0131\u011f\u0131nda Lyta Hall onlardan, MERHAMETL\u0130LER\u2019den yard\u0131m istiyor ve Sonsuzlar\u2019dan R\u00fcya onlar\u0131n ana hedefi haline geliyor. Ama bir annenin kederi ve inat\u00e7\u0131l\u0131\u011f\u0131n\u0131n ard\u0131nda karanl\u0131k g\u00fc\u00e7ler i\u015f ba\u015f\u0131nda ve harekete ge\u00e7irdikleri \u015fey nihayetinde D\u00fc\u015flem\u2019in daha \u00f6nce hi\u00e7 g\u00f6rmedi\u011fi kadar b\u00fcy\u00fck bir kurban gerektirecek.Frank McConnell\u2019\u0131n \u00f6ns\u00f6z\u00fcyle\u201c\u00c7izgi roman okuyup okumaman\u0131z umurumda bile de\u011fil ama bu seriyi kesinlikle okumal\u0131s\u0131n\u0131z.\u201d \u2013Patrick Rothfuss<\/p>\n","protected":false},"excerpt":{"rendered":"<p>T\u00fcm zamanlar\u0131n hem en pop\u00fcler hem de ele\u015ftirmenlerce en \u00e7ok be\u011fenilen grafik romanlar\u0131ndan biri olan SANDMAN, \u00e7izgi roman d\u00fcnyas\u0131nda olgun ve lirik fantazinin d\u00f6n\u00fcm noktas\u0131 oldu.<span class=\"excerpt-hellip\"> [\u2026]<\/span><\/p>\n","protected":false},"featured_media":0,"template":"","meta":{"_monsterinsights_skip_tracking":false,"_monsterinsights_sitenote_active":false,"_monsterinsights_sitenote_note":"","_monsterinsights_sitenote_category":0},"product_brand":[],"product_cat":[12416,12291],"product_tag":[],"class_list":{"0":"post-725871","1":"product","2":"type-product","3":"status-publish","5":"product_cat-cizgi-roman","6":"product_cat-edebiyat","7":"pa_cilt-ciltsiz","8":"pa_tur-kitap","9":"pa_yayinevi-ithaki-yayinlari","10":"pa_yazar-neil-gaiman","12":"first","13":"instock","14":"sale","15":"shipping-taxable","16":"purchasable","17":"product-type-simple"},"_links":{"self":[{"href":"https:\/\/roveyayinevi.com.tr\/index.php\/wp-json\/wp\/v2\/product\/725871","targetHints":{"allow":["GET"]}}],"collection":[{"href":"https:\/\/roveyayinevi.com.tr\/index.php\/wp-json\/wp\/v2\/product"}],"about":[{"href":"https:\/\/roveyayinevi.com.tr\/index.php\/wp-json\/wp\/v2\/types\/product"}],"wp:attachment":[{"href":"https:\/\/roveyayinevi.com.tr\/index.php\/wp-json\/wp\/v2\/media?parent=725871"}],"wp:term":[{"taxonomy":"product_brand","embeddable":true,"href":"https:\/\/roveyayinevi.com.tr\/index.php\/wp-json\/wp\/v2\/product_brand?post=725871"},{"taxonomy":"product_cat","embeddable":true,"href":"https:\/\/roveyayinevi.com.tr\/index.php\/wp-json\/wp\/v2\/product_cat?post=725871"},{"taxonomy":"product_tag","embeddable":true,"href":"https:\/\/roveyayinevi.com.tr\/index.php\/wp-json\/wp\/v2\/product_tag?post=725871"}],"curies":[{"name":"wp","href":"https:\/\/api.w.org\/{rel}","templated":true}]}}