{"id":725870,"date":"2025-08-27T19:57:11","date_gmt":"2025-08-27T16:57:11","guid":{"rendered":"https:\/\/roveyayinevi.com.tr\/index.php\/urun\/fe-tonun-solculari\/"},"modified":"2026-04-16T02:33:39","modified_gmt":"2026-04-15T23:33:39","slug":"fe-tonun-solculari","status":"publish","type":"product","link":"https:\/\/roveyayinevi.com.tr\/index.php\/urun\/fe-tonun-solculari\/","title":{"rendered":"Fe t\u00f6&#8217;n\u00fcn Solcular\u0131"},"content":{"rendered":"<p>FE*T\u00d6\u2019n\u00fcn \u201csolcular\u0131\u201d, eski solcuydu&#8230;Davadan d\u00f6nm\u00fc\u015f, ba\u015fkalar\u0131n\u0131n davalar\u0131na hizmet etmekteydiler. Eski solculuk g\u00fcnleri nedeniyle birikimliydiler. Bu nedenle Turgut \u00d6zal\u2019a, Fet*hullah G\u00fclen\u2019e ideolojik gladyat\u00f6rl\u00fck yapt\u0131lar.Fet*hullah G\u00fclen \u00f6rg\u00fc*t\u00fcn\u00fcn bu \u201ceski solcular\u0131\u201d avlamas\u0131 kolay oldu. \u00c7\u00fcnk\u00fc sistemin i\u00e7inde nemalanmaya haz\u0131r beklemek, avlanmaya haz\u0131r beklemek demekti. Abant Platformu\u2019nun toplant\u0131lar\u0131nda verilen dolar dolu zarflarla ba\u015flayan ili\u015fkiler, G\u00fclen\u2019in gazetelerinde k\u00f6\u015felere, TV\u2019lerinde programlara ve elbette olduk\u00e7a y\u00fckl\u00fc maa\u015flara d\u00f6n\u00fc\u015ft\u00fc&#8230; FE*T\u00d6\u2019y\u00fc toplum nezdinde normalle\u015ftirmeye \u00e7al\u0131\u015fmaktan, G\u00fclen\u2019in politikalar\u0131n\u0131 egemen k\u0131lmaya kadar pek \u00e7ok FE*T\u00d6 i\u015finde g\u00f6rev ald\u0131lar&#8230;FE*T\u00d6 ad\u0131na organizasyonlar yapt\u0131lar, FE*T\u00d6 ad\u0131na imzalar toplad\u0131lar, FE*T\u00d6 ad\u0131na ekranlardan propaganda yapt\u0131lar&#8230; Hikmet \u00c7i\u00e7ek FE*T\u00d6\u2019n\u00fcn \u201cSolcular\u0131\u201d kitab\u0131yla onlar\u0131n \u00f6yk\u00fclerini, ibretlik belgeselini yazd\u0131&#8230;<\/p>\n","protected":false},"excerpt":{"rendered":"<p>FE*T\u00d6\u2019n\u00fcn \u201csolcular\u0131\u201d, eski solcuydu&#8230;Davadan d\u00f6nm\u00fc\u015f, ba\u015fkalar\u0131n\u0131n davalar\u0131na hizmet etmekteydiler. Eski solculuk g\u00fcnleri nedeniyle birikimliydiler. Bu nedenle Turgut \u00d6zal\u2019a, Fet*hullah G\u00fclen\u2019e ideolojik gladyat\u00f6rl\u00fck yapt\u0131lar.Fet*hullah G\u00fclen \u00f6rg\u00fc*t\u00fcn\u00fcn bu<span class=\"excerpt-hellip\"> [\u2026]<\/span><\/p>\n","protected":false},"featured_media":0,"template":"","meta":{"_monsterinsights_skip_tracking":false,"_monsterinsights_sitenote_active":false,"_monsterinsights_sitenote_note":"","_monsterinsights_sitenote_category":0},"product_brand":[],"product_cat":[12346,12337],"product_tag":[],"class_list":{"0":"post-725870","1":"product","2":"type-product","3":"status-publish","5":"product_cat-derin-siyaset-komplo-teorileri","6":"product_cat-politika-siyaset","7":"pa_cilt-ciltsiz","8":"pa_tur-kitap","9":"pa_yayinevi-kirmizi-kedi-yayinevi","10":"pa_yazar-hikmet-cicek","12":"first","13":"instock","14":"sale","15":"shipping-taxable","16":"purchasable","17":"product-type-simple"},"_links":{"self":[{"href":"https:\/\/roveyayinevi.com.tr\/index.php\/wp-json\/wp\/v2\/product\/725870","targetHints":{"allow":["GET"]}}],"collection":[{"href":"https:\/\/roveyayinevi.com.tr\/index.php\/wp-json\/wp\/v2\/product"}],"about":[{"href":"https:\/\/roveyayinevi.com.tr\/index.php\/wp-json\/wp\/v2\/types\/product"}],"wp:attachment":[{"href":"https:\/\/roveyayinevi.com.tr\/index.php\/wp-json\/wp\/v2\/media?parent=725870"}],"wp:term":[{"taxonomy":"product_brand","embeddable":true,"href":"https:\/\/roveyayinevi.com.tr\/index.php\/wp-json\/wp\/v2\/product_brand?post=725870"},{"taxonomy":"product_cat","embeddable":true,"href":"https:\/\/roveyayinevi.com.tr\/index.php\/wp-json\/wp\/v2\/product_cat?post=725870"},{"taxonomy":"product_tag","embeddable":true,"href":"https:\/\/roveyayinevi.com.tr\/index.php\/wp-json\/wp\/v2\/product_tag?post=725870"}],"curies":[{"name":"wp","href":"https:\/\/api.w.org\/{rel}","templated":true}]}}