{"id":725869,"date":"2025-08-27T19:57:10","date_gmt":"2025-08-27T16:57:10","guid":{"rendered":"https:\/\/roveyayinevi.com.tr\/index.php\/urun\/dus-yakamdan-seytan\/"},"modified":"2026-04-13T02:41:36","modified_gmt":"2026-04-12T23:41:36","slug":"dus-yakamdan-seytan","status":"publish","type":"product","link":"https:\/\/roveyayinevi.com.tr\/index.php\/urun\/dus-yakamdan-seytan\/","title":{"rendered":"D\u00fc\u015f Yakamdan \u015eeytan"},"content":{"rendered":"<p>Tom Holland, Robert Pattinson ve Mia Wasiowska\u2019n\u0131n aralar\u0131nda bulundu\u011fu dev kadrolu Netflix filmi Devil All the Time\u2019\u0131n uyarland\u0131\u011f\u0131 \u015faheser: D\u00fc\u015f Yakamdan \u015eeytanDonald Ray Pollock, 1973\u2019ten 2005\u2019e kadar, dedesinin ve babas\u0131n\u0131n emekli oldu\u011fu Mead K\u00e2\u011f\u0131t Fabrikas\u0131\u2019nda \u00e7al\u0131\u015ft\u0131, kamyon \u015fof\u00f6rl\u00fc\u011f\u00fc yapt\u0131. Elli ya\u015f\u0131nda, bir \u00f6yk\u00fc kitab\u0131yla edebiyat d\u00fcnyas\u0131na ad\u0131m att\u0131, PEN\/Robert Bingham \u00d6d\u00fcl\u00fc\u2019n\u00fc kazand\u0131. Yaz\u0131lar\u0131 New York Times, Granta gibi sayg\u0131n mecralarda yay\u0131mland\u0131. 2012\u2019de prestijli Guggenheim Bursu\u2019na lay\u0131k g\u00f6r\u00fcld\u00fc. Pollock, ad\u0131n\u0131 duyurdu\u011fu, ilk roman\u0131 D\u00fc\u015f Yakamdan \u015eeytan ile Amerikan K\u00e2busunu kemiklere i\u015fleyen bir \u015fiddetle tasvir etti ve G\u00fcney Goti\u011fi t\u00fcr\u00fcn\u00fcn en acayip eserlerinden birini ortaya koydu.II. D\u00fcnya Sava\u015f\u0131\u2019nda g\u00f6rev yapm\u0131\u015f Willard, \u00f6l\u00fcm d\u00f6\u015fe\u011findeki kar\u0131s\u0131n\u0131 kurtarmak i\u00e7in her g\u00fcn Tanr\u0131\u2019ya dua edip kurban kan\u0131 ak\u0131t\u0131yor. O\u011flu Arvin ise uysal bir \u00e7ocuk ama b\u00f6yle kalmayacak. \u0130nanc\u0131n kurban\u0131 iki ka\u00e7a\u011f\u0131n, seri katillik yapan bir \u00e7iftin, hazz\u0131n pe\u015finde bir vaizin ve yozla\u015fm\u0131\u015f bir \u015ferifin birbiriyle kesi\u015fen, on y\u0131llara yay\u0131lan hik\u00e2yesinde Arvin ac\u0131mas\u0131z kararlar verecek, bu s\u0131rada ruhunu da temiz tutmaya \u00e7al\u0131\u015facak.D\u00fc\u015f Yakamdan \u015eeytan, radikal bir imana, \u00e7\u00fcr\u00fcm\u00fc\u015fl\u00fc\u011f\u00fcn\u00fc i\u00e7i bo\u015falt\u0131lm\u0131\u015f de\u011ferlerle saklayanlara ve babas\u0131n\u0131n g\u00f6lgesini takip etmek zorunda kalan o\u011fullara dair deh\u015fetli bir macera. \u201c\u00d6n\u00fcm\u00fczdeki on y\u0131lda, herhangi bir yazar i\u00e7in, Pollock\u2019un eserlerini ge\u00e7mek kolay olmayacak.\u201d \u2013Chuck Palahniuk\u201cDonald Ray Pollock\u2019un deh\u015fet verici yeni roman\u0131, tedirgin edici bir ba\u015fyap\u0131t\u2026 Flannery O\u2019Connor ile Raymond Carver k\u0131yaslamalar\u0131n\u0131 davet ediyor kendisine.\u201d \u2013USA Today\u201cYarat\u0131c\u0131l\u0131\u011f\u0131 vah\u015fice\u2026 Pollock, okurlar\u0131 bir sahneye nas\u0131l sokaca\u011f\u0131n\u0131 ve nefes nefese kalm\u0131\u015f halde ne zaman \u00e7\u0131karaca\u011f\u0131n\u0131 \u00e7ok iyi biliyor.\u201d \u2013The New York Times Book Review\u201cBu roman, Flannery O\u2019Connor ile William Faulkner\u2019\u0131n \u00e7ocu\u011fuymu\u015f gibi \u2013 ama bu \u00e7ocuk, Cormac McCarthy taraf\u0131ndan ka\u00e7\u0131r\u0131l\u0131p bir kafese hapsedilmi\u015f ve t\u00fcketmesi i\u00e7in sadece so\u011fan halkas\u0131, Oxycontin ilac\u0131 ve Terrence Malick\u2019in Kanl\u0131 Toprak filmi verilmi\u015f sanki.\u201d \u2013The Oregonian<\/p>\n","protected":false},"excerpt":{"rendered":"<p>Tom Holland, Robert Pattinson ve Mia Wasiowska\u2019n\u0131n aralar\u0131nda bulundu\u011fu dev kadrolu Netflix filmi Devil All the Time\u2019\u0131n uyarland\u0131\u011f\u0131 \u015faheser: D\u00fc\u015f Yakamdan \u015eeytanDonald Ray Pollock, 1973\u2019ten 2005\u2019e<span class=\"excerpt-hellip\"> [\u2026]<\/span><\/p>\n","protected":false},"featured_media":0,"template":"","meta":{"_monsterinsights_skip_tracking":false,"_monsterinsights_sitenote_active":false,"_monsterinsights_sitenote_note":"","_monsterinsights_sitenote_category":0},"product_brand":[],"product_cat":[12291,12711],"product_tag":[],"class_list":{"0":"post-725869","1":"product","2":"type-product","3":"status-publish","5":"product_cat-edebiyat","6":"product_cat-roman-oyku","7":"pa_cilt-ciltsiz","8":"pa_tur-kitap","9":"pa_yayinevi-ithaki-yayinlari","10":"pa_yazar-donald-ray-pollock","12":"first","13":"instock","14":"sale","15":"shipping-taxable","16":"purchasable","17":"product-type-simple"},"_links":{"self":[{"href":"https:\/\/roveyayinevi.com.tr\/index.php\/wp-json\/wp\/v2\/product\/725869","targetHints":{"allow":["GET"]}}],"collection":[{"href":"https:\/\/roveyayinevi.com.tr\/index.php\/wp-json\/wp\/v2\/product"}],"about":[{"href":"https:\/\/roveyayinevi.com.tr\/index.php\/wp-json\/wp\/v2\/types\/product"}],"wp:attachment":[{"href":"https:\/\/roveyayinevi.com.tr\/index.php\/wp-json\/wp\/v2\/media?parent=725869"}],"wp:term":[{"taxonomy":"product_brand","embeddable":true,"href":"https:\/\/roveyayinevi.com.tr\/index.php\/wp-json\/wp\/v2\/product_brand?post=725869"},{"taxonomy":"product_cat","embeddable":true,"href":"https:\/\/roveyayinevi.com.tr\/index.php\/wp-json\/wp\/v2\/product_cat?post=725869"},{"taxonomy":"product_tag","embeddable":true,"href":"https:\/\/roveyayinevi.com.tr\/index.php\/wp-json\/wp\/v2\/product_tag?post=725869"}],"curies":[{"name":"wp","href":"https:\/\/api.w.org\/{rel}","templated":true}]}}