{"id":725868,"date":"2025-08-27T19:57:09","date_gmt":"2025-08-27T16:57:09","guid":{"rendered":"https:\/\/roveyayinevi.com.tr\/index.php\/urun\/ella-ve-owen-2-berbat-kokulu-balik-canavari-saldirisina-karsi-ciltli\/"},"modified":"2026-04-16T02:33:39","modified_gmt":"2026-04-15T23:33:39","slug":"ella-ve-owen-2-berbat-kokulu-balik-canavari-saldirisina-karsi-ciltli","status":"publish","type":"product","link":"https:\/\/roveyayinevi.com.tr\/index.php\/urun\/ella-ve-owen-2-berbat-kokulu-balik-canavari-saldirisina-karsi-ciltli\/","title":{"rendered":"Ella ve Owen 2 &#8211; Berbat Kokulu Bal\u0131k Canavar\u0131 Sald\u0131r\u0131s\u0131na Kar\u015f\u0131 ! (Ciltli )"},"content":{"rendered":"<p>Ella ve Owen annelerini do\u011fum g\u00fcn\u00fcnde bir pastayla \u015fa\u015f\u0131rtmak isterler, bu y\u00fczden malzemeleri toplamak i\u00e7in bir yolculu\u011fa \u00e7\u0131karlar. Yolculuk esnas\u0131nda huysuz bir b\u00fcy\u00fcc\u00fcye, g\u00f6z kama\u015ft\u0131r\u0131c\u0131 bir periye ve en k\u00f6t\u00fcs\u00fc &#8211; berbat kokulu bir bal\u0131k canavar\u0131na rastlarlar. Acaba annelerinin do\u011fum g\u00fcn\u00fcn\u00fc kutlamak i\u00e7in vaktinde eve d\u00f6nmeyi ba\u015farabilecekler midir?<\/p>\n","protected":false},"excerpt":{"rendered":"<p>Ella ve Owen annelerini do\u011fum g\u00fcn\u00fcnde bir pastayla \u015fa\u015f\u0131rtmak isterler, bu y\u00fczden malzemeleri toplamak i\u00e7in bir yolculu\u011fa \u00e7\u0131karlar. Yolculuk esnas\u0131nda huysuz bir b\u00fcy\u00fcc\u00fcye, g\u00f6z kama\u015ft\u0131r\u0131c\u0131 bir<span class=\"excerpt-hellip\"> [\u2026]<\/span><\/p>\n","protected":false},"featured_media":0,"template":"","meta":{"_monsterinsights_skip_tracking":false,"_monsterinsights_sitenote_active":false,"_monsterinsights_sitenote_note":"","_monsterinsights_sitenote_category":0},"product_brand":[],"product_cat":[12274,12631],"product_tag":[],"class_list":{"0":"post-725868","1":"product","2":"type-product","3":"status-publish","5":"product_cat-cocuk-ve-genclik-kitaplari","6":"product_cat-diger-cocuk-ve-genclik-kitaplari","7":"pa_cilt-ciltli","8":"pa_tur-kitap","9":"pa_yayinevi-babil-kitap","10":"pa_yazar-jaden-kent","12":"first","13":"instock","14":"sale","15":"shipping-taxable","16":"purchasable","17":"product-type-simple"},"_links":{"self":[{"href":"https:\/\/roveyayinevi.com.tr\/index.php\/wp-json\/wp\/v2\/product\/725868","targetHints":{"allow":["GET"]}}],"collection":[{"href":"https:\/\/roveyayinevi.com.tr\/index.php\/wp-json\/wp\/v2\/product"}],"about":[{"href":"https:\/\/roveyayinevi.com.tr\/index.php\/wp-json\/wp\/v2\/types\/product"}],"wp:attachment":[{"href":"https:\/\/roveyayinevi.com.tr\/index.php\/wp-json\/wp\/v2\/media?parent=725868"}],"wp:term":[{"taxonomy":"product_brand","embeddable":true,"href":"https:\/\/roveyayinevi.com.tr\/index.php\/wp-json\/wp\/v2\/product_brand?post=725868"},{"taxonomy":"product_cat","embeddable":true,"href":"https:\/\/roveyayinevi.com.tr\/index.php\/wp-json\/wp\/v2\/product_cat?post=725868"},{"taxonomy":"product_tag","embeddable":true,"href":"https:\/\/roveyayinevi.com.tr\/index.php\/wp-json\/wp\/v2\/product_tag?post=725868"}],"curies":[{"name":"wp","href":"https:\/\/api.w.org\/{rel}","templated":true}]}}