{"id":725865,"date":"2025-08-27T19:57:05","date_gmt":"2025-08-27T16:57:05","guid":{"rendered":"https:\/\/roveyayinevi.com.tr\/index.php\/urun\/eski-bir-balerin\/"},"modified":"2026-04-16T02:33:39","modified_gmt":"2026-04-15T23:33:39","slug":"eski-bir-balerin","status":"publish","type":"product","link":"https:\/\/roveyayinevi.com.tr\/index.php\/urun\/eski-bir-balerin\/","title":{"rendered":"Eski Bir Balerin"},"content":{"rendered":"<p>Feyza Hep\u00e7ilingirler\u2019e Sait Faik Hik\u00e2ye Arma\u011fan\u0131\u2019n\u0131 (1985) kazand\u0131ran \u00f6yk\u00fcler toplam\u0131 Eski Bir Balerin. Edebiyat\u0131m\u0131zda, niteli\u011fi \u00f6d\u00fclle tescillenmi\u015f kitaplardan. Sokaktaki k\u00fc\u00e7\u00fck insan\u0131n de\u011fil, bulundu\u011fu toplumun cenderesinde s\u0131k\u0131\u015fm\u0131\u015f, ya\u015fad\u0131\u011f\u0131 evin d\u00f6rt duvar\u0131 aras\u0131nda kalm\u0131\u015f insanc\u0131klar\u0131n resmi ge\u00e7idi. Ge\u00e7mi\u015f g\u00fcnlerin hayalinde kalan ve ya\u015fad\u0131\u011f\u0131 g\u00fcn\u00fcn karanl\u0131\u011f\u0131nda bo\u011fulan insanlar bunlar. Eski Bir Balerin\u2019de Hep\u00e7ilingirler, sadece tek tek kendi ya\u011f\u0131nda kavrulan bireyleri anlatm\u0131yor.Ya\u015fad\u0131\u011f\u0131 toplumun ikliminden etkilenen kahramanlar\u0131yla, 80\u2019li y\u0131llar\u0131n siyasi karabasan\u0131n\u0131 da i\u015faret ediyor.Kitapta yer alan her bir \u00f6yk\u00fc Feyza Hep\u00e7ilingirler\u2019in bir dil i\u015f\u00e7isi de\u011fil dil\/\u00fcslup ustas\u0131 oldu\u011funu da ortaya koyuyor&#8230;<\/p>\n","protected":false},"excerpt":{"rendered":"<p>Feyza Hep\u00e7ilingirler\u2019e Sait Faik Hik\u00e2ye Arma\u011fan\u0131\u2019n\u0131 (1985) kazand\u0131ran \u00f6yk\u00fcler toplam\u0131 Eski Bir Balerin. Edebiyat\u0131m\u0131zda, niteli\u011fi \u00f6d\u00fclle tescillenmi\u015f kitaplardan. Sokaktaki k\u00fc\u00e7\u00fck insan\u0131n de\u011fil, bulundu\u011fu toplumun cenderesinde s\u0131k\u0131\u015fm\u0131\u015f,<span class=\"excerpt-hellip\"> [\u2026]<\/span><\/p>\n","protected":false},"featured_media":0,"template":"","meta":{"_monsterinsights_skip_tracking":false,"_monsterinsights_sitenote_active":false,"_monsterinsights_sitenote_note":"","_monsterinsights_sitenote_category":0},"product_brand":[],"product_cat":[12291,12711],"product_tag":[],"class_list":{"0":"post-725865","1":"product","2":"type-product","3":"status-publish","5":"product_cat-edebiyat","6":"product_cat-roman-oyku","7":"pa_cilt-ciltsiz","8":"pa_tur-kitap","9":"pa_yayinevi-kirmizi-kedi-yayinevi","10":"pa_yazar-feyza-hepcilingirler","12":"first","13":"instock","14":"sale","15":"shipping-taxable","16":"purchasable","17":"product-type-simple"},"_links":{"self":[{"href":"https:\/\/roveyayinevi.com.tr\/index.php\/wp-json\/wp\/v2\/product\/725865","targetHints":{"allow":["GET"]}}],"collection":[{"href":"https:\/\/roveyayinevi.com.tr\/index.php\/wp-json\/wp\/v2\/product"}],"about":[{"href":"https:\/\/roveyayinevi.com.tr\/index.php\/wp-json\/wp\/v2\/types\/product"}],"wp:attachment":[{"href":"https:\/\/roveyayinevi.com.tr\/index.php\/wp-json\/wp\/v2\/media?parent=725865"}],"wp:term":[{"taxonomy":"product_brand","embeddable":true,"href":"https:\/\/roveyayinevi.com.tr\/index.php\/wp-json\/wp\/v2\/product_brand?post=725865"},{"taxonomy":"product_cat","embeddable":true,"href":"https:\/\/roveyayinevi.com.tr\/index.php\/wp-json\/wp\/v2\/product_cat?post=725865"},{"taxonomy":"product_tag","embeddable":true,"href":"https:\/\/roveyayinevi.com.tr\/index.php\/wp-json\/wp\/v2\/product_tag?post=725865"}],"curies":[{"name":"wp","href":"https:\/\/api.w.org\/{rel}","templated":true}]}}