{"id":725864,"date":"2025-08-27T19:57:04","date_gmt":"2025-08-27T16:57:04","guid":{"rendered":"https:\/\/roveyayinevi.com.tr\/index.php\/urun\/cinayet-polisi-dedemin-evrak-i-metrukesi\/"},"modified":"2026-04-16T02:33:39","modified_gmt":"2026-04-15T23:33:39","slug":"cinayet-polisi-dedemin-evrak-i-metrukesi","status":"publish","type":"product","link":"https:\/\/roveyayinevi.com.tr\/index.php\/urun\/cinayet-polisi-dedemin-evrak-i-metrukesi\/","title":{"rendered":"Cinayet Polisi Dedemin Evrak-I Metrukesi"},"content":{"rendered":"<p>15 Temmuz darbe giri\u015fiminden sonra, toplumun her kesimini yak\u0131ndan ilgilendiren FE*T\u00d6 ve bu \u00f6rg\u00fcte y\u00f6nelik operasyonlar, polisiye romanlara \u00f6nemli bir kaynak te\u015fkil edecek gibi duruyor. T\u00fcrkiye\u2019de bu malzemeden ilk yararlananlardan birisi de C\u00fcneyt \u00dclsever oldu. T\u00fcrkiye\u2019de daha \u00f6nce pek denenmemi\u015f siyasi polisiye tarz\u0131nda romanlar kaleme alan \u00dclsever, son roman\u0131nda da 17\/25 Aral\u0131k s\u00fcrecinden bu yana ya\u015fanan geli\u015fmeleri bireyinin rol\u00fcn\u00fcde yok saymadan ele al\u0131yor.Cinayet Polisi Dedemin Evrak-\u0131 Metrukesi, T\u00fcrkiye\u2019de orta halli bir bireyin de\u011fi\u015fimiyle, toplumsal de\u011fi\u015fimin nas\u0131l paralel ilerledi\u011fini okuyucuya ak\u0131c\u0131 ve \u00e7arp\u0131c\u0131 bir bi\u00e7imde sunuyor. Polisiye romanlarda okuyucunun en \u00e7ok sordu\u011fu \u201cKatil kim?\u201d sorusunu, \u00dclsever\u2019in bu roman\u0131nda bir\u00e7ok defa soracaks\u0131n\u0131z. Ancak belli a\u015famadan sonra ya\u015fanan geli\u015fmeler, okuyucuya katilin kim oldu\u011fundan ziyade s\u00fcrecin nereye evrilece\u011fini daha da merak ettirecek bir hal alacak\u2026 <\/p>\n","protected":false},"excerpt":{"rendered":"<p>15 Temmuz darbe giri\u015fiminden sonra, toplumun her kesimini yak\u0131ndan ilgilendiren FE*T\u00d6 ve bu \u00f6rg\u00fcte y\u00f6nelik operasyonlar, polisiye romanlara \u00f6nemli bir kaynak te\u015fkil edecek gibi duruyor. T\u00fcrkiye\u2019de<span class=\"excerpt-hellip\"> [\u2026]<\/span><\/p>\n","protected":false},"featured_media":0,"template":"","meta":{"_monsterinsights_skip_tracking":false,"_monsterinsights_sitenote_active":false,"_monsterinsights_sitenote_note":"","_monsterinsights_sitenote_category":0},"product_brand":[],"product_cat":[12291,15445],"product_tag":[],"class_list":{"0":"post-725864","1":"product","2":"type-product","3":"status-publish","5":"product_cat-edebiyat","6":"product_cat-polisiye","7":"pa_cilt-ciltsiz","8":"pa_tur-kitap","9":"pa_yayinevi-kirmizi-kedi-yayinevi","10":"pa_yazar-cuneyt-ulsever","12":"first","13":"instock","14":"sale","15":"shipping-taxable","16":"purchasable","17":"product-type-simple"},"_links":{"self":[{"href":"https:\/\/roveyayinevi.com.tr\/index.php\/wp-json\/wp\/v2\/product\/725864","targetHints":{"allow":["GET"]}}],"collection":[{"href":"https:\/\/roveyayinevi.com.tr\/index.php\/wp-json\/wp\/v2\/product"}],"about":[{"href":"https:\/\/roveyayinevi.com.tr\/index.php\/wp-json\/wp\/v2\/types\/product"}],"wp:attachment":[{"href":"https:\/\/roveyayinevi.com.tr\/index.php\/wp-json\/wp\/v2\/media?parent=725864"}],"wp:term":[{"taxonomy":"product_brand","embeddable":true,"href":"https:\/\/roveyayinevi.com.tr\/index.php\/wp-json\/wp\/v2\/product_brand?post=725864"},{"taxonomy":"product_cat","embeddable":true,"href":"https:\/\/roveyayinevi.com.tr\/index.php\/wp-json\/wp\/v2\/product_cat?post=725864"},{"taxonomy":"product_tag","embeddable":true,"href":"https:\/\/roveyayinevi.com.tr\/index.php\/wp-json\/wp\/v2\/product_tag?post=725864"}],"curies":[{"name":"wp","href":"https:\/\/api.w.org\/{rel}","templated":true}]}}