{"id":725860,"date":"2025-08-27T19:57:01","date_gmt":"2025-08-27T16:57:01","guid":{"rendered":"https:\/\/roveyayinevi.com.tr\/index.php\/urun\/fomer-farsca-ileri-seviye\/"},"modified":"2026-04-16T02:33:39","modified_gmt":"2026-04-15T23:33:39","slug":"fomer-farsca-ileri-seviye","status":"publish","type":"product","link":"https:\/\/roveyayinevi.com.tr\/index.php\/urun\/fomer-farsca-ileri-seviye\/","title":{"rendered":"F\u00f6mer Fars\u00e7a \u0130leri Seviye"},"content":{"rendered":"<p>Fars Dili, sahip oldu\u011fu pek \u00e7ok \u00f6zellikle ilgililerini cezbetmektedir. Fars\u00e7an\u0131n buetkileyicili\u011fi \u00f6zellikle de T\u00fcrkiye\u2019de en belirgin \u015fekliyle g\u00f6zlemlenmektedir.Bu \u00e7er\u00e7evede \u00e7ok say\u0131da dil okulu Fars\u00e7a e\u011fitimi alan\u0131nda faaliyet g\u00f6stermeyeba\u015flam\u0131\u015ft\u0131r. Metodolojik bak\u0131\u015f a\u00e7\u0131s\u0131yla s\u00f6z konusu dil okullar\u0131na devam eden vee\u011fitimi s\u00fcreklili\u011fe sahip olan \u00f6\u011frencilerin ba\u015far\u0131s\u0131n\u0131 etkileyen fakt\u00f6rleriinceledi\u011fimizde, \u00fc\u00e7 etken kar\u015f\u0131m\u0131za \u00e7\u0131kmaktad\u0131r:1- E\u011fitim kurumunun faaliyet g\u00f6sterdi\u011fi fiziksel ortam ve imkanlar2-Dil e\u011fitimi veren \u00f6\u011fretmenlerin yeterlili\u011fi3-E\u011fitimde kullan\u0131lan kaynaklarE\u011fer bir \u00f6\u011frenci ba\u015flad\u0131\u011f\u0131 e\u011fitim kurumundan, e\u011fitim s\u00fcreci tamamlanmadanayr\u0131l\u0131rsa mutlaka bu fakt\u00f6rlerden birindeki eksiklikten s\u00f6z edilir. Di\u011fer bir s\u00f6yleyi\u015flebir e\u011fitim kurumundaki sistemin ba\u015far\u0131s\u0131n\u0131 de\u011ferlendirmede, o kuruma ba\u015flayan ka\u00e7\u00f6\u011frencinin e\u011fitim s\u00fcrecini tamamlayarak ayr\u0131ld\u0131\u011f\u0131 \u00f6nemli bir g\u00f6stergedir.Bu konudaki di\u011fer bir \u00f6nemli nokta ise e\u011fitim kaynaklar\u0131n\u0131n \u00e7e\u015fitlili\u011fi ve kolayeri\u015filebilirli\u011fidir. &#8220;F\u00d6MER 3\u201d ismindeki bu kitap, Fars\u00e7a \u00f6\u011freniminde orta seviye (C1,C2, C3) i\u00e7in haz\u0131rlanm\u0131\u015ft\u0131r. Bu seviye i\u00e7in F\u00d6MER 3\u2019in yan\u0131 s\u0131ra \u00fc\u00e7 kitap dahagereklidir. Bunlar:1-Fars\u00e7a Metin Okuma Seti (3)2-Fars\u00e7a \u00c7al\u0131\u015fma ve Al\u0131\u015ft\u0131rma Seti (3)3- Fars\u00e7a Bas\u0131n Dili (2)Bu yay\u0131nlar\u0131n tamam\u0131 100 saat e\u011fitim (96 saat e\u011fitim + 4 saat s\u0131nav) i\u00e7inplanlanm\u0131\u015ft\u0131r. Bu e\u011fitimin haftada 8 saat olmak \u00fczere 3 ayda verilmesi\u00f6ng\u00f6r\u00fclmektedir.\u00dcmit ederim ki bu kaynaklar, Fars\u00e7a alan\u0131ndaki di\u011fer dok\u00fcmanlar\u0131n yan\u0131 s\u0131ra dile\u011fitiminde faydal\u0131 olacakt\u0131r.<\/p>\n","protected":false},"excerpt":{"rendered":"<p>Fars Dili, sahip oldu\u011fu pek \u00e7ok \u00f6zellikle ilgililerini cezbetmektedir. Fars\u00e7an\u0131n buetkileyicili\u011fi \u00f6zellikle de T\u00fcrkiye\u2019de en belirgin \u015fekliyle g\u00f6zlemlenmektedir.Bu \u00e7er\u00e7evede \u00e7ok say\u0131da dil okulu Fars\u00e7a e\u011fitimi alan\u0131nda<span class=\"excerpt-hellip\"> [\u2026]<\/span><\/p>\n","protected":false},"featured_media":0,"template":"","meta":{"_monsterinsights_skip_tracking":false,"_monsterinsights_sitenote_active":false,"_monsterinsights_sitenote_note":"","_monsterinsights_sitenote_category":0},"product_brand":[],"product_cat":[14597,12566],"product_tag":[],"class_list":{"0":"post-725860","1":"product","2":"type-product","3":"status-publish","5":"product_cat-dil-ogrenimi","6":"product_cat-egitim","7":"pa_cilt-ciltsiz","8":"pa_tur-kitap","9":"pa_yayinevi-astana-yayinlari","10":"pa_yazar-ahmad-jabbari","12":"first","13":"instock","14":"sale","15":"shipping-taxable","16":"purchasable","17":"product-type-simple"},"_links":{"self":[{"href":"https:\/\/roveyayinevi.com.tr\/index.php\/wp-json\/wp\/v2\/product\/725860","targetHints":{"allow":["GET"]}}],"collection":[{"href":"https:\/\/roveyayinevi.com.tr\/index.php\/wp-json\/wp\/v2\/product"}],"about":[{"href":"https:\/\/roveyayinevi.com.tr\/index.php\/wp-json\/wp\/v2\/types\/product"}],"wp:attachment":[{"href":"https:\/\/roveyayinevi.com.tr\/index.php\/wp-json\/wp\/v2\/media?parent=725860"}],"wp:term":[{"taxonomy":"product_brand","embeddable":true,"href":"https:\/\/roveyayinevi.com.tr\/index.php\/wp-json\/wp\/v2\/product_brand?post=725860"},{"taxonomy":"product_cat","embeddable":true,"href":"https:\/\/roveyayinevi.com.tr\/index.php\/wp-json\/wp\/v2\/product_cat?post=725860"},{"taxonomy":"product_tag","embeddable":true,"href":"https:\/\/roveyayinevi.com.tr\/index.php\/wp-json\/wp\/v2\/product_tag?post=725860"}],"curies":[{"name":"wp","href":"https:\/\/api.w.org\/{rel}","templated":true}]}}