{"id":725857,"date":"2025-08-27T19:56:58","date_gmt":"2025-08-27T16:56:58","guid":{"rendered":"https:\/\/roveyayinevi.com.tr\/index.php\/urun\/dorduncu-gunun-melaneti\/"},"modified":"2026-04-12T02:39:59","modified_gmt":"2026-04-11T23:39:59","slug":"dorduncu-gunun-melaneti","status":"publish","type":"product","link":"https:\/\/roveyayinevi.com.tr\/index.php\/urun\/dorduncu-gunun-melaneti\/","title":{"rendered":"D\u00f6rd\u00fcnc\u00fc G\u00fcn\u00fcn Melaneti"},"content":{"rendered":"<p>Siyah k\u00fcplere binip g\u00f6klerde dolanan, masum kan\u0131yla beslenen cazular, bir dokunu\u015fuyla bin maraz bula\u015ft\u0131ran \u00e7oran, sakal\u0131 her t\u00fcrl\u00fc hastal\u0131\u011fa \u015fifa veren ba\u015fmak\u00e7\u0131, ba\u011f\u0131rt\u0131s\u0131yla kurban\u0131n\u0131 sa\u011f\u0131r ederek \u00f6ld\u00fcren corlaklar, haftan\u0131n d\u00f6rd\u00fcnc\u00fc g\u00fcn\u00fcnde i\u015f yapan kad\u0131nlara inat yata\u011f\u0131 yorgan\u0131 da\u011f\u0131tan \u00e7armagunlar ve Erlik Han\u2019\u0131n habercisi Azidahar\u2026T\u00fcrk mitolojisinde yer alan yarat\u0131klar\u0131n, Erlik Han ile sava\u015fan kutsal \u015famanlar\u0131n ve asla nihayete ermeyecek sava\u015fta Batur B\u00f6r\u00fc\u2019n\u00fcn, Yerb\u00fcker\u2019in, Harduman\u2019\u0131n ve di\u011ferlerinin maceralar\u0131na bu \u00f6yk\u00fclerle tan\u0131k olun.<\/p>\n","protected":false},"excerpt":{"rendered":"<p>Siyah k\u00fcplere binip g\u00f6klerde dolanan, masum kan\u0131yla beslenen cazular, bir dokunu\u015fuyla bin maraz bula\u015ft\u0131ran \u00e7oran, sakal\u0131 her t\u00fcrl\u00fc hastal\u0131\u011fa \u015fifa veren ba\u015fmak\u00e7\u0131, ba\u011f\u0131rt\u0131s\u0131yla kurban\u0131n\u0131 sa\u011f\u0131r ederek<span class=\"excerpt-hellip\"> [\u2026]<\/span><\/p>\n","protected":false},"featured_media":0,"template":"","meta":{"_monsterinsights_skip_tracking":false,"_monsterinsights_sitenote_active":false,"_monsterinsights_sitenote_note":"","_monsterinsights_sitenote_category":0},"product_brand":[],"product_cat":[12291,12711],"product_tag":[],"class_list":{"0":"post-725857","1":"product","2":"type-product","3":"status-publish","5":"product_cat-edebiyat","6":"product_cat-roman-oyku","7":"pa_cilt-ciltsiz","8":"pa_tur-kitap","9":"pa_yayinevi-karakum-yayinevi","10":"pa_yazar-adil-ozturk","12":"first","13":"instock","14":"sale","15":"shipping-taxable","16":"purchasable","17":"product-type-simple"},"_links":{"self":[{"href":"https:\/\/roveyayinevi.com.tr\/index.php\/wp-json\/wp\/v2\/product\/725857","targetHints":{"allow":["GET"]}}],"collection":[{"href":"https:\/\/roveyayinevi.com.tr\/index.php\/wp-json\/wp\/v2\/product"}],"about":[{"href":"https:\/\/roveyayinevi.com.tr\/index.php\/wp-json\/wp\/v2\/types\/product"}],"wp:attachment":[{"href":"https:\/\/roveyayinevi.com.tr\/index.php\/wp-json\/wp\/v2\/media?parent=725857"}],"wp:term":[{"taxonomy":"product_brand","embeddable":true,"href":"https:\/\/roveyayinevi.com.tr\/index.php\/wp-json\/wp\/v2\/product_brand?post=725857"},{"taxonomy":"product_cat","embeddable":true,"href":"https:\/\/roveyayinevi.com.tr\/index.php\/wp-json\/wp\/v2\/product_cat?post=725857"},{"taxonomy":"product_tag","embeddable":true,"href":"https:\/\/roveyayinevi.com.tr\/index.php\/wp-json\/wp\/v2\/product_tag?post=725857"}],"curies":[{"name":"wp","href":"https:\/\/api.w.org\/{rel}","templated":true}]}}