{"id":725855,"date":"2025-08-27T19:56:56","date_gmt":"2025-08-27T16:56:56","guid":{"rendered":"https:\/\/roveyayinevi.com.tr\/index.php\/urun\/hadi-gezelim-koyde-sonbahar\/"},"modified":"2026-04-16T02:33:38","modified_gmt":"2026-04-15T23:33:38","slug":"hadi-gezelim-koyde-sonbahar","status":"publish","type":"product","link":"https:\/\/roveyayinevi.com.tr\/index.php\/urun\/hadi-gezelim-koyde-sonbahar\/","title":{"rendered":"Hadi Gezelim K\u00f6yde Sonbahar"},"content":{"rendered":"<p>Sonbaharda k\u00f6yde y\u00fcr\u00fcrken g\u00f6r\u00fclecek, yap\u0131lacak \u00e7ok \u015fey var!Hadi, birlikte hayvanlar\u0131, bitkileri ve daha bir\u00e7ok \u015feyi sayal\u0131m, birlikte aray\u0131p bulal\u0131m, renklerine bakal\u0131m!\u00c7ocuklar bu kitapla farkl\u0131 nesneleri ay\u0131rt ederek dikkat ve odaklanma becerilerini geli\u015ftirecekler.<\/p>\n","protected":false},"excerpt":{"rendered":"<p>Sonbaharda k\u00f6yde y\u00fcr\u00fcrken g\u00f6r\u00fclecek, yap\u0131lacak \u00e7ok \u015fey var!Hadi, birlikte hayvanlar\u0131, bitkileri ve daha bir\u00e7ok \u015feyi sayal\u0131m, birlikte aray\u0131p bulal\u0131m, renklerine bakal\u0131m!\u00c7ocuklar bu kitapla farkl\u0131 nesneleri ay\u0131rt<span class=\"excerpt-hellip\"> [\u2026]<\/span><\/p>\n","protected":false},"featured_media":0,"template":"","meta":{"_monsterinsights_skip_tracking":false,"_monsterinsights_sitenote_active":false,"_monsterinsights_sitenote_note":"","_monsterinsights_sitenote_category":0},"product_brand":[],"product_cat":[12913,12274],"product_tag":[],"class_list":{"0":"post-725855","1":"product","2":"type-product","3":"status-publish","5":"product_cat-3-6-yas-kitaplari","6":"product_cat-cocuk-ve-genclik-kitaplari","7":"pa_cilt-ciltsiz","8":"pa_tur-kitap","9":"pa_yayinevi-is-bankasi-kultur-yayinlari","10":"pa_yazar-sue-tarsky","12":"first","13":"instock","14":"sale","15":"shipping-taxable","16":"purchasable","17":"product-type-simple"},"_links":{"self":[{"href":"https:\/\/roveyayinevi.com.tr\/index.php\/wp-json\/wp\/v2\/product\/725855","targetHints":{"allow":["GET"]}}],"collection":[{"href":"https:\/\/roveyayinevi.com.tr\/index.php\/wp-json\/wp\/v2\/product"}],"about":[{"href":"https:\/\/roveyayinevi.com.tr\/index.php\/wp-json\/wp\/v2\/types\/product"}],"wp:attachment":[{"href":"https:\/\/roveyayinevi.com.tr\/index.php\/wp-json\/wp\/v2\/media?parent=725855"}],"wp:term":[{"taxonomy":"product_brand","embeddable":true,"href":"https:\/\/roveyayinevi.com.tr\/index.php\/wp-json\/wp\/v2\/product_brand?post=725855"},{"taxonomy":"product_cat","embeddable":true,"href":"https:\/\/roveyayinevi.com.tr\/index.php\/wp-json\/wp\/v2\/product_cat?post=725855"},{"taxonomy":"product_tag","embeddable":true,"href":"https:\/\/roveyayinevi.com.tr\/index.php\/wp-json\/wp\/v2\/product_tag?post=725855"}],"curies":[{"name":"wp","href":"https:\/\/api.w.org\/{rel}","templated":true}]}}