{"id":725853,"date":"2025-08-27T19:56:55","date_gmt":"2025-08-27T16:56:55","guid":{"rendered":"https:\/\/roveyayinevi.com.tr\/index.php\/urun\/bir-yumak-dostluk\/"},"modified":"2026-04-16T02:33:38","modified_gmt":"2026-04-15T23:33:38","slug":"bir-yumak-dostluk","status":"publish","type":"product","link":"https:\/\/roveyayinevi.com.tr\/index.php\/urun\/bir-yumak-dostluk\/","title":{"rendered":"Bir Yumak Dostluk"},"content":{"rendered":"<p>Kahramanlar\u0131m\u0131z, Yumuk ile Fifi  Biri porsuk biri oklukirpi Bir g\u00fcn aralar\u0131na bir yumak iplik girdi!Bakal\u0131m bu ayr\u0131lmaz ikili, dostlu\u011fun g\u00fcc\u00fcyle sorunlar\u0131n\u0131 \u00e7\u00f6zebilecek mi?<\/p>\n","protected":false},"excerpt":{"rendered":"<p>Kahramanlar\u0131m\u0131z, Yumuk ile Fifi Biri porsuk biri oklukirpi Bir g\u00fcn aralar\u0131na bir yumak iplik girdi!Bakal\u0131m bu ayr\u0131lmaz ikili, dostlu\u011fun g\u00fcc\u00fcyle sorunlar\u0131n\u0131 \u00e7\u00f6zebilecek mi?<\/p>\n","protected":false},"featured_media":0,"template":"","meta":{"_monsterinsights_skip_tracking":false,"_monsterinsights_sitenote_active":false,"_monsterinsights_sitenote_note":"","_monsterinsights_sitenote_category":0},"product_brand":[],"product_cat":[12913,12274],"product_tag":[],"class_list":{"0":"post-725853","1":"product","2":"type-product","3":"status-publish","5":"product_cat-3-6-yas-kitaplari","6":"product_cat-cocuk-ve-genclik-kitaplari","7":"pa_cilt-ciltsiz","8":"pa_tur-kitap","9":"pa_yayinevi-is-bankasi-kultur-yayinlari","10":"pa_yazar-lisa-moser","12":"first","13":"instock","14":"sale","15":"shipping-taxable","16":"purchasable","17":"product-type-simple"},"_links":{"self":[{"href":"https:\/\/roveyayinevi.com.tr\/index.php\/wp-json\/wp\/v2\/product\/725853","targetHints":{"allow":["GET"]}}],"collection":[{"href":"https:\/\/roveyayinevi.com.tr\/index.php\/wp-json\/wp\/v2\/product"}],"about":[{"href":"https:\/\/roveyayinevi.com.tr\/index.php\/wp-json\/wp\/v2\/types\/product"}],"wp:attachment":[{"href":"https:\/\/roveyayinevi.com.tr\/index.php\/wp-json\/wp\/v2\/media?parent=725853"}],"wp:term":[{"taxonomy":"product_brand","embeddable":true,"href":"https:\/\/roveyayinevi.com.tr\/index.php\/wp-json\/wp\/v2\/product_brand?post=725853"},{"taxonomy":"product_cat","embeddable":true,"href":"https:\/\/roveyayinevi.com.tr\/index.php\/wp-json\/wp\/v2\/product_cat?post=725853"},{"taxonomy":"product_tag","embeddable":true,"href":"https:\/\/roveyayinevi.com.tr\/index.php\/wp-json\/wp\/v2\/product_tag?post=725853"}],"curies":[{"name":"wp","href":"https:\/\/api.w.org\/{rel}","templated":true}]}}