{"id":725852,"date":"2025-08-27T19:56:54","date_gmt":"2025-08-27T16:56:54","guid":{"rendered":"https:\/\/roveyayinevi.com.tr\/index.php\/urun\/kurbaga-sanco-ve-neseli-orkestrasi\/"},"modified":"2026-04-16T02:33:38","modified_gmt":"2026-04-15T23:33:38","slug":"kurbaga-sanco-ve-neseli-orkestrasi","status":"publish","type":"product","link":"https:\/\/roveyayinevi.com.tr\/index.php\/urun\/kurbaga-sanco-ve-neseli-orkestrasi\/","title":{"rendered":"Kurba\u011fa San\u00e7o Ve Ne\u015feli Orkestrasi"},"content":{"rendered":"<p>Kurba\u011fa San\u00e7o\u2019nun bir derdi var: Ne yaparsa yaps\u0131n v\u0131raklayam\u0131yor. G\u0131rtlak kaslar\u0131n\u0131 \u00e7al\u0131\u015ft\u0131r\u0131yor, g\u00f6l suyuyla gargara yap\u0131yor, en g\u00fczel v\u0131raklayan kurba\u011falar\u0131 dinliyor ama hi\u00e7biri i\u015fe yaram\u0131yor. Neyse ki harika bir s\u00fcrpriz San\u00e7o\u2019yu bekliyor!M\u00fczikle, dostlukla, yard\u0131mla\u015fma ve \u00e7al\u0131\u015fkanl\u0131kla dolu, e\u011flenceli bir \u00f6yk\u00fc.<\/p>\n","protected":false},"excerpt":{"rendered":"<p>Kurba\u011fa San\u00e7o\u2019nun bir derdi var: Ne yaparsa yaps\u0131n v\u0131raklayam\u0131yor. G\u0131rtlak kaslar\u0131n\u0131 \u00e7al\u0131\u015ft\u0131r\u0131yor, g\u00f6l suyuyla gargara yap\u0131yor, en g\u00fczel v\u0131raklayan kurba\u011falar\u0131 dinliyor ama hi\u00e7biri i\u015fe yaram\u0131yor. Neyse<span class=\"excerpt-hellip\"> [\u2026]<\/span><\/p>\n","protected":false},"featured_media":0,"template":"","meta":{"_monsterinsights_skip_tracking":false,"_monsterinsights_sitenote_active":false,"_monsterinsights_sitenote_note":"","_monsterinsights_sitenote_category":0},"product_brand":[],"product_cat":[12913,12274],"product_tag":[],"class_list":{"0":"post-725852","1":"product","2":"type-product","3":"status-publish","5":"product_cat-3-6-yas-kitaplari","6":"product_cat-cocuk-ve-genclik-kitaplari","7":"pa_cilt-ciltsiz","8":"pa_tur-kitap","9":"pa_yayinevi-is-bankasi-kultur-yayinlari","10":"pa_yazar-freya-hartas","12":"first","13":"instock","14":"sale","15":"shipping-taxable","16":"purchasable","17":"product-type-simple"},"_links":{"self":[{"href":"https:\/\/roveyayinevi.com.tr\/index.php\/wp-json\/wp\/v2\/product\/725852","targetHints":{"allow":["GET"]}}],"collection":[{"href":"https:\/\/roveyayinevi.com.tr\/index.php\/wp-json\/wp\/v2\/product"}],"about":[{"href":"https:\/\/roveyayinevi.com.tr\/index.php\/wp-json\/wp\/v2\/types\/product"}],"wp:attachment":[{"href":"https:\/\/roveyayinevi.com.tr\/index.php\/wp-json\/wp\/v2\/media?parent=725852"}],"wp:term":[{"taxonomy":"product_brand","embeddable":true,"href":"https:\/\/roveyayinevi.com.tr\/index.php\/wp-json\/wp\/v2\/product_brand?post=725852"},{"taxonomy":"product_cat","embeddable":true,"href":"https:\/\/roveyayinevi.com.tr\/index.php\/wp-json\/wp\/v2\/product_cat?post=725852"},{"taxonomy":"product_tag","embeddable":true,"href":"https:\/\/roveyayinevi.com.tr\/index.php\/wp-json\/wp\/v2\/product_tag?post=725852"}],"curies":[{"name":"wp","href":"https:\/\/api.w.org\/{rel}","templated":true}]}}