{"id":725851,"date":"2025-08-27T19:56:53","date_gmt":"2025-08-27T16:56:53","guid":{"rendered":"https:\/\/roveyayinevi.com.tr\/index.php\/urun\/kaplancigin-ruyasi\/"},"modified":"2026-04-16T02:33:38","modified_gmt":"2026-04-15T23:33:38","slug":"kaplancigin-ruyasi","status":"publish","type":"product","link":"https:\/\/roveyayinevi.com.tr\/index.php\/urun\/kaplancigin-ruyasi\/","title":{"rendered":"Kaplanc\u0131\u011f\u0131n R\u00fcyas\u0131"},"content":{"rendered":"<p>Hadi bakal\u0131m Kaplanc\u0131k, yatma vaktin geldi art\u0131k. \u00d6nce f\u0131r\u00e7alans\u0131n di\u015fler, sonra uyku seni bekler\u2026Hayal d\u00fcnyas\u0131n\u0131n kap\u0131lar\u0131n\u0131 aralayan sevimli bir uyku \u00f6ncesi kitab\u0131\u2026<\/p>\n","protected":false},"excerpt":{"rendered":"<p>Hadi bakal\u0131m Kaplanc\u0131k, yatma vaktin geldi art\u0131k. \u00d6nce f\u0131r\u00e7alans\u0131n di\u015fler, sonra uyku seni bekler\u2026Hayal d\u00fcnyas\u0131n\u0131n kap\u0131lar\u0131n\u0131 aralayan sevimli bir uyku \u00f6ncesi kitab\u0131\u2026<\/p>\n","protected":false},"featured_media":0,"template":"","meta":{"_monsterinsights_skip_tracking":false,"_monsterinsights_sitenote_active":false,"_monsterinsights_sitenote_note":"","_monsterinsights_sitenote_category":0},"product_brand":[],"product_cat":[12913,12274],"product_tag":[],"class_list":{"0":"post-725851","1":"product","2":"type-product","3":"status-publish","5":"product_cat-3-6-yas-kitaplari","6":"product_cat-cocuk-ve-genclik-kitaplari","7":"pa_cilt-ciltsiz","8":"pa_tur-kitap","9":"pa_yayinevi-is-bankasi-kultur-yayinlari","10":"pa_yazar-elsa-klever","12":"first","13":"instock","14":"sale","15":"shipping-taxable","16":"purchasable","17":"product-type-simple"},"_links":{"self":[{"href":"https:\/\/roveyayinevi.com.tr\/index.php\/wp-json\/wp\/v2\/product\/725851","targetHints":{"allow":["GET"]}}],"collection":[{"href":"https:\/\/roveyayinevi.com.tr\/index.php\/wp-json\/wp\/v2\/product"}],"about":[{"href":"https:\/\/roveyayinevi.com.tr\/index.php\/wp-json\/wp\/v2\/types\/product"}],"wp:attachment":[{"href":"https:\/\/roveyayinevi.com.tr\/index.php\/wp-json\/wp\/v2\/media?parent=725851"}],"wp:term":[{"taxonomy":"product_brand","embeddable":true,"href":"https:\/\/roveyayinevi.com.tr\/index.php\/wp-json\/wp\/v2\/product_brand?post=725851"},{"taxonomy":"product_cat","embeddable":true,"href":"https:\/\/roveyayinevi.com.tr\/index.php\/wp-json\/wp\/v2\/product_cat?post=725851"},{"taxonomy":"product_tag","embeddable":true,"href":"https:\/\/roveyayinevi.com.tr\/index.php\/wp-json\/wp\/v2\/product_tag?post=725851"}],"curies":[{"name":"wp","href":"https:\/\/api.w.org\/{rel}","templated":true}]}}