{"id":725850,"date":"2025-08-27T19:56:52","date_gmt":"2025-08-27T16:56:52","guid":{"rendered":"https:\/\/roveyayinevi.com.tr\/index.php\/urun\/tekerlege-ne-oldu\/"},"modified":"2026-04-16T02:33:38","modified_gmt":"2026-04-15T23:33:38","slug":"tekerlege-ne-oldu","status":"publish","type":"product","link":"https:\/\/roveyayinevi.com.tr\/index.php\/urun\/tekerlege-ne-oldu\/","title":{"rendered":"Tekerle\u011fe Ne Oldu?"},"content":{"rendered":"<p>Otob\u00fcs\u00fcn tekerle\u011fi d\u00f6nm\u00fcyor. \u015eimdi ne olacak?Herkesin bir plan\u0131 vard\u0131. Baz\u0131lar\u0131 i\u015fe, baz\u0131lar\u0131 b\u00fcy\u00fckanneleriyle dedelerini ziyarete, baz\u0131lar\u0131 ise \u00e7ar\u015f\u0131ya gidiyordu.Birer iki\u015fer otob\u00fcse bindiler ve yola koyuldular. Sonra birden otob\u00fcs duruverdi. Acaba herkes birlikte \u00e7al\u0131\u015f\u0131p, otob\u00fcs\u00fcn tekrar hareket etmesini sa\u011flayabilir mi?Herkesin birbirine yard\u0131m etti\u011fi, dayan\u0131\u015fma dolu bir \u00f6yk\u00fc<\/p>\n","protected":false},"excerpt":{"rendered":"<p>Otob\u00fcs\u00fcn tekerle\u011fi d\u00f6nm\u00fcyor. \u015eimdi ne olacak?Herkesin bir plan\u0131 vard\u0131. Baz\u0131lar\u0131 i\u015fe, baz\u0131lar\u0131 b\u00fcy\u00fckanneleriyle dedelerini ziyarete, baz\u0131lar\u0131 ise \u00e7ar\u015f\u0131ya gidiyordu.Birer iki\u015fer otob\u00fcse bindiler ve yola koyuldular. Sonra<span class=\"excerpt-hellip\"> [\u2026]<\/span><\/p>\n","protected":false},"featured_media":0,"template":"","meta":{"_monsterinsights_skip_tracking":false,"_monsterinsights_sitenote_active":false,"_monsterinsights_sitenote_note":"","_monsterinsights_sitenote_category":0},"product_brand":[],"product_cat":[12913,12274],"product_tag":[],"class_list":{"0":"post-725850","1":"product","2":"type-product","3":"status-publish","5":"product_cat-3-6-yas-kitaplari","6":"product_cat-cocuk-ve-genclik-kitaplari","7":"pa_cilt-ciltsiz","8":"pa_tur-kitap","9":"pa_yayinevi-is-bankasi-kultur-yayinlari","10":"pa_yazar-sue-tarsky","12":"first","13":"instock","14":"sale","15":"shipping-taxable","16":"purchasable","17":"product-type-simple"},"_links":{"self":[{"href":"https:\/\/roveyayinevi.com.tr\/index.php\/wp-json\/wp\/v2\/product\/725850","targetHints":{"allow":["GET"]}}],"collection":[{"href":"https:\/\/roveyayinevi.com.tr\/index.php\/wp-json\/wp\/v2\/product"}],"about":[{"href":"https:\/\/roveyayinevi.com.tr\/index.php\/wp-json\/wp\/v2\/types\/product"}],"wp:attachment":[{"href":"https:\/\/roveyayinevi.com.tr\/index.php\/wp-json\/wp\/v2\/media?parent=725850"}],"wp:term":[{"taxonomy":"product_brand","embeddable":true,"href":"https:\/\/roveyayinevi.com.tr\/index.php\/wp-json\/wp\/v2\/product_brand?post=725850"},{"taxonomy":"product_cat","embeddable":true,"href":"https:\/\/roveyayinevi.com.tr\/index.php\/wp-json\/wp\/v2\/product_cat?post=725850"},{"taxonomy":"product_tag","embeddable":true,"href":"https:\/\/roveyayinevi.com.tr\/index.php\/wp-json\/wp\/v2\/product_tag?post=725850"}],"curies":[{"name":"wp","href":"https:\/\/api.w.org\/{rel}","templated":true}]}}