{"id":725849,"date":"2025-08-27T19:56:51","date_gmt":"2025-08-27T16:56:51","guid":{"rendered":"https:\/\/roveyayinevi.com.tr\/index.php\/urun\/bir-esegin-anilari-kisaltilmis-metin\/"},"modified":"2026-04-16T02:33:38","modified_gmt":"2026-04-15T23:33:38","slug":"bir-esegin-anilari-kisaltilmis-metin","status":"publish","type":"product","link":"https:\/\/roveyayinevi.com.tr\/index.php\/urun\/bir-esegin-anilari-kisaltilmis-metin\/","title":{"rendered":"Bir E\u015fe\u011fin An\u0131lar\u0131 (K\u0131salt\u0131lm\u0131\u015f Metin )"},"content":{"rendered":"<p>Ele avuca s\u0131\u011fmaz, \u00e7ok zeki, becerikli, kendini be\u011fenmi\u015f, yard\u0131msever, zaman zaman da \u00e7ok huysuz\u2026 Kadi\u015fon b\u00fct\u00fcn bu \u00f6zellikleri b\u00fcnyesinde ta\u015f\u0131may\u0131 ba\u015faran, \u00e7\u0131lg\u0131n bir e\u015fek. Gitti\u011fi her yeri kar\u0131\u015ft\u0131rd\u0131\u011f\u0131 i\u00e7in bir t\u00fcrl\u00fc aile edinemiyor.  Sonunda tam da g\u00f6nl\u00fcne g\u00f6re bir aile buluyor, ama ukalal\u0131\u011f\u0131 y\u00fcz\u00fcnden yine ba\u015f\u0131 belaya giriyor.  \u00c7ok sevdi\u011fi ailesini kaybetme tehlikesiyle kar\u015f\u0131 kar\u015f\u0131ya kal\u0131nca, akl\u0131n\u0131 ba\u015f\u0131na topluyor ve ailesi i\u00e7in haydutlarla bile kavga etmeyi g\u00f6ze al\u0131yor. Dikkatli olun, Kadi\u015fon\u2019un maceralar\u0131n\u0131 okurken g\u00fclmekten karn\u0131n\u0131z a\u011fr\u0131yabilir.<\/p>\n","protected":false},"excerpt":{"rendered":"<p>Ele avuca s\u0131\u011fmaz, \u00e7ok zeki, becerikli, kendini be\u011fenmi\u015f, yard\u0131msever, zaman zaman da \u00e7ok huysuz\u2026 Kadi\u015fon b\u00fct\u00fcn bu \u00f6zellikleri b\u00fcnyesinde ta\u015f\u0131may\u0131 ba\u015faran, \u00e7\u0131lg\u0131n bir e\u015fek. Gitti\u011fi her<span class=\"excerpt-hellip\"> [\u2026]<\/span><\/p>\n","protected":false},"featured_media":0,"template":"","meta":{"_monsterinsights_skip_tracking":false,"_monsterinsights_sitenote_active":false,"_monsterinsights_sitenote_note":"","_monsterinsights_sitenote_category":0},"product_brand":[],"product_cat":[12274,12467],"product_tag":[],"class_list":{"0":"post-725849","1":"product","2":"type-product","3":"status-publish","5":"product_cat-cocuk-ve-genclik-kitaplari","6":"product_cat-dunya-klasikleri","7":"pa_cilt-ciltsiz","8":"pa_tur-kitap","9":"pa_yayinevi-is-bankasi-kultur-yayinlari","10":"pa_yazar-comtesse-de-segur","12":"first","13":"instock","14":"sale","15":"shipping-taxable","16":"purchasable","17":"product-type-simple"},"_links":{"self":[{"href":"https:\/\/roveyayinevi.com.tr\/index.php\/wp-json\/wp\/v2\/product\/725849","targetHints":{"allow":["GET"]}}],"collection":[{"href":"https:\/\/roveyayinevi.com.tr\/index.php\/wp-json\/wp\/v2\/product"}],"about":[{"href":"https:\/\/roveyayinevi.com.tr\/index.php\/wp-json\/wp\/v2\/types\/product"}],"wp:attachment":[{"href":"https:\/\/roveyayinevi.com.tr\/index.php\/wp-json\/wp\/v2\/media?parent=725849"}],"wp:term":[{"taxonomy":"product_brand","embeddable":true,"href":"https:\/\/roveyayinevi.com.tr\/index.php\/wp-json\/wp\/v2\/product_brand?post=725849"},{"taxonomy":"product_cat","embeddable":true,"href":"https:\/\/roveyayinevi.com.tr\/index.php\/wp-json\/wp\/v2\/product_cat?post=725849"},{"taxonomy":"product_tag","embeddable":true,"href":"https:\/\/roveyayinevi.com.tr\/index.php\/wp-json\/wp\/v2\/product_tag?post=725849"}],"curies":[{"name":"wp","href":"https:\/\/api.w.org\/{rel}","templated":true}]}}