{"id":725848,"date":"2025-08-27T19:56:50","date_gmt":"2025-08-27T16:56:50","guid":{"rendered":"https:\/\/roveyayinevi.com.tr\/index.php\/urun\/uc-silahsorler-kisaltilmis-metin\/"},"modified":"2026-04-16T02:33:38","modified_gmt":"2026-04-15T23:33:38","slug":"uc-silahsorler-kisaltilmis-metin","status":"publish","type":"product","link":"https:\/\/roveyayinevi.com.tr\/index.php\/urun\/uc-silahsorler-kisaltilmis-metin\/","title":{"rendered":"\u00dc\u00e7 Silah\u015f\u00f6rler  (K\u0131salt\u0131lm\u0131\u015f Metin )"},"content":{"rendered":"<p>Cesur delikanl\u0131 d\u2019Artagnan, Paris\u2019te kendisine g\u00fczel bir gelecek kurmay\u0131 planl\u0131yordu. Ancak daha \u015fehrin giri\u015finde ba\u015f\u0131 derde girdi. \u00d6nce kibirli bir yabanc\u0131yla tart\u0131\u015ft\u0131 ve i\u015f bulmas\u0131n\u0131 sa\u011flayacak mektubu \u00e7ald\u0131rd\u0131. Ard\u0131ndan birka\u00e7 silah\u015f\u00f6rle sorun ya\u015fad\u0131. Neyse ki bu silah\u015f\u00f6rler ak\u0131ll\u0131 adamlard\u0131, bu delikanl\u0131n\u0131n iyi bir dost olaca\u011f\u0131na karar verdiler. \u00dcstelik d\u2019Artagnan\u2019\u0131n d\u00fcr\u00fcstl\u00fck ve cesaretinin yan\u0131 s\u0131ra \u00e7ok daha de\u011ferli bir \u00f6zelli\u011fi vard\u0131. Delikanl\u0131 \u00e7ok da ak\u0131ll\u0131yd\u0131. Sonras\u0131nda ya\u015fanacak olaylar, silah\u015f\u00f6rlerin d\u2019Artagnan\u2019la arkada\u015f olmas\u0131n\u0131n ne kadar do\u011fru bir tercih oldu\u011funu g\u00f6sterecekti. Edebiyat tarihinin en \u00fcnl\u00fc silah\u015f\u00f6rlerinin maceralar\u0131n\u0131 soluk solu\u011fa okuyacaks\u0131n\u0131z.<\/p>\n","protected":false},"excerpt":{"rendered":"<p>Cesur delikanl\u0131 d\u2019Artagnan, Paris\u2019te kendisine g\u00fczel bir gelecek kurmay\u0131 planl\u0131yordu. Ancak daha \u015fehrin giri\u015finde ba\u015f\u0131 derde girdi. \u00d6nce kibirli bir yabanc\u0131yla tart\u0131\u015ft\u0131 ve i\u015f bulmas\u0131n\u0131 sa\u011flayacak<span class=\"excerpt-hellip\"> [\u2026]<\/span><\/p>\n","protected":false},"featured_media":0,"template":"","meta":{"_monsterinsights_skip_tracking":false,"_monsterinsights_sitenote_active":false,"_monsterinsights_sitenote_note":"","_monsterinsights_sitenote_category":0},"product_brand":[],"product_cat":[12274,12467],"product_tag":[],"class_list":{"0":"post-725848","1":"product","2":"type-product","3":"status-publish","5":"product_cat-cocuk-ve-genclik-kitaplari","6":"product_cat-dunya-klasikleri","7":"pa_cilt-ciltsiz","8":"pa_tur-kitap","9":"pa_yayinevi-is-bankasi-kultur-yayinlari","10":"pa_yazar-alexandre-dumas","12":"first","13":"instock","14":"sale","15":"shipping-taxable","16":"purchasable","17":"product-type-simple"},"_links":{"self":[{"href":"https:\/\/roveyayinevi.com.tr\/index.php\/wp-json\/wp\/v2\/product\/725848","targetHints":{"allow":["GET"]}}],"collection":[{"href":"https:\/\/roveyayinevi.com.tr\/index.php\/wp-json\/wp\/v2\/product"}],"about":[{"href":"https:\/\/roveyayinevi.com.tr\/index.php\/wp-json\/wp\/v2\/types\/product"}],"wp:attachment":[{"href":"https:\/\/roveyayinevi.com.tr\/index.php\/wp-json\/wp\/v2\/media?parent=725848"}],"wp:term":[{"taxonomy":"product_brand","embeddable":true,"href":"https:\/\/roveyayinevi.com.tr\/index.php\/wp-json\/wp\/v2\/product_brand?post=725848"},{"taxonomy":"product_cat","embeddable":true,"href":"https:\/\/roveyayinevi.com.tr\/index.php\/wp-json\/wp\/v2\/product_cat?post=725848"},{"taxonomy":"product_tag","embeddable":true,"href":"https:\/\/roveyayinevi.com.tr\/index.php\/wp-json\/wp\/v2\/product_tag?post=725848"}],"curies":[{"name":"wp","href":"https:\/\/api.w.org\/{rel}","templated":true}]}}