{"id":725845,"date":"2025-08-27T19:56:48","date_gmt":"2025-08-27T16:56:48","guid":{"rendered":"https:\/\/roveyayinevi.com.tr\/index.php\/urun\/el-cid\/"},"modified":"2026-04-16T02:33:38","modified_gmt":"2026-04-15T23:33:38","slug":"el-cid","status":"publish","type":"product","link":"https:\/\/roveyayinevi.com.tr\/index.php\/urun\/el-cid\/","title":{"rendered":"El Cid"},"content":{"rendered":"<p>Pierre Corneille (1606-1684): Klasik Frans\u0131z tragedyas\u0131n\u0131n kurucusu kabul edilir. Orta s\u0131n\u0131f bir ailenin \u00e7ocu\u011fudur ve Cizvit e\u011fitimi alm\u0131\u015ft\u0131r. Yirmi ya\u015f\u0131na gelmeden yazd\u0131\u011f\u0131 ilk oyunu Paris\u2019te ba\u015far\u0131yla sahnelenmi\u015f ve parlak bir kariyerin ilk ad\u0131m\u0131 olmu\u015ftur. \u015eair 1647\u2019de Acad\u00e9mie Fran\u00e7aise\u2019e girmeye hak kazanm\u0131\u015ft\u0131r. El Cid 1637 y\u0131l\u0131nda \u00f6nce bir trajikomedya, daha sonra tragedya olarak yay\u0131mlanm\u0131\u015f ve ayn\u0131 y\u0131l sahneye konmu\u015ftur. \u0130spanya\u2019n\u0131n mill\u00ee kahraman\u0131n\u0131 konu alan oyun, klasik draman\u0131n \u00fc\u00e7 uyum kural\u0131na tam olarak uymay\u0131\u015f\u0131 ve konuyu bir kahramanl\u0131k hik\u00e2yesindense iki \u00e2\u015f\u0131\u011f\u0131n trajedisi olarak i\u015fleyi\u015fiyle d\u00f6neminde tart\u0131\u015fma yaratmas\u0131na ra\u011fmen Frans\u0131z tiyatro yazarl\u0131\u011f\u0131n\u0131n \u015fahikas\u0131 kabul edilir. Aile \u015ferefi i\u00e7in sevdi\u011fi Jimena\u2019n\u0131n babas\u0131n\u0131 \u00f6ld\u00fcrmek zorunda kalan Don Rodrigo\u2019yla, kader taraf\u0131ndan babas\u0131n\u0131n \u00f6c\u00fcn\u00fc almakla sevgilisinin hayat\u0131 aras\u0131nda bir se\u00e7ime zorlanan Jimena\u2019n\u0131n dokunakl\u0131 hik\u00e2yesini anlat\u0131r.<\/p>\n","protected":false},"excerpt":{"rendered":"<p>Pierre Corneille (1606-1684): Klasik Frans\u0131z tragedyas\u0131n\u0131n kurucusu kabul edilir. Orta s\u0131n\u0131f bir ailenin \u00e7ocu\u011fudur ve Cizvit e\u011fitimi alm\u0131\u015ft\u0131r. Yirmi ya\u015f\u0131na gelmeden yazd\u0131\u011f\u0131 ilk oyunu Paris\u2019te ba\u015far\u0131yla<span class=\"excerpt-hellip\"> [\u2026]<\/span><\/p>\n","protected":false},"featured_media":0,"template":"","meta":{"_monsterinsights_skip_tracking":false,"_monsterinsights_sitenote_active":false,"_monsterinsights_sitenote_note":"","_monsterinsights_sitenote_category":0},"product_brand":[],"product_cat":[12291,13872],"product_tag":[],"class_list":{"0":"post-725845","1":"product","2":"type-product","3":"status-publish","5":"product_cat-edebiyat","6":"product_cat-klasikler","7":"pa_cilt-ciltsiz","8":"pa_tur-kitap","9":"pa_yayinevi-is-bankasi-kultur-yayinlari","10":"pa_yazar-pierre-corneille","12":"first","13":"instock","14":"sale","15":"shipping-taxable","16":"purchasable","17":"product-type-simple"},"_links":{"self":[{"href":"https:\/\/roveyayinevi.com.tr\/index.php\/wp-json\/wp\/v2\/product\/725845","targetHints":{"allow":["GET"]}}],"collection":[{"href":"https:\/\/roveyayinevi.com.tr\/index.php\/wp-json\/wp\/v2\/product"}],"about":[{"href":"https:\/\/roveyayinevi.com.tr\/index.php\/wp-json\/wp\/v2\/types\/product"}],"wp:attachment":[{"href":"https:\/\/roveyayinevi.com.tr\/index.php\/wp-json\/wp\/v2\/media?parent=725845"}],"wp:term":[{"taxonomy":"product_brand","embeddable":true,"href":"https:\/\/roveyayinevi.com.tr\/index.php\/wp-json\/wp\/v2\/product_brand?post=725845"},{"taxonomy":"product_cat","embeddable":true,"href":"https:\/\/roveyayinevi.com.tr\/index.php\/wp-json\/wp\/v2\/product_cat?post=725845"},{"taxonomy":"product_tag","embeddable":true,"href":"https:\/\/roveyayinevi.com.tr\/index.php\/wp-json\/wp\/v2\/product_tag?post=725845"}],"curies":[{"name":"wp","href":"https:\/\/api.w.org\/{rel}","templated":true}]}}