{"id":725842,"date":"2025-08-27T19:56:45","date_gmt":"2025-08-27T16:56:45","guid":{"rendered":"https:\/\/roveyayinevi.com.tr\/index.php\/urun\/ego-yeni-insanligin-temelleri-1\/"},"modified":"2026-04-03T02:41:04","modified_gmt":"2026-04-02T23:41:04","slug":"ego-yeni-insanligin-temelleri-1","status":"publish","type":"product","link":"https:\/\/roveyayinevi.com.tr\/index.php\/urun\/ego-yeni-insanligin-temelleri-1\/","title":{"rendered":"Ego \/ Yeni \u0130nsanl\u0131\u011f\u0131n Temelleri 1"},"content":{"rendered":"<p>Aileler, \u00f6\u011fretmenler, toplum&#8230; Hepsi bizim i\u00e7in en iyisini istedi\u011fini iddia eder ve hepsi de bizi, oldu\u011fumuzdan farkl\u0131 bir ki\u015fiye d\u00f6nu\u0308\u015ftu\u0308rmeye \u00e7al\u0131\u015f\u0131r. E\u011fitim bunun i\u00e7in vard\u0131r: Bizi, daha iyi, daha geli\u015fmi\u015f, daha ba\u015far\u0131l\u0131 bir versiyonumuza d\u00f6nu\u0308\u015ftu\u0308rebilmek i\u00e7in. Egomuzu besleyerek, sahip olduklar\u0131m\u0131z\u0131 \u00e7o\u011faltarak kendimizi tamamlanm\u0131\u015f ve mutlu hissedebilece\u011fimize inand\u0131r\u0131ld\u0131k. Halbuki tu\u0308m bunlar, bizi kendimiz olmaktan ve dolay\u0131s\u0131yla mutluluktan al\u0131koyar. Oldu\u011fumuz ki\u015fiden bir ba\u015fkas\u0131na d\u00f6nu\u0308\u015fmeye dair h\u0131rs\u0131m\u0131z\u0131, \u00e7abam\u0131z\u0131 bir kenara b\u0131rakt\u0131\u011f\u0131m\u0131zda ise kendimizle kar\u015f\u0131la\u015f\u0131r\u0131z. Ve i\u015fte o an, ya\u015fam\u0131n en bu\u0308yu\u0308k hediyesi ile kucakla\u015f\u0131r\u0131z. Art\u0131k kendimiz olmaya cesaret etmenin zaman\u0131 geldi.Ba\u015far\u0131 du\u0308\u015fu\u0308ncesi sana i\u015fkence ediyor. Ba\u015far\u0131 du\u0308\u015fu\u0308ncesi, ba\u015far\u0131l\u0131 olmak zorunda olman insanl\u0131\u011f\u0131n ba\u015f\u0131na gelmi\u015f en bu\u0308yu\u0308k felakettir. Ba\u015far\u0131 demek, rekabet etmek zorunda olman, adil olsun olmas\u0131n fark etmeyen \u015fekillerde mu\u0308cadele etmek zorunda olman demektir. Bir kez ba\u015fard\u0131\u011f\u0131n zaman her \u015fey iyidir. \u00d6nemli olan ba\u015far\u0131d\u0131r. K\u00f6tu\u0308 yollarla dahi ba\u015far\u0131l\u0131 olursan, bir kez ba\u015fard\u0131\u011f\u0131nda ne yaparsan yap iyidir. Ba\u015far\u0131 tu\u0308m eylemlerinin niteli\u011fini de\u011fi\u015ftirir. Ba\u015far\u0131, k\u00f6tu\u0308 ara\u00e7lar\u0131 iyi ama\u00e7lara d\u00f6nu\u0308\u015ftu\u0308ru\u0308r.Hat\u0131rlanacak tek \u015fey \u015fudur: Kendin i\u00e7in ne du\u0308\u015fu\u0308nu\u0308yorsan di\u011fer herkes i\u00e7in ayn\u0131 \u015feyi du\u0308\u015fu\u0308n; ego kaybolacakt\u0131r. Ego kendin i\u00e7in bir \u015fekilde ve ba\u015fkalar\u0131 i\u00e7in ba\u015fka bir \u015fekilde du\u0308\u015fu\u0308nmeyle yarat\u0131lan bir yan\u0131lsamad\u0131r. Bu \u00e7ifte standartt\u0131r. E\u011fer \u00e7ifte standard\u0131 b\u0131rakabilirsen ego kendili\u011finden \u00f6lu\u0308r.<\/p>\n","protected":false},"excerpt":{"rendered":"<p>Aileler, \u00f6\u011fretmenler, toplum&#8230; Hepsi bizim i\u00e7in en iyisini istedi\u011fini iddia eder ve hepsi de bizi, oldu\u011fumuzdan farkl\u0131 bir ki\u015fiye d\u00f6nu\u0308\u015ftu\u0308rmeye \u00e7al\u0131\u015f\u0131r. E\u011fitim bunun i\u00e7in vard\u0131r: Bizi,<span class=\"excerpt-hellip\"> [\u2026]<\/span><\/p>\n","protected":false},"featured_media":0,"template":"","meta":{"_monsterinsights_skip_tracking":false,"_monsterinsights_sitenote_active":false,"_monsterinsights_sitenote_note":"","_monsterinsights_sitenote_category":0},"product_brand":[],"product_cat":[12364,12376],"product_tag":[],"class_list":{"0":"post-725842","1":"product","2":"type-product","3":"status-publish","5":"product_cat-genel-konular","6":"product_cat-kisisel-gelisim","7":"pa_cilt-ciltsiz","8":"pa_tur-kitap","9":"pa_yayinevi-omega","10":"pa_yazar-osho","12":"first","13":"instock","14":"sale","15":"shipping-taxable","16":"purchasable","17":"product-type-simple"},"_links":{"self":[{"href":"https:\/\/roveyayinevi.com.tr\/index.php\/wp-json\/wp\/v2\/product\/725842","targetHints":{"allow":["GET"]}}],"collection":[{"href":"https:\/\/roveyayinevi.com.tr\/index.php\/wp-json\/wp\/v2\/product"}],"about":[{"href":"https:\/\/roveyayinevi.com.tr\/index.php\/wp-json\/wp\/v2\/types\/product"}],"wp:attachment":[{"href":"https:\/\/roveyayinevi.com.tr\/index.php\/wp-json\/wp\/v2\/media?parent=725842"}],"wp:term":[{"taxonomy":"product_brand","embeddable":true,"href":"https:\/\/roveyayinevi.com.tr\/index.php\/wp-json\/wp\/v2\/product_brand?post=725842"},{"taxonomy":"product_cat","embeddable":true,"href":"https:\/\/roveyayinevi.com.tr\/index.php\/wp-json\/wp\/v2\/product_cat?post=725842"},{"taxonomy":"product_tag","embeddable":true,"href":"https:\/\/roveyayinevi.com.tr\/index.php\/wp-json\/wp\/v2\/product_tag?post=725842"}],"curies":[{"name":"wp","href":"https:\/\/api.w.org\/{rel}","templated":true}]}}