{"id":725839,"date":"2025-08-27T19:56:42","date_gmt":"2025-08-27T16:56:42","guid":{"rendered":"https:\/\/roveyayinevi.com.tr\/index.php\/urun\/galiba-hisirdiyorum\/"},"modified":"2026-03-10T02:49:16","modified_gmt":"2026-03-09T23:49:16","slug":"galiba-hisirdiyorum","status":"publish","type":"product","link":"https:\/\/roveyayinevi.com.tr\/index.php\/urun\/galiba-hisirdiyorum\/","title":{"rendered":"Galiba H\u0131\u015f\u0131rd\u0131yorum!"},"content":{"rendered":"<p>Yumu\u015fac\u0131k g\u00f6k mavisi, \u00e7\u0131lg\u0131n camg\u00f6be\u011fi, yanar d\u00f6ner elektrik mavisi\u2026Her \u00e7e\u015fit mavinin bir arada ya\u015fad\u0131\u011f\u0131 Kalabal\u0131k \u00fclkesinde, bir g\u00fcn korkun\u00e7 v\u0131nlamalar ve \u00e7irkin v\u0131z\u0131ldamalar duyuldu. Ayn\u0131 anda balkondaki ku\u015flar kanatlar\u0131n\u0131 \u00e7\u0131rp\u0131\u015ft\u0131r\u0131p havaland\u0131. Sadece ku\u015flar de\u011fil, Kalabal\u0131k \u00fclkesinde ya\u015fayanlar da ba\u015fka bir \u00fclkeye g\u00f6\u00e7ecekti\u2026<\/p>\n","protected":false},"excerpt":{"rendered":"<p>Yumu\u015fac\u0131k g\u00f6k mavisi, \u00e7\u0131lg\u0131n camg\u00f6be\u011fi, yanar d\u00f6ner elektrik mavisi\u2026Her \u00e7e\u015fit mavinin bir arada ya\u015fad\u0131\u011f\u0131 Kalabal\u0131k \u00fclkesinde, bir g\u00fcn korkun\u00e7 v\u0131nlamalar ve \u00e7irkin v\u0131z\u0131ldamalar duyuldu. Ayn\u0131 anda<span class=\"excerpt-hellip\"> [\u2026]<\/span><\/p>\n","protected":false},"featured_media":0,"template":"","meta":{"_monsterinsights_skip_tracking":false,"_monsterinsights_sitenote_active":false,"_monsterinsights_sitenote_note":"","_monsterinsights_sitenote_category":0},"product_brand":[],"product_cat":[12274,12284],"product_tag":[],"class_list":{"0":"post-725839","1":"product","2":"type-product","3":"status-publish","5":"product_cat-cocuk-ve-genclik-kitaplari","6":"product_cat-hikayeler","7":"pa_cilt-ciltsiz","8":"pa_tur-kitap","9":"pa_yayinevi-iletisim-yayinlari","10":"pa_yazar-sema-aslan","12":"first","13":"instock","14":"sale","15":"shipping-taxable","16":"purchasable","17":"product-type-simple"},"_links":{"self":[{"href":"https:\/\/roveyayinevi.com.tr\/index.php\/wp-json\/wp\/v2\/product\/725839","targetHints":{"allow":["GET"]}}],"collection":[{"href":"https:\/\/roveyayinevi.com.tr\/index.php\/wp-json\/wp\/v2\/product"}],"about":[{"href":"https:\/\/roveyayinevi.com.tr\/index.php\/wp-json\/wp\/v2\/types\/product"}],"wp:attachment":[{"href":"https:\/\/roveyayinevi.com.tr\/index.php\/wp-json\/wp\/v2\/media?parent=725839"}],"wp:term":[{"taxonomy":"product_brand","embeddable":true,"href":"https:\/\/roveyayinevi.com.tr\/index.php\/wp-json\/wp\/v2\/product_brand?post=725839"},{"taxonomy":"product_cat","embeddable":true,"href":"https:\/\/roveyayinevi.com.tr\/index.php\/wp-json\/wp\/v2\/product_cat?post=725839"},{"taxonomy":"product_tag","embeddable":true,"href":"https:\/\/roveyayinevi.com.tr\/index.php\/wp-json\/wp\/v2\/product_tag?post=725839"}],"curies":[{"name":"wp","href":"https:\/\/api.w.org\/{rel}","templated":true}]}}