{"id":725837,"date":"2025-08-27T19:56:40","date_gmt":"2025-08-27T16:56:40","guid":{"rendered":"https:\/\/roveyayinevi.com.tr\/index.php\/urun\/radikaller\/"},"modified":"2026-04-16T02:33:38","modified_gmt":"2026-04-15T23:33:38","slug":"radikaller","status":"publish","type":"product","link":"https:\/\/roveyayinevi.com.tr\/index.php\/urun\/radikaller\/","title":{"rendered":"Radikaller"},"content":{"rendered":"<p>Ba\u015f\u0131m\u0131za Brexit ve Trump\u2019\u0131 getiren anti-politik isyan\u0131n i\u00e7y\u00fcz\u00fc&#8230;Evening StandardSon birka\u00e7 y\u0131lda d\u00fcnya beklenmedik bi\u00e7imde de\u011fi\u015fti. Radikal d\u00fc\u015f\u00fcnce ve gruplar\u0131n g\u00fcc\u00fc giderek art\u0131yor. Eskinin a\u015f\u0131r\u0131s\u0131 art\u0131k al\u0131\u015f\u0131ld\u0131k oldu. Peki politik u\u00e7larda hayat neye benziyor?Radikallerin as\u0131l g\u00fcc\u00fc nereden geliyor?Radikaller, g\u00fcn\u00fcm\u00fcz\u00fcn ya\u015fam bi\u00e7imine alternatifler bulmaya \u00e7al\u0131\u015fan hareketleri incelerken, bizi a\u015f\u0131r\u0131 u\u00e7lardakilerin tuhaf ve heyecanl\u0131 hayat\u0131na dahil ediyor. Madenlere yap\u0131lan \u015fafak bask\u0131nlar\u0131ndan internetin karanl\u0131k k\u00f6\u015felerine uzanan g\u00fcn\u00fcm\u00fcz\u00fcn en gizli ve etkili hareketleri; \u00f6l\u00fcms\u00fczl\u00fck aray\u0131\u015f\u0131ndaki tekno-f\u00fct\u00fcristler, s\u0131n\u0131rlar\u0131 kapatmak isteyen a\u015f\u0131r\u0131 sa\u011fc\u0131lar, d\u00fcnyan\u0131n do\u011fal kaynaklar\u0131n\u0131 korumak i\u00e7in her yolu mubah g\u00f6ren militan \u00e7evreciler, yeni \u00fclkeler kuran liberterler, kendi kendine yeten kooperatiflerin mikro-toplumlar\u0131, topluma g\u00fc\u00e7l\u00fc hal\u00fcsinojenler yoluyla \u015fifa vermeyi deneyen \u00f6nderler\u2026Radikal politika ve teknoloji alan\u0131nda g\u00fcn\u00fcm\u00fcz\u00fcn en \u00f6nemli d\u00fc\u015f\u00fcn\u00fcrlerinden biri olan Jamie Bartlett, bu hareketleri y\u00f6nlendiren insanlar ve d\u00fc\u015f\u00fcncelere dair \u015fa\u015f\u0131rt\u0131c\u0131 bir perspektifin yan\u0131 s\u0131ra ba\u015fka bir ger\u00e7e\u011fi de ortaya koyuyor: Radikaller belki de sadece d\u00fcnyadaki derin huzursuzlu\u011fun semptomlar\u0131 de\u011fil, gelecek i\u00e7in en akla yak\u0131n modelleri sunan ki\u015filerdir.<\/p>\n","protected":false},"excerpt":{"rendered":"<p>Ba\u015f\u0131m\u0131za Brexit ve Trump\u2019\u0131 getiren anti-politik isyan\u0131n i\u00e7y\u00fcz\u00fc&#8230;Evening StandardSon birka\u00e7 y\u0131lda d\u00fcnya beklenmedik bi\u00e7imde de\u011fi\u015fti. Radikal d\u00fc\u015f\u00fcnce ve gruplar\u0131n g\u00fcc\u00fc giderek art\u0131yor. Eskinin a\u015f\u0131r\u0131s\u0131 art\u0131k al\u0131\u015f\u0131ld\u0131k<span class=\"excerpt-hellip\"> [\u2026]<\/span><\/p>\n","protected":false},"featured_media":0,"template":"","meta":{"_monsterinsights_skip_tracking":false,"_monsterinsights_sitenote_active":false,"_monsterinsights_sitenote_note":"","_monsterinsights_sitenote_category":0},"product_brand":[],"product_cat":[13590,12337],"product_tag":[],"class_list":{"0":"post-725837","1":"product","2":"type-product","3":"status-publish","5":"product_cat-arastirma-inceleme-politika-siyaset","6":"product_cat-politika-siyaset","7":"pa_cilt-ciltsiz","8":"pa_tur-kitap","9":"pa_yayinevi-mundi","10":"pa_yazar-jamie-bartlett","12":"first","13":"instock","14":"sale","15":"shipping-taxable","16":"purchasable","17":"product-type-simple"},"_links":{"self":[{"href":"https:\/\/roveyayinevi.com.tr\/index.php\/wp-json\/wp\/v2\/product\/725837","targetHints":{"allow":["GET"]}}],"collection":[{"href":"https:\/\/roveyayinevi.com.tr\/index.php\/wp-json\/wp\/v2\/product"}],"about":[{"href":"https:\/\/roveyayinevi.com.tr\/index.php\/wp-json\/wp\/v2\/types\/product"}],"wp:attachment":[{"href":"https:\/\/roveyayinevi.com.tr\/index.php\/wp-json\/wp\/v2\/media?parent=725837"}],"wp:term":[{"taxonomy":"product_brand","embeddable":true,"href":"https:\/\/roveyayinevi.com.tr\/index.php\/wp-json\/wp\/v2\/product_brand?post=725837"},{"taxonomy":"product_cat","embeddable":true,"href":"https:\/\/roveyayinevi.com.tr\/index.php\/wp-json\/wp\/v2\/product_cat?post=725837"},{"taxonomy":"product_tag","embeddable":true,"href":"https:\/\/roveyayinevi.com.tr\/index.php\/wp-json\/wp\/v2\/product_tag?post=725837"}],"curies":[{"name":"wp","href":"https:\/\/api.w.org\/{rel}","templated":true}]}}