{"id":725836,"date":"2025-08-27T19:56:39","date_gmt":"2025-08-27T16:56:39","guid":{"rendered":"https:\/\/roveyayinevi.com.tr\/index.php\/urun\/senin-yolun-hangisi\/"},"modified":"2026-04-16T02:33:38","modified_gmt":"2026-04-15T23:33:38","slug":"senin-yolun-hangisi","status":"publish","type":"product","link":"https:\/\/roveyayinevi.com.tr\/index.php\/urun\/senin-yolun-hangisi\/","title":{"rendered":"Senin Yolun  Hangisi"},"content":{"rendered":"<p>\u0130nsan\u0131n b\u00fcy\u00fck aray\u0131\u015f\u0131:   Hayat\u0131mla ne yapmal\u0131y\u0131m?Kendini ger\u00e7ekle\u015ftirme yolculu\u011funda, 3K&#8217;n\u0131n bulu\u015fmas\u0131 \u00f6nemli: Kalp, karakter ve kabiliyet. Peki insan kalbini, karakterini, kabiliyetini ve kariyerini nas\u0131l uyumlu hale getirebilir? Kendini bulmak, kabiliyetlerini keskinle\u015ftirmek ve hayat yolunu se\u00e7mek i\u00e7in ne yapabilir?Dr. Bahar Eri\u015f bu kitapta kendini ger\u00e7ekle\u015ftirmenin be\u015f katman\u0131n\u0131 anlat\u0131yor: Do\u011fal e\u011filimlerimizi tan\u0131mak, istikrarl\u0131 motivasyon sa\u011flamak, verimli \u00e7abalamay\u0131 \u00f6\u011frenmek, do\u011fru destek sistemi bulmak. Bunlar\u0131 esnek, sa\u011flam ve sars\u0131lmaz bir karakter \u00fczerine kuruyor. Akademik ara\u015ft\u0131rmalardan antik filozoflara, efsane CEO\u2019lardan bu topraklar\u0131n d\u00fc\u015f\u00fcn\u00fcrlerine zengin kaynaklardan besleniyor.&#8221;Potansiyelini ger\u00e7ekle\u015ftiremeyen organizma zamanla hastalan\u0131r.&#8221; der Prof. William James. \u0130\u00e7iniz i\u015finize, yap\u0131n\u0131z yapt\u0131\u011f\u0131n\u0131za uymuyorsa bu kitaba bir g\u00f6z at\u0131n. \u00c7ocu\u011funun potansiyelini ke\u015ffetmek isteyen aileler, \u00e7al\u0131\u015fanlar\u0131n\u0131 do\u011fru de\u011ferlendirmek isteyen y\u00f6neticiler, \u00f6\u011frencilerini geli\u015ftirmek isteyen \u00f6\u011fretmenler ve kendini b\u00fcy\u00fctmek isteyen herkes i\u00e7in.\u015eu hayatta, senin yolun hangisi? Kalbin ne i\u00e7in \u00e7arp\u0131yor? Sabah seni yataktan kald\u0131ran ne? Sana verilene sen ne katabilirsin? Hangi alanda do\u011fal yeteneklerin var? G\u00fc\u00e7l\u00fc yanlar\u0131n\u0131 nas\u0131l avantaja \u00e7evirebilirsin? Bambu gibi esnek, kaya gibi sa\u011flam, akarsu gibi ak\u0131\u015fkan bir karakter nas\u0131l geli\u015ftirebilirsin?DO\u011eAL E\u011e\u0130L\u0130MLERDo\u011fal e\u011filim nas\u0131l anla\u015f\u0131l\u0131r, ipu\u00e7lar\u0131 nelerdir?S\u00dcRD\u00dcR\u00dcLEB\u0130L\u0130R MOT\u0130VASYONSabah seni yataktan kald\u0131ran ne? S\u00fcrd\u00fcr\u00fclebilir motivasyonun s\u0131rr\u0131 ne?VER\u0130ML\u0130  \u00c7ABAZaman\u0131n\u0131, enerjini, imkanlar\u0131n\u0131  nas\u0131l verimli kullanabilirsin?DO\u011eRU DESTEK MEKAN\u0130ZMALARI&#8221;Potansiyeli destekleyen\/k\u00f6stekleyen ekosistem, aile, \u00f6\u011fretmen nas\u0131ld\u0131r?&#8221;SA\u011eLAM KARAKTERBambu gibi esnek, kaya gibi sa\u011flam, akarsu gibi ak\u0131\u015fkan bir karakter nas\u0131l geli\u015fir?<\/p>\n","protected":false},"excerpt":{"rendered":"<p>\u0130nsan\u0131n b\u00fcy\u00fck aray\u0131\u015f\u0131: Hayat\u0131mla ne yapmal\u0131y\u0131m?Kendini ger\u00e7ekle\u015ftirme yolculu\u011funda, 3K&#8217;n\u0131n bulu\u015fmas\u0131 \u00f6nemli: Kalp, karakter ve kabiliyet. Peki insan kalbini, karakterini, kabiliyetini ve kariyerini nas\u0131l uyumlu hale getirebilir?<span class=\"excerpt-hellip\"> [\u2026]<\/span><\/p>\n","protected":false},"featured_media":0,"template":"","meta":{"_monsterinsights_skip_tracking":false,"_monsterinsights_sitenote_active":false,"_monsterinsights_sitenote_note":"","_monsterinsights_sitenote_category":0},"product_brand":[],"product_cat":[12831,12324],"product_tag":[],"class_list":{"0":"post-725836","1":"product","2":"type-product","3":"status-publish","5":"product_cat-aile-ve-cocuk","6":"product_cat-sosyoloji","7":"pa_cilt-ciltsiz","8":"pa_tur-kitap","9":"pa_yayinevi-alfa-yayinlari","10":"pa_yazar-bahar-eris","12":"first","13":"instock","14":"sale","15":"shipping-taxable","16":"purchasable","17":"product-type-simple"},"_links":{"self":[{"href":"https:\/\/roveyayinevi.com.tr\/index.php\/wp-json\/wp\/v2\/product\/725836","targetHints":{"allow":["GET"]}}],"collection":[{"href":"https:\/\/roveyayinevi.com.tr\/index.php\/wp-json\/wp\/v2\/product"}],"about":[{"href":"https:\/\/roveyayinevi.com.tr\/index.php\/wp-json\/wp\/v2\/types\/product"}],"wp:attachment":[{"href":"https:\/\/roveyayinevi.com.tr\/index.php\/wp-json\/wp\/v2\/media?parent=725836"}],"wp:term":[{"taxonomy":"product_brand","embeddable":true,"href":"https:\/\/roveyayinevi.com.tr\/index.php\/wp-json\/wp\/v2\/product_brand?post=725836"},{"taxonomy":"product_cat","embeddable":true,"href":"https:\/\/roveyayinevi.com.tr\/index.php\/wp-json\/wp\/v2\/product_cat?post=725836"},{"taxonomy":"product_tag","embeddable":true,"href":"https:\/\/roveyayinevi.com.tr\/index.php\/wp-json\/wp\/v2\/product_tag?post=725836"}],"curies":[{"name":"wp","href":"https:\/\/api.w.org\/{rel}","templated":true}]}}