{"id":725835,"date":"2025-08-27T19:56:38","date_gmt":"2025-08-27T16:56:38","guid":{"rendered":"https:\/\/roveyayinevi.com.tr\/index.php\/urun\/kagit-gemi\/"},"modified":"2026-04-16T02:33:38","modified_gmt":"2026-04-15T23:33:38","slug":"kagit-gemi","status":"publish","type":"product","link":"https:\/\/roveyayinevi.com.tr\/index.php\/urun\/kagit-gemi\/","title":{"rendered":"Ka\u011f\u0131t Gemi"},"content":{"rendered":"<p>1961 Trabzon do\u011fumluyum. \u0130lk, orta  ve lise e\u011fitimimi Kdz. Ere\u011fli&#8217;de ald\u0131m. \u00dcniversite e\u011fitimimi ya\u015fad\u0131\u011f\u0131m olumsuz nedenlerle yar\u0131m b\u0131rakmak zorunda kald\u0131m. Ya\u015fam\u0131m\u0131; yurt i\u00e7i ve d\u0131\u015f\u0131 uzun yol s\u00fcr\u00fcc\u00fcl\u00fc\u011f\u00fc, tabelac\u0131l\u0131k, in\u015faat boya-dekarsyon ustal\u0131\u011f\u0131, i\u015fportac\u0131l\u0131k ve s\u00fcr\u00fcc\u00fc kursu direksiyon e\u011fitmenli\u011fi yaparak s\u00fcrd\u00fcrd\u00fcm. Evli ve bir \u00e7ocuk babas\u0131y\u0131m. \u015eu an emekli ve Kdz. Ere\u011fli&#8217; de ya\u015fam\u0131ma devam ediyorum.<\/p>\n","protected":false},"excerpt":{"rendered":"<p>1961 Trabzon do\u011fumluyum. \u0130lk, orta ve lise e\u011fitimimi Kdz. Ere\u011fli&#8217;de ald\u0131m. \u00dcniversite e\u011fitimimi ya\u015fad\u0131\u011f\u0131m olumsuz nedenlerle yar\u0131m b\u0131rakmak zorunda kald\u0131m. Ya\u015fam\u0131m\u0131; yurt i\u00e7i ve d\u0131\u015f\u0131 uzun<span class=\"excerpt-hellip\"> [\u2026]<\/span><\/p>\n","protected":false},"featured_media":0,"template":"","meta":{"_monsterinsights_skip_tracking":false,"_monsterinsights_sitenote_active":false,"_monsterinsights_sitenote_note":"","_monsterinsights_sitenote_category":0},"product_brand":[],"product_cat":[12291,12711],"product_tag":[],"class_list":{"0":"post-725835","1":"product","2":"type-product","3":"status-publish","5":"product_cat-edebiyat","6":"product_cat-roman-oyku","7":"pa_cilt-ciltsiz","8":"pa_tur-kitap","9":"pa_yayinevi-baris-kitap","10":"pa_yazar-bayram-sari","12":"first","13":"instock","14":"sale","15":"shipping-taxable","16":"purchasable","17":"product-type-simple"},"_links":{"self":[{"href":"https:\/\/roveyayinevi.com.tr\/index.php\/wp-json\/wp\/v2\/product\/725835","targetHints":{"allow":["GET"]}}],"collection":[{"href":"https:\/\/roveyayinevi.com.tr\/index.php\/wp-json\/wp\/v2\/product"}],"about":[{"href":"https:\/\/roveyayinevi.com.tr\/index.php\/wp-json\/wp\/v2\/types\/product"}],"wp:attachment":[{"href":"https:\/\/roveyayinevi.com.tr\/index.php\/wp-json\/wp\/v2\/media?parent=725835"}],"wp:term":[{"taxonomy":"product_brand","embeddable":true,"href":"https:\/\/roveyayinevi.com.tr\/index.php\/wp-json\/wp\/v2\/product_brand?post=725835"},{"taxonomy":"product_cat","embeddable":true,"href":"https:\/\/roveyayinevi.com.tr\/index.php\/wp-json\/wp\/v2\/product_cat?post=725835"},{"taxonomy":"product_tag","embeddable":true,"href":"https:\/\/roveyayinevi.com.tr\/index.php\/wp-json\/wp\/v2\/product_tag?post=725835"}],"curies":[{"name":"wp","href":"https:\/\/api.w.org\/{rel}","templated":true}]}}