{"id":725834,"date":"2025-08-27T19:56:38","date_gmt":"2025-08-27T16:56:38","guid":{"rendered":"https:\/\/roveyayinevi.com.tr\/index.php\/urun\/yabanci-banka-girislerinin-ekonomik-etkileri-dogu-avrupa-ulke-ornekleri\/"},"modified":"2026-04-16T02:33:38","modified_gmt":"2026-04-15T23:33:38","slug":"yabanci-banka-girislerinin-ekonomik-etkileri-dogu-avrupa-ulke-ornekleri","status":"publish","type":"product","link":"https:\/\/roveyayinevi.com.tr\/index.php\/urun\/yabanci-banka-girislerinin-ekonomik-etkileri-dogu-avrupa-ulke-ornekleri\/","title":{"rendered":"Yabanc\u0131 Banka Giri\u015flerinin Ekonomik Etkileri : Do\u011fu Avrupa \u00dclke \u00d6rnekleri"},"content":{"rendered":"<p>B\u0130R\u0130NC\u0130 B\u00d6L\u00dcM*YABANCI BANKACILIKLA \u0130LG\u0130L\u0130 TEMEL KAVRAMLAR \u0130K\u0130NC\u0130 B\u00d6L\u00dcM*DO\u011eU AVRUPA \u00dcLKE EKONOM\u0130LER\u0130 VE F\u0130NANSAL S\u0130STEMLER\u0130 \u00dc\u00c7\u00dcNC\u00dc B\u00d6L\u00dcM*AMP\u0130R\u0130K UYGULAMA<\/p>\n","protected":false},"excerpt":{"rendered":"<p>B\u0130R\u0130NC\u0130 B\u00d6L\u00dcM*YABANCI BANKACILIKLA \u0130LG\u0130L\u0130 TEMEL KAVRAMLAR \u0130K\u0130NC\u0130 B\u00d6L\u00dcM*DO\u011eU AVRUPA \u00dcLKE EKONOM\u0130LER\u0130 VE F\u0130NANSAL S\u0130STEMLER\u0130 \u00dc\u00c7\u00dcNC\u00dc B\u00d6L\u00dcM*AMP\u0130R\u0130K UYGULAMA<\/p>\n","protected":false},"featured_media":0,"template":"","meta":{"_monsterinsights_skip_tracking":false,"_monsterinsights_sitenote_active":false,"_monsterinsights_sitenote_note":"","_monsterinsights_sitenote_category":0},"product_brand":[],"product_cat":[20333,13043],"product_tag":[],"class_list":{"0":"post-725834","1":"product","2":"type-product","3":"status-publish","5":"product_cat-diger-ekonomi","6":"product_cat-ekonomi","7":"pa_cilt-ciltsiz","8":"pa_tur-kitap","9":"pa_yayinevi-gazi-kitabevi","10":"pa_yazar-yavuz-ozek-halil-oguzhan-ergur","12":"first","13":"instock","14":"sale","15":"shipping-taxable","16":"purchasable","17":"product-type-simple"},"_links":{"self":[{"href":"https:\/\/roveyayinevi.com.tr\/index.php\/wp-json\/wp\/v2\/product\/725834","targetHints":{"allow":["GET"]}}],"collection":[{"href":"https:\/\/roveyayinevi.com.tr\/index.php\/wp-json\/wp\/v2\/product"}],"about":[{"href":"https:\/\/roveyayinevi.com.tr\/index.php\/wp-json\/wp\/v2\/types\/product"}],"wp:attachment":[{"href":"https:\/\/roveyayinevi.com.tr\/index.php\/wp-json\/wp\/v2\/media?parent=725834"}],"wp:term":[{"taxonomy":"product_brand","embeddable":true,"href":"https:\/\/roveyayinevi.com.tr\/index.php\/wp-json\/wp\/v2\/product_brand?post=725834"},{"taxonomy":"product_cat","embeddable":true,"href":"https:\/\/roveyayinevi.com.tr\/index.php\/wp-json\/wp\/v2\/product_cat?post=725834"},{"taxonomy":"product_tag","embeddable":true,"href":"https:\/\/roveyayinevi.com.tr\/index.php\/wp-json\/wp\/v2\/product_tag?post=725834"}],"curies":[{"name":"wp","href":"https:\/\/api.w.org\/{rel}","templated":true}]}}