{"id":725833,"date":"2025-08-27T19:56:36","date_gmt":"2025-08-27T16:56:36","guid":{"rendered":"https:\/\/roveyayinevi.com.tr\/index.php\/urun\/golgeler-diyari-sihrialem-gecitleri-3\/"},"modified":"2026-04-16T02:33:38","modified_gmt":"2026-04-15T23:33:38","slug":"golgeler-diyari-sihrialem-gecitleri-3","status":"publish","type":"product","link":"https:\/\/roveyayinevi.com.tr\/index.php\/urun\/golgeler-diyari-sihrialem-gecitleri-3\/","title":{"rendered":"G\u00f6lgeler Diyar\u0131 \/ Sihrialem Ge\u00e7itleri 3"},"content":{"rendered":"<p>Sihri\u00e2lem Ge\u00e7itleri\u2019nde yeni bir diyar\u0131n kap\u0131s\u0131 a\u00e7\u0131l\u0131yor! Yoksa\u2026 kapan\u0131yor mu? Cevap vermek zor, \u00e7u\u0308nku\u0308 konu \u201cg\u00f6lgeler\u201d oldu mu, her \u015fey bildi\u011finizin tersine d\u00f6nu\u0308\u015febilir. \u00c7a\u011f\u0131l ve Berk bunu kendi g\u00f6zleriyle g\u00f6rmek u\u0308zere! Ne zaman ve nerede a\u00e7\u0131laca\u011f\u0131 hi\u00e7 belli olmayan Sihri\u00e2lem Ge\u00e7itleri, bu kez kahramanlar\u0131m\u0131z\u0131, g\u00f6lgelerin ya\u015fad\u0131\u011f\u0131 Kagenokuni\u2019ye g\u00f6tu\u0308ru\u0308yor. Biraz fen bilgisine bolca soru, merak ve hayal gu\u0308cu\u0308 eklenince, \u00e7ocuklar kendilerini, g\u00f6lgelerin ba\u015f\u0131nabuyruk kurallar\u0131na g\u00f6re i\u015fleyen, karnaval gibi diyarda buluyorlar. Bu kez, tan\u0131d\u0131klar\u0131 pek \u00e7ok kimsede onlara e\u015flik ediyor. Ancak bilmedikleri \u015fey \u015fu: G\u00f6lgeleri ne kadar tan\u0131yabilirsiniz?..<\/p>\n","protected":false},"excerpt":{"rendered":"<p>Sihri\u00e2lem Ge\u00e7itleri\u2019nde yeni bir diyar\u0131n kap\u0131s\u0131 a\u00e7\u0131l\u0131yor! Yoksa\u2026 kapan\u0131yor mu? Cevap vermek zor, \u00e7u\u0308nku\u0308 konu \u201cg\u00f6lgeler\u201d oldu mu, her \u015fey bildi\u011finizin tersine d\u00f6nu\u0308\u015febilir. \u00c7a\u011f\u0131l ve Berk<span class=\"excerpt-hellip\"> [\u2026]<\/span><\/p>\n","protected":false},"featured_media":0,"template":"","meta":{"_monsterinsights_skip_tracking":false,"_monsterinsights_sitenote_active":false,"_monsterinsights_sitenote_note":"","_monsterinsights_sitenote_category":0},"product_brand":[],"product_cat":[12291,12711],"product_tag":[],"class_list":{"0":"post-725833","1":"product","2":"type-product","3":"status-publish","5":"product_cat-edebiyat","6":"product_cat-roman-oyku","7":"pa_cilt-ciltsiz","8":"pa_tur-kitap","9":"pa_yayinevi-can-yayinlari","10":"pa_yazar-altay-oktem","12":"first","13":"instock","14":"sale","15":"shipping-taxable","16":"purchasable","17":"product-type-simple"},"_links":{"self":[{"href":"https:\/\/roveyayinevi.com.tr\/index.php\/wp-json\/wp\/v2\/product\/725833","targetHints":{"allow":["GET"]}}],"collection":[{"href":"https:\/\/roveyayinevi.com.tr\/index.php\/wp-json\/wp\/v2\/product"}],"about":[{"href":"https:\/\/roveyayinevi.com.tr\/index.php\/wp-json\/wp\/v2\/types\/product"}],"wp:attachment":[{"href":"https:\/\/roveyayinevi.com.tr\/index.php\/wp-json\/wp\/v2\/media?parent=725833"}],"wp:term":[{"taxonomy":"product_brand","embeddable":true,"href":"https:\/\/roveyayinevi.com.tr\/index.php\/wp-json\/wp\/v2\/product_brand?post=725833"},{"taxonomy":"product_cat","embeddable":true,"href":"https:\/\/roveyayinevi.com.tr\/index.php\/wp-json\/wp\/v2\/product_cat?post=725833"},{"taxonomy":"product_tag","embeddable":true,"href":"https:\/\/roveyayinevi.com.tr\/index.php\/wp-json\/wp\/v2\/product_tag?post=725833"}],"curies":[{"name":"wp","href":"https:\/\/api.w.org\/{rel}","templated":true}]}}