{"id":725831,"date":"2025-08-27T19:56:34","date_gmt":"2025-08-27T16:56:34","guid":{"rendered":"https:\/\/roveyayinevi.com.tr\/index.php\/urun\/ege-hastaneye-gidiyor\/"},"modified":"2026-04-16T02:33:38","modified_gmt":"2026-04-15T23:33:38","slug":"ege-hastaneye-gidiyor","status":"publish","type":"product","link":"https:\/\/roveyayinevi.com.tr\/index.php\/urun\/ege-hastaneye-gidiyor\/","title":{"rendered":"Ege Hastaneye Gidiyor"},"content":{"rendered":"<p>\u00c7ocuklar \u0130\u00e7in Hastanede Olmak Hakk\u0131nda Bir HikayeEge hasta olur ve hastaneye gitmek zorunda kal\u0131r. Ama daha \u00f6nce hi\u00e7 gitmedi\u011fi bir yer oldu\u011fu i\u00e7in korkuyordur! Hastanede pek \u00e7ok yeni insan vard\u0131r. Geceyi burada ge\u00e7irmek zorunda kalan Ege bir de i\u011fne olacakt\u0131r. Ama ailesinin, doktorlar\u0131n, hem\u015firelerin ve en \u00e7ok da oyuncak tav\u015fan\u0131 Jojo\u2019nun yard\u0131m\u0131yla hastanenin o kadar da korkutucu bir yer olmad\u0131\u011f\u0131n\u0131 fark eder.\u201cDr. Bennett, hastane yat\u0131\u015f\u0131n\u0131 konu ald\u0131\u011f\u0131 \u00e7ocuk merkezli hikayesine \u015fefkat ve d\u00fcr\u00fcstl\u00fck katm\u0131\u015f. Bu kitap minik okuyucular\u0131n sorular\u0131na yan\u0131t bulmalar\u0131na ve korkular\u0131n\u0131 hafifletmeye yard\u0131mc\u0131 oluyor.\u201d\u2013Mary Quattlebaum, Jackson Jones and the Puddle of Thorns\u2019un yazar\u0131\u201cUstal\u0131kla yaz\u0131lm\u0131\u015f bu hastane yat\u0131\u015f\u0131 \u00f6yk\u00fcs\u00fc, kendisini tamamen yabanc\u0131 bir ortamda bulan k\u00fc\u00e7\u00fck bir \u00e7ocu\u011fun zihnindeki sorular\u0131 empatiye ba\u015fvurarak cevapl\u0131yor ve korkular\u0131n\u0131 dindiriyor. Bu kitab\u0131 \u015fiddetle tavsiye ediyorum.\u201d\u2013Howard Fischer, M.D., Michigan \u00c7ocuk Hastanesi, Pediatri Poliklini\u011fi ve Ergen Sa\u011fl\u0131\u011f\u0131 B\u00f6l\u00fcm\u00fc Ba\u015fkan\u0131\u201cEge Hastaneye Gidiyor anne babalar\u0131n tam da arad\u0131\u011f\u0131 kaynak! Dr. Bennett \u00e7ocuklar\u0131n rutin kontrolleri veya ani hastane ziyaretleri hakk\u0131nda t\u00fcm sorulara ve korkulara sempatik ve bilgilendirici bir tav\u0131rla de\u011finmi\u015f. Bu kitap \u00e7ocuklar\u0131 hislerini ke\u015ffetmeye ve d\u00fc\u015f\u00fcncelerini ifade etmeye te\u015fvik ediyor. \u015eiddetle tavsiye ediyorum.\u201d\u2013Terry Spearman, Lisansl\u0131 \u00c7ocuk Ya\u015fam Uzman\u0131, Ulusal \u00c7ocuk Hastanesi, \u00c7ocuk Ya\u015fam Hizmetleri Ekip Lideri<\/p>\n","protected":false},"excerpt":{"rendered":"<p>\u00c7ocuklar \u0130\u00e7in Hastanede Olmak Hakk\u0131nda Bir HikayeEge hasta olur ve hastaneye gitmek zorunda kal\u0131r. Ama daha \u00f6nce hi\u00e7 gitmedi\u011fi bir yer oldu\u011fu i\u00e7in korkuyordur! Hastanede pek<span class=\"excerpt-hellip\"> [\u2026]<\/span><\/p>\n","protected":false},"featured_media":0,"template":"","meta":{"_monsterinsights_skip_tracking":false,"_monsterinsights_sitenote_active":false,"_monsterinsights_sitenote_note":"","_monsterinsights_sitenote_category":0},"product_brand":[],"product_cat":[12274,12284],"product_tag":[],"class_list":{"0":"post-725831","1":"product","2":"type-product","3":"status-publish","5":"product_cat-cocuk-ve-genclik-kitaplari","6":"product_cat-hikayeler","7":"pa_cilt-ciltsiz","8":"pa_tur-kitap","9":"pa_yayinevi-okuyan-koala","10":"pa_yazar-howard-j-bennett-m-s-weber","12":"first","13":"instock","14":"sale","15":"shipping-taxable","16":"purchasable","17":"product-type-simple"},"_links":{"self":[{"href":"https:\/\/roveyayinevi.com.tr\/index.php\/wp-json\/wp\/v2\/product\/725831","targetHints":{"allow":["GET"]}}],"collection":[{"href":"https:\/\/roveyayinevi.com.tr\/index.php\/wp-json\/wp\/v2\/product"}],"about":[{"href":"https:\/\/roveyayinevi.com.tr\/index.php\/wp-json\/wp\/v2\/types\/product"}],"wp:attachment":[{"href":"https:\/\/roveyayinevi.com.tr\/index.php\/wp-json\/wp\/v2\/media?parent=725831"}],"wp:term":[{"taxonomy":"product_brand","embeddable":true,"href":"https:\/\/roveyayinevi.com.tr\/index.php\/wp-json\/wp\/v2\/product_brand?post=725831"},{"taxonomy":"product_cat","embeddable":true,"href":"https:\/\/roveyayinevi.com.tr\/index.php\/wp-json\/wp\/v2\/product_cat?post=725831"},{"taxonomy":"product_tag","embeddable":true,"href":"https:\/\/roveyayinevi.com.tr\/index.php\/wp-json\/wp\/v2\/product_tag?post=725831"}],"curies":[{"name":"wp","href":"https:\/\/api.w.org\/{rel}","templated":true}]}}