{"id":725829,"date":"2025-08-27T19:56:26","date_gmt":"2025-08-27T16:56:26","guid":{"rendered":"https:\/\/roveyayinevi.com.tr\/index.php\/urun\/kar-kurdu-ve-canavar\/"},"modified":"2026-04-16T02:33:38","modified_gmt":"2026-04-15T23:33:38","slug":"kar-kurdu-ve-canavar","status":"publish","type":"product","link":"https:\/\/roveyayinevi.com.tr\/index.php\/urun\/kar-kurdu-ve-canavar\/","title":{"rendered":"Kar Kurdu ve Canavar"},"content":{"rendered":"<p>Duyarl\u0131 kalemiyle her kitab\u0131nda ad\u0131ndan s\u00f6z ettirmeyi ba\u015faran G\u00fczin \u00d6zt\u00fcrk, 2018 Tudem Edebiyat \u00d6d\u00fclleri&#8217;nde dereceye giren eseri Kar Kurdu ve Canavar&#8217;da, \u00e7ocuklar\u0131n d\u00fcnyas\u0131 i\u00e7in son derece &#8221;hassas&#8221; say\u0131labilecek bir konuyu, zarif ve incelikli bir \u00fcslupla ele al\u0131yor.Okurun kalbinde kanat \u00e7\u0131rpan ku\u015flara, sevmenin ve sevilmenin g\u00fcc\u00fcn\u00fc f\u0131s\u0131ldayan bu iyile\u015ftirici roman; k\u00fc\u00e7\u00fck bir k\u0131z\u0131n, ailesini bir araya getirme \u00e7abas\u0131n\u0131 konu ediniyor.Duygu y\u00fckl\u00fc hik\u00e2yesinin sat\u0131r aralar\u0131nda, k\u0131z \u00e7ocuklar\u0131n\u0131n okumas\u0131 ve kad\u0131nlar\u0131n meslek edinmesi gibi \u00f6nemli toplumsal hak ve \u00f6zg\u00fcrl\u00fcklere temas eden yazar; canavarlar\u0131n olmad\u0131\u011f\u0131, \u015fiddetten ar\u0131nd\u0131r\u0131lm\u0131\u015f bir d\u00fcnya i\u00e7in herkesi sevginin mucizesine inanmaya \u00e7a\u011f\u0131r\u0131yor. Mizgin&#8217;in sevgi ve iyilik dolu ya\u015fam\u0131, evlerine yerle\u015fen davetsiz bir Canavar y\u00fcz\u00fcnden alt\u00fcst olur. Geceleri ans\u0131z\u0131n beliren ve &#8221;sakarl\u0131\u011f\u0131&#8221; y\u00fcz\u00fcnden her yeri darmada\u011f\u0131n eden bu Canavar&#8217;\u0131n elleri mor \u00e7i\u00e7eklerle bezeli, kalbi ise ta\u015ftand\u0131r. Sevmekten aciz bu sarsak Canavar&#8217;\u0131n yaratt\u0131\u011f\u0131 tahribat yetmezmi\u015f gibi, k\u00f6ye inen bir Kar Kurdu&#8217;nun izini s\u00fcrmek i\u00e7in epeydir eve u\u011framayan babas\u0131n\u0131n eksikli\u011fi, Mizgin&#8217;i bamba\u015fka bir ger\u00e7ekli\u011fe s\u00fcr\u00fckler. Ruhunda kopan f\u0131rt\u0131nalar\u0131 bertaraf etmeye \u00e7al\u0131\u015f\u0131rken bedeni zay\u0131f d\u00fc\u015fen Mizgin, teselliyi d\u00fc\u015flerinde bulur. Hayal d\u00fcnyas\u0131nda Kar Kurdu ile Canavar&#8217;\u0131 kar\u015f\u0131 kar\u015f\u0131ya getiren k\u00fc\u00e7\u00fck k\u0131z, \u00e7ok ge\u00e7meden kimin av kimin avc\u0131 oldu\u011funu sorgulamaya ba\u015flar. Ger\u00e7ekte uzak durulmas\u0131 gereken Canavar kimdir? K\u00f6y\u00fcn tavuklar\u0131na dadanan Kar Kurdu mu, yoksa Mizgin&#8217;lerin evini mesken tutan zalim canavar m\u0131?Sevginin de\u011fi\u015ftirici g\u00fcc\u00fcn\u00fc, dokunakl\u0131 bir hik\u00e2ye arac\u0131l\u0131\u011f\u0131yla anlatan Kar Kurdu ve Canavar, ne pahas\u0131na olursa olsun inand\u0131\u011f\u0131m\u0131z ger\u00e7eklerden vazge\u00e7mememiz gerekti\u011fini savunuyor.<\/p>\n","protected":false},"excerpt":{"rendered":"<p>Duyarl\u0131 kalemiyle her kitab\u0131nda ad\u0131ndan s\u00f6z ettirmeyi ba\u015faran G\u00fczin \u00d6zt\u00fcrk, 2018 Tudem Edebiyat \u00d6d\u00fclleri&#8217;nde dereceye giren eseri Kar Kurdu ve Canavar&#8217;da, \u00e7ocuklar\u0131n d\u00fcnyas\u0131 i\u00e7in son derece<span class=\"excerpt-hellip\"> [\u2026]<\/span><\/p>\n","protected":false},"featured_media":0,"template":"","meta":{"_monsterinsights_skip_tracking":false,"_monsterinsights_sitenote_active":false,"_monsterinsights_sitenote_note":"","_monsterinsights_sitenote_category":0},"product_brand":[],"product_cat":[12275,12274],"product_tag":[],"class_list":{"0":"post-725829","1":"product","2":"type-product","3":"status-publish","5":"product_cat-6-12-yas-kitaplari","6":"product_cat-cocuk-ve-genclik-kitaplari","7":"pa_cilt-ciltsiz","8":"pa_tur-kitap","9":"pa_yayinevi-tudem-yayinlari","10":"pa_yazar-guzin-ozturk","12":"first","13":"instock","14":"sale","15":"shipping-taxable","16":"purchasable","17":"product-type-simple"},"_links":{"self":[{"href":"https:\/\/roveyayinevi.com.tr\/index.php\/wp-json\/wp\/v2\/product\/725829","targetHints":{"allow":["GET"]}}],"collection":[{"href":"https:\/\/roveyayinevi.com.tr\/index.php\/wp-json\/wp\/v2\/product"}],"about":[{"href":"https:\/\/roveyayinevi.com.tr\/index.php\/wp-json\/wp\/v2\/types\/product"}],"wp:attachment":[{"href":"https:\/\/roveyayinevi.com.tr\/index.php\/wp-json\/wp\/v2\/media?parent=725829"}],"wp:term":[{"taxonomy":"product_brand","embeddable":true,"href":"https:\/\/roveyayinevi.com.tr\/index.php\/wp-json\/wp\/v2\/product_brand?post=725829"},{"taxonomy":"product_cat","embeddable":true,"href":"https:\/\/roveyayinevi.com.tr\/index.php\/wp-json\/wp\/v2\/product_cat?post=725829"},{"taxonomy":"product_tag","embeddable":true,"href":"https:\/\/roveyayinevi.com.tr\/index.php\/wp-json\/wp\/v2\/product_tag?post=725829"}],"curies":[{"name":"wp","href":"https:\/\/api.w.org\/{rel}","templated":true}]}}