{"id":725828,"date":"2025-08-27T19:56:26","date_gmt":"2025-08-27T16:56:26","guid":{"rendered":"https:\/\/roveyayinevi.com.tr\/index.php\/urun\/turk-siyasi-tarihine-damgasini-vuran-gumushanevi-dergahinin-islam-ekonomisine-katkilari\/"},"modified":"2026-04-16T02:33:38","modified_gmt":"2026-04-15T23:33:38","slug":"turk-siyasi-tarihine-damgasini-vuran-gumushanevi-dergahinin-islam-ekonomisine-katkilari","status":"publish","type":"product","link":"https:\/\/roveyayinevi.com.tr\/index.php\/urun\/turk-siyasi-tarihine-damgasini-vuran-gumushanevi-dergahinin-islam-ekonomisine-katkilari\/","title":{"rendered":"T\u00fcrk Siyasi Tarihine Damgas\u0131n\u0131 Vuran G\u00fcm\u00fc\u015fhanevi Dergah\u0131n\u0131n \u0130slam Ekonomisine Katk\u0131lar\u0131"},"content":{"rendered":"<p>\u0130\u00e7indekiler 1.\u0130slam Ekonomisi Ve Nak\u015fibendili\u011fin Osmanl\u0131 Devleti\u2019ne Etkileri I.\u0130slam \u0130ktisad\u0131 II.Tasavvufun Ortaya \u00c7\u0131k\u0131\u015f\u0131 III.Tasavvufun \u0130ktisadi Hayata Etkisi IV.Nak\u015fibendilik ve Osmanl\u0131 Devleti\u2019nde Sosyoekonomik Etkileri2.G\u00fcm\u00fc\u015fhanevi Dergah\u0131\u2019n\u0131n Kurulmas\u0131ndan \u00d6nceki Geli\u015fmeler I.G\u00fcm\u00fc\u015fhanevi Dergah\u0131\u2019n\u0131n Kurulmas\u0131ndan \u00d6nceki Geli\u015fmeler II.Ahi Te\u015fkilat\u0131n\u0131n Sosyoekonomik Analizi III.Balta Liman\u0131 Ticaret Antla\u015fmas\u0131 \u00d6ncesi Durum IV.Balta Liman\u0131 Ticaret Antla\u015fmas\u0131 ve Osmanl\u0131 \u0130ktisad\u0131nda Geli\u015fmeler  V.Ahlaki \u00c7\u00f6k\u00fcnt\u00fc ve Zihniyet De\u011fi\u015fikli\u011fi3.G\u00fcm\u00fc\u015fhanevi Dergah\u0131 Ve T\u00fcrkiye\u2019de \u0130slam \u0130ktisad\u0131na Katk\u0131lar\u0131 I.Genel Olarak  II.G\u00fcm\u00fc\u015fhanevi\u2019nin Hayat\u0131, Dergah\u0131n Kurulu\u015fu ve Tarih\u00e7esi III.G\u00fcm\u00fc\u015fhanevi Dergah\u0131\u2019n\u0131n Amac\u0131 IV.G\u00fcm\u00fc\u015fhanevi Dergah\u0131\u2019n\u0131n \u0130slam \u0130ktisad\u0131na Katk\u0131lar\u0131<\/p>\n","protected":false},"excerpt":{"rendered":"<p>\u0130\u00e7indekiler 1.\u0130slam Ekonomisi Ve Nak\u015fibendili\u011fin Osmanl\u0131 Devleti\u2019ne Etkileri I.\u0130slam \u0130ktisad\u0131 II.Tasavvufun Ortaya \u00c7\u0131k\u0131\u015f\u0131 III.Tasavvufun \u0130ktisadi Hayata Etkisi IV.Nak\u015fibendilik ve Osmanl\u0131 Devleti\u2019nde Sosyoekonomik Etkileri2.G\u00fcm\u00fc\u015fhanevi Dergah\u0131\u2019n\u0131n Kurulmas\u0131ndan \u00d6nceki<span class=\"excerpt-hellip\"> [\u2026]<\/span><\/p>\n","protected":false},"featured_media":0,"template":"","meta":{"_monsterinsights_skip_tracking":false,"_monsterinsights_sitenote_active":false,"_monsterinsights_sitenote_note":"","_monsterinsights_sitenote_category":0},"product_brand":[],"product_cat":[13043,14144],"product_tag":[],"class_list":{"0":"post-725828","1":"product","2":"type-product","3":"status-publish","5":"product_cat-ekonomi","6":"product_cat-turkiye-ekonomisi","7":"pa_cilt-ciltsiz","8":"pa_tur-kitap","9":"pa_yayinevi-gazi-kitabevi","10":"pa_yazar-kenan-aydin","12":"first","13":"instock","14":"sale","15":"shipping-taxable","16":"purchasable","17":"product-type-simple"},"_links":{"self":[{"href":"https:\/\/roveyayinevi.com.tr\/index.php\/wp-json\/wp\/v2\/product\/725828","targetHints":{"allow":["GET"]}}],"collection":[{"href":"https:\/\/roveyayinevi.com.tr\/index.php\/wp-json\/wp\/v2\/product"}],"about":[{"href":"https:\/\/roveyayinevi.com.tr\/index.php\/wp-json\/wp\/v2\/types\/product"}],"wp:attachment":[{"href":"https:\/\/roveyayinevi.com.tr\/index.php\/wp-json\/wp\/v2\/media?parent=725828"}],"wp:term":[{"taxonomy":"product_brand","embeddable":true,"href":"https:\/\/roveyayinevi.com.tr\/index.php\/wp-json\/wp\/v2\/product_brand?post=725828"},{"taxonomy":"product_cat","embeddable":true,"href":"https:\/\/roveyayinevi.com.tr\/index.php\/wp-json\/wp\/v2\/product_cat?post=725828"},{"taxonomy":"product_tag","embeddable":true,"href":"https:\/\/roveyayinevi.com.tr\/index.php\/wp-json\/wp\/v2\/product_tag?post=725828"}],"curies":[{"name":"wp","href":"https:\/\/api.w.org\/{rel}","templated":true}]}}