{"id":725826,"date":"2025-08-27T19:56:24","date_gmt":"2025-08-27T16:56:24","guid":{"rendered":"https:\/\/roveyayinevi.com.tr\/index.php\/urun\/gencligin-kitabi\/"},"modified":"2026-04-05T02:41:00","modified_gmt":"2026-04-04T23:41:00","slug":"gencligin-kitabi","status":"publish","type":"product","link":"https:\/\/roveyayinevi.com.tr\/index.php\/urun\/gencligin-kitabi\/","title":{"rendered":"Gen\u00e7li\u011fin Kitab\u0131"},"content":{"rendered":"<p>\u2026\u201cNerede kalm\u0131\u015ft\u0131k&#8230;\u201d Dedi Azra. \u201cGen\u00e7lerden s\u00f6z ediyorduk\u201d dedi kitap\u00e7\u0131. \u201cGen\u00e7li\u011fimizi \u00e7ok iyi yeti\u015ftiremiyoruz. Orta \u00f6\u011fretimden \u00e7ok donan\u0131ml\u0131 gelmiyorlar. D\u00fcnyay\u0131 anlamakta, alg\u0131lamakta g\u00fc\u00e7l\u00fck \u00e7ekiyorlar. \u00d6zg\u00fcvenleri yetersiz. Erken vakitte gelecek kayg\u0131s\u0131yla tan\u0131\u015f\u0131yorlar. Kolayca tahriklere kap\u0131l\u0131yorlar. Kafalar\u0131 kar\u0131\u015f\u0131k.  Hepsi de\u011fil ama bu durumda olan \u00e7ok gencimiz var.\u201dK\u0131zlar ba\u015flar\u0131yla onaylad\u0131lar adam\u0131. \u201cBen kitap satarken \u00fclkenin her yerini geziyorum. Gen\u00e7li\u011fin durumunu da en az aileleri, hocalar\u0131 kadar biliyorum. Evet, s\u0131k\u0131nt\u0131lar\u0131m\u0131z var. \u0130\u015f ve ekmek hesab\u0131 yapan gen\u00e7 n\u00fcfusumuz \u00e7ok. Buna kar\u015f\u0131l\u0131k giri\u015fimcimiz \u00e7ok az, beceri sahibi ara elaman\u0131m\u0131z yetersiz. \u00dclkenin ekonomik olanaklar\u0131 gen\u00e7 n\u00fcfusumuz gibi h\u0131zl\u0131 artm\u0131yor. Cumhuriyet tarihi boyunca ger\u00e7ekle\u015fen darbeler, darbe giri\u015fimleri, siyasi s\u0131k\u0131nt\u0131lar gidi\u015fat\u0131 durdurarak, yava\u015flatarak baz\u0131 \u015feyleri geri b\u0131rakt\u0131k\u00e7a gen\u00e7 insanlar olumsuz etkileniyorlar.\u201d<\/p>\n","protected":false},"excerpt":{"rendered":"<p>\u2026\u201cNerede kalm\u0131\u015ft\u0131k&#8230;\u201d Dedi Azra. \u201cGen\u00e7lerden s\u00f6z ediyorduk\u201d dedi kitap\u00e7\u0131. \u201cGen\u00e7li\u011fimizi \u00e7ok iyi yeti\u015ftiremiyoruz. Orta \u00f6\u011fretimden \u00e7ok donan\u0131ml\u0131 gelmiyorlar. D\u00fcnyay\u0131 anlamakta, alg\u0131lamakta g\u00fc\u00e7l\u00fck \u00e7ekiyorlar. \u00d6zg\u00fcvenleri yetersiz. Erken<span class=\"excerpt-hellip\"> [\u2026]<\/span><\/p>\n","protected":false},"featured_media":0,"template":"","meta":{"_monsterinsights_skip_tracking":false,"_monsterinsights_sitenote_active":false,"_monsterinsights_sitenote_note":"","_monsterinsights_sitenote_category":0},"product_brand":[],"product_cat":[12364,12376],"product_tag":[],"class_list":{"0":"post-725826","1":"product","2":"type-product","3":"status-publish","5":"product_cat-genel-konular","6":"product_cat-kisisel-gelisim","7":"pa_cilt-ciltsiz","8":"pa_tur-kitap","9":"pa_yayinevi-gulnar-yayinlari","10":"pa_yazar-sahbettin-ali","12":"first","13":"instock","14":"sale","15":"shipping-taxable","16":"purchasable","17":"product-type-simple"},"_links":{"self":[{"href":"https:\/\/roveyayinevi.com.tr\/index.php\/wp-json\/wp\/v2\/product\/725826","targetHints":{"allow":["GET"]}}],"collection":[{"href":"https:\/\/roveyayinevi.com.tr\/index.php\/wp-json\/wp\/v2\/product"}],"about":[{"href":"https:\/\/roveyayinevi.com.tr\/index.php\/wp-json\/wp\/v2\/types\/product"}],"wp:attachment":[{"href":"https:\/\/roveyayinevi.com.tr\/index.php\/wp-json\/wp\/v2\/media?parent=725826"}],"wp:term":[{"taxonomy":"product_brand","embeddable":true,"href":"https:\/\/roveyayinevi.com.tr\/index.php\/wp-json\/wp\/v2\/product_brand?post=725826"},{"taxonomy":"product_cat","embeddable":true,"href":"https:\/\/roveyayinevi.com.tr\/index.php\/wp-json\/wp\/v2\/product_cat?post=725826"},{"taxonomy":"product_tag","embeddable":true,"href":"https:\/\/roveyayinevi.com.tr\/index.php\/wp-json\/wp\/v2\/product_tag?post=725826"}],"curies":[{"name":"wp","href":"https:\/\/api.w.org\/{rel}","templated":true}]}}