{"id":725823,"date":"2025-08-27T19:56:22","date_gmt":"2025-08-27T16:56:22","guid":{"rendered":"https:\/\/roveyayinevi.com.tr\/index.php\/urun\/mogollar-ve-turkler-tarihsel-baglar\/"},"modified":"2026-04-16T02:33:38","modified_gmt":"2026-04-15T23:33:38","slug":"mogollar-ve-turkler-tarihsel-baglar","status":"publish","type":"product","link":"https:\/\/roveyayinevi.com.tr\/index.php\/urun\/mogollar-ve-turkler-tarihsel-baglar\/","title":{"rendered":"Mo\u011follar Ve T\u00fcrkler Tarihsel Ba\u011flar"},"content":{"rendered":"<p>Proto-Mo\u011fol topluluklar\u0131yla Eski T\u00fcrklerin k\u00fclt\u00fcrel ili\u015fki ve yak\u0131nl\u0131klar\u0131ndan ba\u015flayarak Cengiz Han\u2019\u0131n kurdu\u011fu muazzam imparatorluk taraf\u0131ndan a\u00e7\u0131lan \u00e7\u0131\u011f\u0131rla daha da peki\u015fen T\u00fcrk-Mo\u011fol al\u0131\u015fveri\u015finin sosyal, ekonomik ve siyasi y\u00f6nlerini temel hatlar\u0131yla ele al\u0131p ayd\u0131nlatan bu \u00e7al\u0131\u015fmada, \u00f6nemli d\u00f6neme\u00e7ler g\u00f6zetilerek b\u00fct\u00fcnl\u00fckl\u00fc bir tarih anlay\u0131\u015f\u0131 \u00e7er\u00e7evesinde, sonu\u00e7lara ula\u015f\u0131lm\u0131\u015ft\u0131r. Kitap, Mo\u011fol b\u00fcrokrasisinde T\u00fcrklerin rol\u00fcnden, Ortado\u011fu co\u011frafyas\u0131na egemen olan Mo\u011fol topluluklar\u0131n\u0131n T\u00fcrkle\u015fmesi ve \u0130slamla\u015fmas\u0131nda T\u00fcrk din\u00ee anlay\u0131\u015f\u0131n\u0131n belirleyicili\u011fine, Mo\u011fol h\u00e2kimiyetinde ya\u015fanan idari meselelerden Osmanl\u0131 \u0130mparatorlu\u011fu\u2019nun kurumlar\u0131na yans\u0131yan Mo\u011fol etkilerine temel ba\u015fl\u0131klar \u00fczerinden yol g\u00f6sterici bir \u00f6zet ve daha detayl\u0131 okumalar i\u00e7in bir k\u0131lavuz niteli\u011findedir.<\/p>\n","protected":false},"excerpt":{"rendered":"<p>Proto-Mo\u011fol topluluklar\u0131yla Eski T\u00fcrklerin k\u00fclt\u00fcrel ili\u015fki ve yak\u0131nl\u0131klar\u0131ndan ba\u015flayarak Cengiz Han\u2019\u0131n kurdu\u011fu muazzam imparatorluk taraf\u0131ndan a\u00e7\u0131lan \u00e7\u0131\u011f\u0131rla daha da peki\u015fen T\u00fcrk-Mo\u011fol al\u0131\u015fveri\u015finin sosyal, ekonomik ve siyasi<span class=\"excerpt-hellip\"> [\u2026]<\/span><\/p>\n","protected":false},"featured_media":0,"template":"","meta":{"_monsterinsights_skip_tracking":false,"_monsterinsights_sitenote_active":false,"_monsterinsights_sitenote_note":"","_monsterinsights_sitenote_category":0},"product_brand":[],"product_cat":[12370,12304],"product_tag":[],"class_list":{"0":"post-725823","1":"product","2":"type-product","3":"status-publish","5":"product_cat-arastirma-inceleme","6":"product_cat-tarih","7":"pa_cilt-ciltsiz","8":"pa_tur-kitap","9":"pa_yayinevi-otuken-nesriyat","10":"pa_yazar-mustafa-uyar","12":"first","13":"instock","14":"sale","15":"shipping-taxable","16":"purchasable","17":"product-type-simple"},"_links":{"self":[{"href":"https:\/\/roveyayinevi.com.tr\/index.php\/wp-json\/wp\/v2\/product\/725823","targetHints":{"allow":["GET"]}}],"collection":[{"href":"https:\/\/roveyayinevi.com.tr\/index.php\/wp-json\/wp\/v2\/product"}],"about":[{"href":"https:\/\/roveyayinevi.com.tr\/index.php\/wp-json\/wp\/v2\/types\/product"}],"wp:attachment":[{"href":"https:\/\/roveyayinevi.com.tr\/index.php\/wp-json\/wp\/v2\/media?parent=725823"}],"wp:term":[{"taxonomy":"product_brand","embeddable":true,"href":"https:\/\/roveyayinevi.com.tr\/index.php\/wp-json\/wp\/v2\/product_brand?post=725823"},{"taxonomy":"product_cat","embeddable":true,"href":"https:\/\/roveyayinevi.com.tr\/index.php\/wp-json\/wp\/v2\/product_cat?post=725823"},{"taxonomy":"product_tag","embeddable":true,"href":"https:\/\/roveyayinevi.com.tr\/index.php\/wp-json\/wp\/v2\/product_tag?post=725823"}],"curies":[{"name":"wp","href":"https:\/\/api.w.org\/{rel}","templated":true}]}}